 

{"id":31591,"date":"2025-07-03T15:40:24","date_gmt":"2025-07-03T13:40:24","guid":{"rendered":"https:\/\/www.carrerivegauche.com\/boutique-crg\/un-coffret-en-laque-noir-fin-17eme\/"},"modified":"2025-07-03T15:40:24","modified_gmt":"2025-07-03T13:40:24","slug":"un-coffret-en-laque-noir-fin-17eme","status":"publish","type":"product","link":"https:\/\/www.carrerivegauche.com\/fr\/boutique-crg\/un-coffret-en-laque-noir-fin-17eme\/","title":{"rendered":"Un coffret en laque noir, fin 17\u00e8me"},"content":{"rendered":"<p><br data-mce-bogus=\"1\"><\/p>\n","protected":false},"excerpt":{"rendered":"<p>Un coffret en laque noir, un tiroir secret sur le cot\u00e9 droit , int\u00e9rieur laqu\u00e9 roug e fin 17\u00e8me d\u00e9but 18\u00e8me La serrure finement cisel\u00e9 , repr\u00e9sente un personnage et le devant est un d\u00e9cor de maisons avec pont, rivi\u00e8re et arbres<\/p>\n","protected":false},"featured_media":31579,"template":"","meta":[],"product_brand":[],"product_cat":[],"product_tag":[],"class_list":{"0":"post-31591","1":"product","2":"type-product","3":"status-publish","4":"has-post-thumbnail","6":"description-off","8":"first","9":"instock","10":"shipping-taxable","11":"purchasable","12":"product-type-simple"},"aioseo_notices":[],"_links":{"self":[{"href":"https:\/\/www.carrerivegauche.com\/fr\/wp-json\/wp\/v2\/product\/31591","targetHints":{"allow":["GET"]}}],"collection":[{"href":"https:\/\/www.carrerivegauche.com\/fr\/wp-json\/wp\/v2\/product"}],"about":[{"href":"https:\/\/www.carrerivegauche.com\/fr\/wp-json\/wp\/v2\/types\/product"}],"wp:featuredmedia":[{"embeddable":true,"href":"https:\/\/www.carrerivegauche.com\/fr\/wp-json\/wp\/v2\/media\/31579"}],"wp:attachment":[{"href":"https:\/\/www.carrerivegauche.com\/fr\/wp-json\/wp\/v2\/media?parent=31591"}],"wp:term":[{"taxonomy":"product_brand","embeddable":true,"href":"https:\/\/www.carrerivegauche.com\/fr\/wp-json\/wp\/v2\/product_brand?post=31591"},{"taxonomy":"product_cat","embeddable":true,"href":"https:\/\/www.carrerivegauche.com\/fr\/wp-json\/wp\/v2\/product_cat?post=31591"},{"taxonomy":"product_tag","embeddable":true,"href":"https:\/\/www.carrerivegauche.com\/fr\/wp-json\/wp\/v2\/product_tag?post=31591"}],"curies":[{"name":"wp","href":"https:\/\/api.w.org\/{rel}","templated":true}]}}