 

{"id":31578,"date":"2025-07-03T15:37:07","date_gmt":"2025-07-03T13:37:07","guid":{"rendered":"https:\/\/www.carrerivegauche.com\/boutique-crg\/buste-de-femme-en-terre-cuite-par-eugene-piron\/"},"modified":"2025-07-03T15:37:07","modified_gmt":"2025-07-03T13:37:07","slug":"buste-de-femme-en-terre-cuite-par-eugene-piron","status":"publish","type":"product","link":"https:\/\/www.carrerivegauche.com\/fr\/boutique-crg\/buste-de-femme-en-terre-cuite-par-eugene-piron\/","title":{"rendered":"Buste de femme en terre cuite par Eug\u00e8ne PIRON"},"content":{"rendered":"<p>Il s\u2019est fait conna\u00eetre pour ses sculptures comm\u00e9moratives, ses bustes et ses m\u00e9dailles, souvent marqu\u00e9s par un style acad\u00e9mique et une grande finesse de d\u00e9tail. Il a expos\u00e9 r\u00e9guli\u00e8rement au Salon des artistes fran\u00e7ais et a re\u00e7u plusieurs distinctions pour ses \u0153uvres.<\/p>\n<p>Certaines de ses sculptures ornent encore des monuments publics en Bourgogne et \u00e0 Paris. Son travail illustre bien la tradition de la sculpture figurative fran\u00e7aise de la fin du XIXe et du d\u00e9but du XXe si\u00e8cle.<\/p>\n","protected":false},"excerpt":{"rendered":"<p>Eug\u00e8ne PIRON (1875-1928)<br \/>\u00e9tait un sculpteur et m\u00e9dailleur fran\u00e7ais. \u00c9l\u00e8ve de l\u2019\u00c9cole des Beaux-Arts de Dijon, puis de l\u2019\u00c9cole des Beaux-Arts de Paris, il s\u2019est form\u00e9 aupr\u00e8s de ma\u00eetres renomm\u00e9s.<br \/>Laur\u00e9at du Prix de Rome en 1903 pour son bas-relief\u00a0<em>Dalila livre Samson aux Philistins<\/em>.<\/p>\n","protected":false},"featured_media":31560,"template":"","meta":[],"product_brand":[],"product_cat":[],"product_tag":[],"class_list":{"0":"post-31578","1":"product","2":"type-product","3":"status-publish","4":"has-post-thumbnail","6":"description-off","8":"first","9":"instock","10":"shipping-taxable","11":"purchasable","12":"product-type-simple"},"aioseo_notices":[],"_links":{"self":[{"href":"https:\/\/www.carrerivegauche.com\/fr\/wp-json\/wp\/v2\/product\/31578","targetHints":{"allow":["GET"]}}],"collection":[{"href":"https:\/\/www.carrerivegauche.com\/fr\/wp-json\/wp\/v2\/product"}],"about":[{"href":"https:\/\/www.carrerivegauche.com\/fr\/wp-json\/wp\/v2\/types\/product"}],"wp:featuredmedia":[{"embeddable":true,"href":"https:\/\/www.carrerivegauche.com\/fr\/wp-json\/wp\/v2\/media\/31560"}],"wp:attachment":[{"href":"https:\/\/www.carrerivegauche.com\/fr\/wp-json\/wp\/v2\/media?parent=31578"}],"wp:term":[{"taxonomy":"product_brand","embeddable":true,"href":"https:\/\/www.carrerivegauche.com\/fr\/wp-json\/wp\/v2\/product_brand?post=31578"},{"taxonomy":"product_cat","embeddable":true,"href":"https:\/\/www.carrerivegauche.com\/fr\/wp-json\/wp\/v2\/product_cat?post=31578"},{"taxonomy":"product_tag","embeddable":true,"href":"https:\/\/www.carrerivegauche.com\/fr\/wp-json\/wp\/v2\/product_tag?post=31578"}],"curies":[{"name":"wp","href":"https:\/\/api.w.org\/{rel}","templated":true}]}}