 

{"id":31540,"date":"2025-07-03T13:54:47","date_gmt":"2025-07-03T11:54:47","guid":{"rendered":"https:\/\/www.carrerivegauche.com\/boutique-crg\/paire-de-lampes-en-ceramique-par-jean-jacques-roger-maison-jean-roger-paris-france-vers-1960\/"},"modified":"2025-11-27T13:22:33","modified_gmt":"2025-11-27T12:22:33","slug":"paire-de-lampes-en-ceramique-par-jean-jacques-roger-maison-jean-roger-paris-france-vers-1960","status":"publish","type":"product","link":"https:\/\/www.carrerivegauche.com\/fr\/boutique-crg\/paire-de-lampes-en-ceramique-par-jean-jacques-roger-maison-jean-roger-paris-france-vers-1960\/","title":{"rendered":"Paire de lampes en c\u00e9ramique, par Jean-Jacques Roger, Maison Jean Roger, Paris, France, vers 1960"},"content":{"rendered":"<p>Deux lampes \u00e0 poser en c\u00e9ramique peinte en trompe l\u2019\u0153il de bois, d\u00e9cores<br \/>d\u2019un filet en arabesque de style Applewhite. Sign\u00e9es en creux sous la<br \/>base.<\/p>\n<p>Two ceramic table lamps painted in trompe l\u2019oeil of wood, decorated with<br \/>an Applewhite-style arabesque fillet. Signed below the base.<\/p>\n","protected":false},"excerpt":{"rendered":"<p><span class=\"title\">Pair of ceramic lamps, by <a href=\"https:\/\/galerie-canavese.com\/en\/category\/luminaires\/lampes\/?taxo=designer&amp;id=782\">Jean-Jacques Roger<\/a>, <a href=\"https:\/\/galerie-canavese.com\/en\/category\/luminaires\/lampes\/?taxo=marque&amp;id=781\">Maison Jean Roger<\/a>, <em class=\"title_town\"><a href=\"https:\/\/galerie-canavese.com\/en\/category\/luminaires\/lampes\/?taxo=town&amp;id=401\">Paris<\/a><\/em>, <em class=\"title_country\"><a href=\"https:\/\/galerie-canavese.com\/en\/category\/luminaires\/lampes\/?taxo=country&amp;id=30\">France<\/a><\/em>, <em class=\"date_country\"> circa <a href=\"https:\/\/galerie-canavese.com\/en\/category\/luminaires\/lampes\/?taxo=year&amp;id=174&amp;mod=1960\">1960<\/a><\/em><\/span><\/p>\n","protected":false},"featured_media":31522,"template":"","meta":[],"product_brand":[],"product_cat":[],"product_tag":[],"class_list":{"0":"post-31540","1":"product","2":"type-product","3":"status-publish","4":"has-post-thumbnail","6":"description-off","8":"first","9":"instock","10":"shipping-taxable","11":"product-type-simple"},"aioseo_notices":[],"_links":{"self":[{"href":"https:\/\/www.carrerivegauche.com\/fr\/wp-json\/wp\/v2\/product\/31540","targetHints":{"allow":["GET"]}}],"collection":[{"href":"https:\/\/www.carrerivegauche.com\/fr\/wp-json\/wp\/v2\/product"}],"about":[{"href":"https:\/\/www.carrerivegauche.com\/fr\/wp-json\/wp\/v2\/types\/product"}],"wp:featuredmedia":[{"embeddable":true,"href":"https:\/\/www.carrerivegauche.com\/fr\/wp-json\/wp\/v2\/media\/31522"}],"wp:attachment":[{"href":"https:\/\/www.carrerivegauche.com\/fr\/wp-json\/wp\/v2\/media?parent=31540"}],"wp:term":[{"taxonomy":"product_brand","embeddable":true,"href":"https:\/\/www.carrerivegauche.com\/fr\/wp-json\/wp\/v2\/product_brand?post=31540"},{"taxonomy":"product_cat","embeddable":true,"href":"https:\/\/www.carrerivegauche.com\/fr\/wp-json\/wp\/v2\/product_cat?post=31540"},{"taxonomy":"product_tag","embeddable":true,"href":"https:\/\/www.carrerivegauche.com\/fr\/wp-json\/wp\/v2\/product_tag?post=31540"}],"curies":[{"name":"wp","href":"https:\/\/api.w.org\/{rel}","templated":true}]}}