 

{"id":31490,"date":"2025-07-03T13:40:26","date_gmt":"2025-07-03T11:40:26","guid":{"rendered":"https:\/\/www.carrerivegauche.com\/boutique-crg\/lampadaire-a-trois-bras-de-lumiere-editions-maison-lunel-paris-france-vers-1950\/"},"modified":"2025-11-27T13:20:26","modified_gmt":"2025-11-27T12:20:26","slug":"lampadaire-a-trois-bras-de-lumiere-editions-maison-lunel-paris-france-vers-1950","status":"publish","type":"product","link":"https:\/\/www.carrerivegauche.com\/fr\/boutique-crg\/lampadaire-a-trois-bras-de-lumiere-editions-maison-lunel-paris-france-vers-1950\/","title":{"rendered":"Lampadaire \u00e0 trois bras de lumi\u00e8re, \u00c9ditions Maison Lunel, Paris, France, vers 1950"},"content":{"rendered":"<p><span class=\"_dda3618c\" data-tn=\"pdp-item-description-content\">Lampadaire en m\u00e9tal laqu\u00e9 noir et laiton, compos\u00e9 de trois bras lumineux en m\u00e9tal<br \/>laqu\u00e9, retenus ensemble par leur milieu par une bague de laiton et fix\u00e9s<br \/>sur une base circulaire en fonte laqu\u00e9e noire sertie d\u2019une corni\u00e8re de<br \/>laiton.<br \/>A l\u2019extr\u00e9mit\u00e9 de chaque bras se trouve un anneau de laiton termin\u00e9 par<br \/>une prise et articul\u00e9 par une rotule, supportant de part et d\u2019autre deux<br \/>abat-jour coniques diffusant la lumi\u00e8re. Abat-jour r\u00e9cents refaits \u00e0<br \/>l\u2019identique des originaux.<\/span><\/p>\n<p>Floor lamp in black lacquered metal and brass, composed of three<br \/>luminous lacquered metal arms, held together in the middle by a brass<br \/>ring and fixed to a circular black-lacquered cast-iron base set with a<br \/>brass angle.<br \/>At the end of each arm is a brass ring terminating in a socket and<br \/>hinged by a ball joint, supporting on either side two conical shades<br \/>diffusing the light. Recent lampshades identical to the originals.<\/p>\n","protected":false},"excerpt":{"rendered":"<p><span class=\"title\">Three-arm floor lamp, \u00c9ditions <a href=\"https:\/\/galerie-canavese.com\/en\/category\/luminaires\/lampadaires\/?taxo=edition&amp;id=377\">Maison Lunel<\/a>, <em class=\"title_town\"><a href=\"https:\/\/galerie-canavese.com\/en\/category\/luminaires\/lampadaires\/?taxo=town&amp;id=401\">Paris<\/a><\/em>, <em class=\"title_country\"><a href=\"https:\/\/galerie-canavese.com\/en\/category\/luminaires\/lampadaires\/?taxo=country&amp;id=30\">France<\/a><\/em>, <em class=\"date_country\"> circa <a href=\"https:\/\/galerie-canavese.com\/en\/category\/luminaires\/lampadaires\/?taxo=year&amp;id=178&amp;mod=1950\">1950<\/a><\/em><\/span><\/p>\n","protected":false},"featured_media":31466,"template":"","meta":[],"product_brand":[],"product_cat":[],"product_tag":[],"class_list":{"0":"post-31490","1":"product","2":"type-product","3":"status-publish","4":"has-post-thumbnail","6":"description-off","8":"first","9":"instock","10":"shipping-taxable","11":"product-type-simple"},"aioseo_notices":[],"_links":{"self":[{"href":"https:\/\/www.carrerivegauche.com\/fr\/wp-json\/wp\/v2\/product\/31490","targetHints":{"allow":["GET"]}}],"collection":[{"href":"https:\/\/www.carrerivegauche.com\/fr\/wp-json\/wp\/v2\/product"}],"about":[{"href":"https:\/\/www.carrerivegauche.com\/fr\/wp-json\/wp\/v2\/types\/product"}],"wp:featuredmedia":[{"embeddable":true,"href":"https:\/\/www.carrerivegauche.com\/fr\/wp-json\/wp\/v2\/media\/31466"}],"wp:attachment":[{"href":"https:\/\/www.carrerivegauche.com\/fr\/wp-json\/wp\/v2\/media?parent=31490"}],"wp:term":[{"taxonomy":"product_brand","embeddable":true,"href":"https:\/\/www.carrerivegauche.com\/fr\/wp-json\/wp\/v2\/product_brand?post=31490"},{"taxonomy":"product_cat","embeddable":true,"href":"https:\/\/www.carrerivegauche.com\/fr\/wp-json\/wp\/v2\/product_cat?post=31490"},{"taxonomy":"product_tag","embeddable":true,"href":"https:\/\/www.carrerivegauche.com\/fr\/wp-json\/wp\/v2\/product_tag?post=31490"}],"curies":[{"name":"wp","href":"https:\/\/api.w.org\/{rel}","templated":true}]}}