 

{"id":31465,"date":"2025-07-03T13:30:17","date_gmt":"2025-07-03T11:30:17","guid":{"rendered":"https:\/\/www.carrerivegauche.com\/boutique-crg\/rare-paire-de-garde-corps-de-fenetres-en-fer-forge-france-vers-1850\/"},"modified":"2025-11-27T13:17:48","modified_gmt":"2025-11-27T12:17:48","slug":"rare-paire-de-garde-corps-de-fenetres-en-fer-forge-france-vers-1850","status":"publish","type":"product","link":"https:\/\/www.carrerivegauche.com\/fr\/boutique-crg\/rare-paire-de-garde-corps-de-fenetres-en-fer-forge-france-vers-1850\/","title":{"rendered":"Rare paire de garde-corps de fen\u00eatres en fer forg\u00e9, France, vers 1850"},"content":{"rendered":"<p>Rare et superbe paire de garde-corps de fen\u00eatres XIX\u00e8me en forme de<br \/>corbeilles en fer forg\u00e9 \u00e0 d\u00e9cor de volutes, fleurs, feuilles d\u2019acanthe,<br \/>coquilles etc\u2026, dans le go\u00fbt du 18\u00e8me.<\/p>\n<p>Rare and superb pair of 19th century window railings in the shape of<br \/>wrought iron baskets decorated with scrolls, flowers, acanthus leaves,<br \/>shells, etc\u2026, in the style of the 18th century.<\/p>\n<pre class=\"tw-data-text tw-text-large tw-ta\" data-placeholder=\"Traduction\" id=\"tw-target-text\" style=\"text-align: left\" data-ved=\"2ahUKEwiJ6ICChqOOAxXuRaQEHYhPAFsQ3ewLegQICRAU\" dir=\"ltr\" aria-label=\"Texte traduit\u00a0: in the style of the 18th century\" data-mce-style=\"text-align: left;\"><br><\/pre>\n<div id=\"simple-translate\" class=\"simple-translate-system-theme\">\n<div>\n<div class=\"simple-translate-button isShow\"><\/div>\n<div class=\"simple-translate-panel \" style=\"width: 300px;height: 200px;top: 0px;left: 0px;font-size: 13px\">\n<div class=\"simple-translate-result-wrapper\" style=\"overflow: hidden\">\n<div class=\"simple-translate-move\"><\/div>\n<div class=\"simple-translate-result-contents\">\n<p class=\"simple-translate-result\" dir=\"auto\">\n<p class=\"simple-translate-candidate\" dir=\"auto\">\n<\/div>\n<\/div>\n<\/div>\n<\/div>\n<\/div>\n","protected":false},"excerpt":{"rendered":"<h3 class=\"product-title\">Rare pair of window-railings in wrought-iron,\u00a0<em class=\"title_country\"><a href=\"https:\/\/galerie-canavese.com\/en\/category\/decoration\/?taxo=country&amp;id=30\">France<\/a><\/em>, <em class=\"date_country\"> circa <a href=\"https:\/\/galerie-canavese.com\/en\/category\/decoration\/?taxo=year&amp;id=236&amp;mod=1850\">1850<\/a><\/em><\/h3>\n<p><\/p>\n","protected":false},"featured_media":31441,"template":"","meta":[],"product_brand":[],"product_cat":[],"product_tag":[],"class_list":{"0":"post-31465","1":"product","2":"type-product","3":"status-publish","4":"has-post-thumbnail","6":"description-off","8":"first","9":"instock","10":"shipping-taxable","11":"product-type-simple"},"aioseo_notices":[],"_links":{"self":[{"href":"https:\/\/www.carrerivegauche.com\/fr\/wp-json\/wp\/v2\/product\/31465","targetHints":{"allow":["GET"]}}],"collection":[{"href":"https:\/\/www.carrerivegauche.com\/fr\/wp-json\/wp\/v2\/product"}],"about":[{"href":"https:\/\/www.carrerivegauche.com\/fr\/wp-json\/wp\/v2\/types\/product"}],"wp:featuredmedia":[{"embeddable":true,"href":"https:\/\/www.carrerivegauche.com\/fr\/wp-json\/wp\/v2\/media\/31441"}],"wp:attachment":[{"href":"https:\/\/www.carrerivegauche.com\/fr\/wp-json\/wp\/v2\/media?parent=31465"}],"wp:term":[{"taxonomy":"product_brand","embeddable":true,"href":"https:\/\/www.carrerivegauche.com\/fr\/wp-json\/wp\/v2\/product_brand?post=31465"},{"taxonomy":"product_cat","embeddable":true,"href":"https:\/\/www.carrerivegauche.com\/fr\/wp-json\/wp\/v2\/product_cat?post=31465"},{"taxonomy":"product_tag","embeddable":true,"href":"https:\/\/www.carrerivegauche.com\/fr\/wp-json\/wp\/v2\/product_tag?post=31465"}],"curies":[{"name":"wp","href":"https:\/\/api.w.org\/{rel}","templated":true}]}}