 

{"id":31306,"date":"2025-04-02T11:31:51","date_gmt":"2025-04-02T09:31:51","guid":{"rendered":"https:\/\/www.carrerivegauche.com\/boutique-crg\/pierre-blanc-1909-1976-heron-pourpre\/"},"modified":"2025-04-02T11:31:51","modified_gmt":"2025-04-02T09:31:51","slug":"pierre-blanc-1909-1976-heron-pourpre","status":"publish","type":"product","link":"https:\/\/www.carrerivegauche.com\/fr\/boutique-crg\/pierre-blanc-1909-1976-heron-pourpre\/","title":{"rendered":"Pierre Blanc (1909 &#8211; 1976) H\u00e9ron pourpr\u00e9"},"content":{"rendered":"<p class=\"MsoNormal\"><span style=\"font-family: Perpetua, serif;letter-spacing: 0.1pt\">Bien que Pierre Blanc se soit int\u00e9ress\u00e9 \u00e0 l&rsquo;art figuratif, cet artiste d&rsquo;origine suisse doit sa notori\u00e9t\u00e9 \u00e0 la sculpture animali\u00e8re \u00e0 laquelle il se consacre durant les quatorze ann\u00e9es pendant<\/span><span style=\"font-family: Perpetua, serif;letter-spacing: 0.1pt\">\u00a0lesquelles\u00a0<\/span><span style=\"font-family: Perpetua, serif;letter-spacing: 0.1pt\">il s&rsquo;installe \u00e0 Paris, soit d&rsquo;octobre 1925 \u00e0 1939<\/span><span style=\"font-family: Perpetua, serif;letter-spacing: 0.1pt\">\u00a0lorsqu\u2019<\/span><span style=\"font-family: Perpetua, serif;letter-spacing: 0.1pt\">il est rappel\u00e9 en Suisse. Pendant cette p\u00e9riode il croque sur le vif les animaux en fr\u00e9quentant assid\u00fbment le Jardin des plantes, le Jardin d&rsquo;acclimatation ainsi que le Parc zoologique de Vincennes. Comme les autres artistes animaliers il \u00e9tudie leurs volumes, leurs attitudes et leurs mouvements. Il fait \u00e9galement comme beaucoup d&rsquo;entre eux la connaissance de Fran\u00e7ois Pompon et noue avec lui des liens d&rsquo;amiti\u00e9. Sur les conseils et les encouragements de ce dernier, Pierre Blanc adopte une conception synth\u00e9tique avec des formes pleines et lisses. Il est \u00e9galement sensible, en pleine p\u00e9riode Art d\u00e9co, \u00e0 une certaine g\u00e9om\u00e9trisation des formes et des d\u00e9cors emprunt\u00e9e au langage des avant-gardes artistiques.<\/span><\/p>\n<p class=\"MsoNormal\"><span style=\"font-family: Perpetua, serif;letter-spacing: 0.1pt\">Notre\u00a0<i>H\u00e9ron pourpr\u00e9<\/i>\u00a0combine \u00e0 merveille ces deux influences. De la premi\u00e8re on retrouve l&rsquo;adoption de volumes aux surfaces douces et polies et surtout la simplification \u00e0 l&rsquo;extr\u00eame de la silhouette de l\u2019\u00e9chassier qui conserve cependant ses attributs ou son attitude caract\u00e9ristiques, tels que sa huppe \u00e0 l\u2019avant et \u00e0 l\u2019arri\u00e8re de la t\u00eate, ses longues pattes, le volume important de son plumage et surtout sa mani\u00e8re de plier son long cou en S. Le d\u00e9cor g\u00e9om\u00e9trique fait d&rsquo;incrustation d&rsquo;argent, qui vient souligner le galbe de l&rsquo;oiseau, tout en renvoyant au dessin que pr\u00e9sente naturellement son plumage sur sa t\u00eate, son cou et ses ailes emprunte davantage au langage\u00a0<\/span><span style=\"font-family: Perpetua, serif;letter-spacing: 0.1pt\">Ar<\/span><span style=\"font-family: Perpetua, serif;letter-spacing: 0.1pt\">t d\u00e9co.<\/span><\/p>\n<p class=\"MsoNormal\"><span style=\"font-family: Perpetua, serif;letter-spacing: 0.1pt\">Il en r\u00e9sulte une oeuvre de grande qualit\u00e9 qui s&rsquo;impose autant par sa pr\u00e9sence que par son effet d\u00e9coratif. Il s&rsquo;agit de surcro\u00eet d&rsquo;une pi\u00e8ce extr\u00eamement rare.<\/span><\/p>\n<p class=\"MsoNormal\">\u00a0<\/p>\n","protected":false},"excerpt":{"rendered":"<p class=\"MsoNormal\"><span style=\"font-family: Perpetua, serif;letter-spacing: 0.1pt\">Bronze \u00e0 patine brun vert, niell\u00e9 d&rsquo;argent, sign\u00e9 \u00ab\u00a0Pierre Blanc\u00a0\u00bb<\/span><\/p>\n<p class=\"MsoNormal\"><span style=\"font-family: Perpetua, serif;letter-spacing: 0.1pt\">H. 45,5 x L. 15 x P. 20 cm<\/span><\/p>\n<p class=\"MsoNormal\"><span style=\"font-family: Perpetua, serif;letter-spacing: 0.1pt\">Circa\u00a0<\/span><span style=\"font-family: Perpetua, serif;letter-spacing: 0.1pt\">1930<\/span><\/p>\n<p class=\"MsoNormal\"><span style=\"font-family: Perpetua, serif;letter-spacing: 0.1pt;background-image: none;background-position: 0% 0%;background-size: auto;background-attachment: scroll\">Bibliographie: Anne Zumbach Pastori, \u00ab Pierre Blanc \u00bb,<span class=\"apple-converted-space\">\u00a0<\/span><\/span><em><span style=\"font-family: Perpetua, serif;letter-spacing: 0.1pt\">Dictionnaire sur l&rsquo;art en Suisse<\/span><\/em><span style=\"font-family: Perpetua, serif;letter-spacing: 0.1pt;background-image: none;background-position: 0% 0%;background-size: auto;background-attachment: scroll\">, Sikart, 2019;\u00a0<\/span><span style=\"font-family: Perpetua, serif\">Erika Billeter, Chantal Michetti-Prod\u2019Hom et Verena Villiger,<span class=\"apple-converted-space\">\u00a0<\/span><em>Sculptures du Mus\u00e9e cantonal des Beaux-Arts Lausanne. \u0152uvres choisies<\/em>, Lausanne, Mus\u00e9e cantonal des Beaux-Arts, 1990, p. 100-101.<\/span><span class=\"apple-converted-space\"><span style=\"font-family: Perpetua, serif;letter-spacing: 0.1pt;background-image: none;background-position: 0% 0%;background-size: auto;background-attachment: scroll\">\u00a0<\/span><\/span><span style=\"font-family: Perpetua, serif;letter-spacing: 0.1pt\"><\/span><\/p>\n<p class=\"MsoNormal\"><span style=\"font-family: Perpetua, serif;letter-spacing: 0.1pt\">\u00a0<\/span><\/p>\n","protected":false},"featured_media":31282,"template":"","meta":[],"product_brand":[],"product_cat":[],"product_tag":[],"class_list":{"0":"post-31306","1":"product","2":"type-product","3":"status-publish","4":"has-post-thumbnail","6":"description-off","8":"first","9":"instock","10":"shipping-taxable","11":"product-type-simple"},"aioseo_notices":[],"_links":{"self":[{"href":"https:\/\/www.carrerivegauche.com\/fr\/wp-json\/wp\/v2\/product\/31306","targetHints":{"allow":["GET"]}}],"collection":[{"href":"https:\/\/www.carrerivegauche.com\/fr\/wp-json\/wp\/v2\/product"}],"about":[{"href":"https:\/\/www.carrerivegauche.com\/fr\/wp-json\/wp\/v2\/types\/product"}],"wp:featuredmedia":[{"embeddable":true,"href":"https:\/\/www.carrerivegauche.com\/fr\/wp-json\/wp\/v2\/media\/31282"}],"wp:attachment":[{"href":"https:\/\/www.carrerivegauche.com\/fr\/wp-json\/wp\/v2\/media?parent=31306"}],"wp:term":[{"taxonomy":"product_brand","embeddable":true,"href":"https:\/\/www.carrerivegauche.com\/fr\/wp-json\/wp\/v2\/product_brand?post=31306"},{"taxonomy":"product_cat","embeddable":true,"href":"https:\/\/www.carrerivegauche.com\/fr\/wp-json\/wp\/v2\/product_cat?post=31306"},{"taxonomy":"product_tag","embeddable":true,"href":"https:\/\/www.carrerivegauche.com\/fr\/wp-json\/wp\/v2\/product_tag?post=31306"}],"curies":[{"name":"wp","href":"https:\/\/api.w.org\/{rel}","templated":true}]}}