 

{"id":31281,"date":"2025-04-02T11:28:03","date_gmt":"2025-04-02T09:28:03","guid":{"rendered":"https:\/\/www.carrerivegauche.com\/boutique-crg\/navellier-edouard-1865-1944-rhinoceros-de-linde-1907\/"},"modified":"2025-04-02T11:28:03","modified_gmt":"2025-04-02T09:28:03","slug":"navellier-edouard-1865-1944-rhinoceros-de-linde-1907","status":"publish","type":"product","link":"https:\/\/www.carrerivegauche.com\/fr\/boutique-crg\/navellier-edouard-1865-1944-rhinoceros-de-linde-1907\/","title":{"rendered":"NAVELLIER Edouard (1865-1944) Rhinoc\u00e9ros de l\u2019Inde (1907)"},"content":{"rendered":"<p class=\"MsoNormal\" style=\"margin: 0cm;font-size: medium;font-family: Calibri, sans-serif;text-align: justify\"><span style=\"font-family: Garamond, serif\">Edouard Navellier, paradoxalement, n\u2019a pas eu une formation de sculpteur, puisqu\u2019il n\u2019a jamais travaill\u00e9 dans un atelier de sculpture. Il a eu une \u00e9ducation artistique g\u00e9n\u00e9rale, en s\u2019initiant \u00e0 la gravure et au dessin, puis \u00e0 la peinture. C\u2019est ainsi qu\u2019il travailla entre autres dans l\u2019atelier du peintre d\u2019histoire Jean-Paul Laurens (1838-1921), ce qui explique la d\u00e9dicace de notre bronze. Navellier a compl\u00e9t\u00e9 cette formation par un apprentissage scientifique de l\u2019anatomie, en suivant les cours de Mathias Duval \u00e0 la Facult\u00e9 de m\u00e9decine et, au Museum, ceux de A. Milne Edwards\u00a0; passionn\u00e9 par l\u2019\u00e9tude des os et des articulations, il s\u2019\u00e9tait constitu\u00e9 une collection bien fournie. Le sculpteur avait besoin d\u2019avoir ses mod\u00e8les constamment sous les yeux\u00a0; pour les grands fauves, il lui fallait visiter le Jardin des Plantes ou le Jardin d\u2019acclimatation et il se rendit aussi, parfois, dans certains jardins zoologiques \u00e0 l\u2019\u00e9tranger\u00a0; mais il avait chez lui, dans son propre jardin, toute une m\u00e9nagerie d\u2019animaux familiers dont certains de grande taille.<\/span><\/p>\n<p class=\"MsoNormal\" style=\"margin: 0cm;font-size: medium;font-family: Calibri, sans-serif;text-align: justify\"><span style=\"font-family: Garamond, serif\">\u00a0<\/span><\/p>\n<p class=\"MsoNormal\" style=\"margin: 0cm;font-size: medium;font-family: Calibri, sans-serif;text-align: justify\"><span style=\"font-family: Garamond, serif\">Ses recherches l\u2019amen\u00e8rent \u00e0 styliser les formes et les profils. L\u2019articulation des volumes est subordonn\u00e9e comme ici \u00e0 une forme g\u00e9n\u00e9rale qui les simplifie et qui fait sentir leur continuit\u00e9 vivante. Le\u00a0<i>Rhinoc\u00e9ros de l\u2019Inde\u00a0<\/i>est significatif de cette architecture simplificatrice et de cette vigoureuse densit\u00e9 des volumes qui accentuent la puissance contenue du pachyderme au repos.<\/span><\/p>\n<p class=\"MsoNormal\" style=\"margin: 0cm;font-size: medium;font-family: Calibri, sans-serif;text-align: justify\"><span style=\"font-family: Garamond, serif\">\u00a0<\/span><\/p>\n<p class=\"MsoNormal\" style=\"margin: 0cm;font-size: medium;font-family: Calibri, sans-serif;text-align: justify\"><span style=\"font-family: Garamond, serif\">Le mod\u00e8le con\u00e7u en 1907 est particuli\u00e8rement important dans son \u0153uvre\u00a0; il fut expos\u00e9 \u00e0 de nombreuses reprises\u00a0: Salon d\u2019Automne, 1907\u00a0; Exposition internationale de la chasse, Vienne (Autriche), 1910\u00a0; 1<sup>er<\/sup>\u00a0Salon de la Soci\u00e9t\u00e9 des artistes animaliers, 1913\u00a0; 4<sup>e<\/sup>\u00a0Salon de la Soci\u00e9t\u00e9 des artistes animaliers, 1922 ; Exposition d\u2019art fran\u00e7ais contemporain au Japon, 1928 ; Exposition de la Royal Scottish Academy, Edimbourg, 1930 ; Les animaliers contemporains, 1934 ; Salon d\u2019Automne, 1945 ; L\u2019animal de Lascaux \u00e0 Picasso, 1976. Model\u00e9 \u00e0 Anvers en 1909, notre exemplaire rare sur le march\u00e9, traduit toute l\u2019attention que le sculpteur portait \u00e0 cette \u0153uvre puisqu\u2019il a pris le soin de mentionner qu\u2019il l\u2019a lui-m\u00eame cisel\u00e9e et patin\u00e9e.\u00a0<\/span><\/p>\n","protected":false},"excerpt":{"rendered":"<p class=\"MsoNormal\" style=\"margin: 0cm;font-size: medium;font-family: Calibri, sans-serif\"><span style=\"font-size: 11pt;font-family: Garamond, serif\">Bronze \u00e0 patine brune et dor\u00e9e. Sign\u00e9 \u00ab E.Navellier \u00bb.<\/span><\/p>\n<p class=\"MsoNormal\" style=\"margin: 0cm;font-size: medium;font-family: Calibri, sans-serif\"><span style=\"font-size: 11pt;font-family: Garamond, serif\">Porte une d\u00e9dicace sous la fonte :\u00a0<i>D\u00e9di\u00e9 \u00e0 mon cher et v\u00e9n\u00e9r\u00e9 ma\u00eetre Jean-Paul Laurens \u00ab rhinoc\u00e9ros de l\u2019Inde\u00bb , bronze cisel\u00e9 et patin\u00e9 par moi pour monsieur Andr\u00e9 Edmond Pirlot\u00bb Paris d\u00e9c 1917. model\u00e9 \u00e0 Anvers en 1909. E.Navellier \u00e9diteur de ses oeuvres.<\/i><\/span><span style=\"font-family: Garamond, serif\"><\/span><\/p>\n<p class=\"MsoNormal\" style=\"margin: 0cm;font-size: medium;font-family: Calibri, sans-serif\"><span style=\"font-size: 11pt;font-family: Garamond, serif\">H. 20 x L. 37 x P.18 cm<\/span><\/p>\n<p class=\"MsoNormal\" style=\"margin: 0cm;font-size: medium;font-family: Calibri, sans-serif\"><span style=\"font-size: 11pt;font-family: Garamond, serif\">Circa 1917<\/span><span style=\"font-family: Garamond, serif\"><\/span><\/p>\n<p class=\"MsoNormal\" style=\"margin: 0cm 0cm 12pt;font-size: medium;font-family: Calibri, sans-serif\"><span style=\"font-family: Garamond, serif\">Bibliographie\u00a0: Ren\u00e9 Julian \u00ab\u00a0Un sculpteur animalier\u00a0: Edouard Navellier (1856-1944)\u00a0\u00bb\u00a0<i>Bulletin de la soci\u00e9t\u00e9 de l\u2019art fran\u00e7ais<\/i>, pp. 299-305.<\/span><\/p>\n","protected":false},"featured_media":31260,"template":"","meta":[],"product_brand":[],"product_cat":[],"product_tag":[],"class_list":{"0":"post-31281","1":"product","2":"type-product","3":"status-publish","4":"has-post-thumbnail","6":"description-off","8":"first","9":"instock","10":"shipping-taxable","11":"product-type-simple"},"aioseo_notices":[],"_links":{"self":[{"href":"https:\/\/www.carrerivegauche.com\/fr\/wp-json\/wp\/v2\/product\/31281","targetHints":{"allow":["GET"]}}],"collection":[{"href":"https:\/\/www.carrerivegauche.com\/fr\/wp-json\/wp\/v2\/product"}],"about":[{"href":"https:\/\/www.carrerivegauche.com\/fr\/wp-json\/wp\/v2\/types\/product"}],"wp:featuredmedia":[{"embeddable":true,"href":"https:\/\/www.carrerivegauche.com\/fr\/wp-json\/wp\/v2\/media\/31260"}],"wp:attachment":[{"href":"https:\/\/www.carrerivegauche.com\/fr\/wp-json\/wp\/v2\/media?parent=31281"}],"wp:term":[{"taxonomy":"product_brand","embeddable":true,"href":"https:\/\/www.carrerivegauche.com\/fr\/wp-json\/wp\/v2\/product_brand?post=31281"},{"taxonomy":"product_cat","embeddable":true,"href":"https:\/\/www.carrerivegauche.com\/fr\/wp-json\/wp\/v2\/product_cat?post=31281"},{"taxonomy":"product_tag","embeddable":true,"href":"https:\/\/www.carrerivegauche.com\/fr\/wp-json\/wp\/v2\/product_tag?post=31281"}],"curies":[{"name":"wp","href":"https:\/\/api.w.org\/{rel}","templated":true}]}}