 

{"id":31259,"date":"2025-04-02T11:24:15","date_gmt":"2025-04-02T09:24:15","guid":{"rendered":"https:\/\/www.carrerivegauche.com\/boutique-crg\/eva-aeppli-1925-2015-taureau-floreal\/"},"modified":"2025-04-02T11:24:16","modified_gmt":"2025-04-02T09:24:16","slug":"eva-aeppli-1925-2015-taureau-floreal","status":"publish","type":"product","link":"https:\/\/www.carrerivegauche.com\/fr\/boutique-crg\/eva-aeppli-1925-2015-taureau-floreal\/","title":{"rendered":"Eva AEPPLI (1925-2015) Taureau Flor\u00e9al"},"content":{"rendered":"<p class=\"MsoNormal\" style=\"margin: 0cm;font-size: medium;font-family: Calibri, sans-serif;text-align: justify\"><span style=\"font-size: 11pt;font-family: Garamond, serif\">La carte astrale d\u2019Eva Aeppli nous apprend qu\u2019elle est n\u00e9e sous le signe du Taureau, que son ascendant est le Scorpion, que son milieu de Ciel se trouve en Vierge et que ses autres plan\u00e8tes occupent notamment les champs associ\u00e9s au Lion, au Cancer ou aux G\u00e9meaux. Si l\u2019astrologie suscite une certaine ferveur d\u00e8s la Renaissance ou chez les surr\u00e9alistes, elle est pour Eva une passion et le code-source de son parcours. Elle devient progressivement l\u2019un des motifs les plus saillants de sa cr\u00e9ation, \u00e0 l\u2019image de pi\u00e8ces telles\u00a0<i>Les Plan\u00e8tes, Le Zodiaque<\/i>\u00a0ou encore\u00a0<i>Quelques faiblesses humaines<\/i>, son dernier cycle de visages de bronze, dont les traits cataloguent les expressions humaines.<\/span><\/p>\n<p class=\"MsoNormal\" style=\"margin: 0cm;font-size: medium;font-family: Calibri, sans-serif;text-align: justify\"><span style=\"font-size: 11pt;font-family: Garamond, serif\">\u00a0<\/span><\/p>\n<p class=\"MsoNormal\" style=\"margin: 0cm;font-size: medium;font-family: Calibri, sans-serif;text-align: justify\"><i><span style=\"font-family: Garamond, serif\">Le Taureau flor\u00e9al\u00a0<\/span><\/i><span style=\"font-family: Garamond, serif\">fait partie des douze t\u00eates cousues fondues en bronze constituant l\u2019ensemble ambitieux qu\u2019est\u00a0<i>Le Zodiaque<\/i>\u00a0(1979-1980)- des bronzes patin\u00e9s par ses \u00e9tudes d\u2019astrologie \u2013 issus de ses mains sculptrices, de ses fines coutures presque invisibles \u00e0 la machine et de ses pointes chirurgicales ex\u00e9cut\u00e9es \u00e0 la main.\u00a0\u00a0Elles \u00e9mergent telles les rides d\u2019une physionomie singuli\u00e8re empreinte d\u2019une pr\u00e9sence physique souvent irritante, parfois \u00e9ph\u00e9m\u00e8re. Elles parlent sans prononcer de mots. Ce sont des \u00eatres inexistants, mais pourtant tr\u00e8s pr\u00e9sents dont les cicatrices dessin\u00e9es par les coutures nous submergent de sentiments ambivalents\u00a0m\u00ealant torpeur et fascination; une confrontation qui ne laisse pas indemne.<\/span><\/p>\n<p class=\"MsoNormal\" style=\"margin: 0cm;font-size: medium;font-family: Calibri, sans-serif;text-align: justify\"><span style=\"font-family: Garamond, serif\">\u00a0<\/span><\/p>\n<p class=\"MsoNormal\" style=\"margin: 0cm;font-size: medium;font-family: Calibri, sans-serif;text-align: justify\"><span style=\"font-family: Garamond, serif\">L\u2019 ensemble magnifiquement adapt\u00e9 sur des socles a \u00e9t\u00e9 expos\u00e9 dans la v\u00e9g\u00e9tation du jardin toscan de Daniel Spoerri son ami fid\u00e8le, \u00e0 Seggiano : \u00ab\u00a0En plein air, avec le ciel comme coupole, ces sculptures dialoguent avec le cosmos, dont elles sont inspir\u00e9es\u00a0\u00bb. Chacune des douze t\u00eates exprime le caract\u00e8re des signes astrologiques.\u00a0<i>Le Taureau Flor\u00e9al<\/i>, aux lourds app\u00e9tits sensoriels<i>\u00a0<\/i>se situe au centre de la composition, \u00e9tag\u00e9e sur trois niveaux.<\/span><\/p>\n<p class=\"MsoNormal\" style=\"margin: 0cm;font-size: medium;font-family: Calibri, sans-serif\"><span style=\"font-family: Garamond, serif\">\u00a0<\/span><\/p>\n<p class=\"MsoNormal\" style=\"margin: 0cm;font-size: medium;font-family: Calibri, sans-serif\"><span style=\"font-family: Garamond, serif\">Il existe 8 exemplaires du\u00a0<i>Taureau Flor\u00e9al<\/i>. Notre \u00e9preuve, la num\u00e9ro 6, a \u00e9t\u00e9 command\u00e9e par l\u2019artiste et fondue en juillet 1991 par la fonderie Susse qui est parvenue \u00e0 conserver la douceur et la d\u00e9licatesse des coutures sur la soie.<\/span><\/p>\n<p class=\"MsoNormal\" style=\"margin: 0cm 0cm 12pt;font-size: medium;font-family: Calibri, sans-serif\"><span style=\"font-family: Garamond, serif\">\u00a0<\/span><\/p>\n<p class=\"MsoNormal\" style=\"margin: 0cm;font-size: medium;font-family: Calibri, sans-serif\"><span style=\"font-family: Garamond, serif\">\u00a0<\/span><span style=\"font-family: Garamond, serif\"><\/span><\/p>\n","protected":false},"excerpt":{"rendered":"<p class=\"MsoNormal\" style=\"margin: 0cm;font-size: medium;font-family: Calibri, sans-serif\"><span style=\"font-size: 11pt;font-family: Garamond, serif\">Bronze \u00e0 patine brun nuanc\u00e9, titr\u00e9 \u00ab Taureau Flor\u00e9al \u00bb et num\u00e9rot\u00e9 6\/8.\u00a0<\/span><span style=\"font-family: Garamond, serif\"><\/span><\/p>\n<p class=\"MsoNormal\" style=\"margin: 0cm;font-size: medium;font-family: Calibri, sans-serif\"><span style=\"font-size: 11pt;font-family: Garamond, serif\">Fonte de Susse Fr\u00e8res Paris. Porte le cachet Resygram<\/span><span style=\"font-family: Garamond, serif\"><\/span><\/p>\n<p class=\"MsoNormal\" style=\"margin: 0cm;font-size: medium;font-family: Calibri, sans-serif\"><span style=\"font-size: 11pt;font-family: Garamond, serif\">36 x 23 x 24,5 cm<\/span><\/p>\n<p class=\"MsoNormal\" style=\"margin: 0cm;font-size: medium;font-family: Calibri, sans-serif\"><span style=\"font-size: 11pt;font-family: Garamond, serif\">Circa 1991<\/span><\/p>\n<p class=\"MsoNormal\" style=\"margin: 0cm;font-size: medium;font-family: Calibri, sans-serif\"><span style=\"font-size: 11pt;font-family: Garamond, serif\">Bibliographie\u00a0: Sous la direction de Chiara Parisi et Anne Horvath,\u00a0<i>Le Mus\u00e9e sentimental d\u2019Eva Aeppli<\/i>, catalogue d\u2019exposition, Centre Pompidou-Metz du 7 mai au 14 novembre 2022, mod\u00e8le reproduit illustration 18.<\/span><\/p>\n<p class=\"MsoNormal\" style=\"margin: 0cm;font-size: medium;font-family: Calibri, sans-serif\"><span style=\"font-size: 11pt;font-family: Garamond, serif\">\u00a0<\/span><\/p>\n","protected":false},"featured_media":31247,"template":"","meta":[],"product_brand":[],"product_cat":[],"product_tag":[],"class_list":{"0":"post-31259","1":"product","2":"type-product","3":"status-publish","4":"has-post-thumbnail","6":"description-off","8":"first","9":"instock","10":"shipping-taxable","11":"product-type-simple"},"aioseo_notices":[],"_links":{"self":[{"href":"https:\/\/www.carrerivegauche.com\/fr\/wp-json\/wp\/v2\/product\/31259","targetHints":{"allow":["GET"]}}],"collection":[{"href":"https:\/\/www.carrerivegauche.com\/fr\/wp-json\/wp\/v2\/product"}],"about":[{"href":"https:\/\/www.carrerivegauche.com\/fr\/wp-json\/wp\/v2\/types\/product"}],"wp:featuredmedia":[{"embeddable":true,"href":"https:\/\/www.carrerivegauche.com\/fr\/wp-json\/wp\/v2\/media\/31247"}],"wp:attachment":[{"href":"https:\/\/www.carrerivegauche.com\/fr\/wp-json\/wp\/v2\/media?parent=31259"}],"wp:term":[{"taxonomy":"product_brand","embeddable":true,"href":"https:\/\/www.carrerivegauche.com\/fr\/wp-json\/wp\/v2\/product_brand?post=31259"},{"taxonomy":"product_cat","embeddable":true,"href":"https:\/\/www.carrerivegauche.com\/fr\/wp-json\/wp\/v2\/product_cat?post=31259"},{"taxonomy":"product_tag","embeddable":true,"href":"https:\/\/www.carrerivegauche.com\/fr\/wp-json\/wp\/v2\/product_tag?post=31259"}],"curies":[{"name":"wp","href":"https:\/\/api.w.org\/{rel}","templated":true}]}}