 

{"id":31246,"date":"2025-04-02T11:19:14","date_gmt":"2025-04-02T09:19:14","guid":{"rendered":"https:\/\/www.carrerivegauche.com\/boutique-crg\/alfred-auguste-janniot-1889-1969-antilope\/"},"modified":"2025-04-02T11:19:15","modified_gmt":"2025-04-02T09:19:15","slug":"alfred-auguste-janniot-1889-1969-antilope","status":"publish","type":"product","link":"https:\/\/www.carrerivegauche.com\/fr\/boutique-crg\/alfred-auguste-janniot-1889-1969-antilope\/","title":{"rendered":"Alfred Auguste JANNIOT (1889-1969) Antilope"},"content":{"rendered":"<p class=\"MsoNormal\" style=\"margin: 0cm;font-size: medium;font-family: Calibri, sans-serif;text-align: justify\"><span style=\"font-family: Perpetua, serif\">Grand Prix de Rome en 1919, Alfred Auguste Janniot s\u2019impose avec ma\u00eetrise et \u00e9clat dans les frises et bas-reliefs des grands murs parisiens et de province, ceux des \u00e9difices de la reconstruction ou con\u00e7us \u00e0 l\u2019occasion des grandes expositions internationales. Il s\u2019affirme ainsi comme le ma\u00eetre du bas-relief lors de l\u2019Exposition coloniale de 1931 avec la r\u00e9alisation de la fa\u00e7ade sculpt\u00e9e du mus\u00e9e des Colonies \u00e9voquant l\u2019Afrique et l\u2019Asie. En 1937, l\u2019Exposition internationale des arts et des techniques le met de nouveau \u00e0 l\u2019honneur avec les immenses chantiers du nouveau Palais de Chaillot et du Palais de Tokyo. Ambassadeur de la sculpture fran\u00e7aise, il re\u00e7oit la commande de la d\u00e9coration du Rockefeller Center de New-York, dont la magnifique porte en bronze dor\u00e9 de la Maison de la France ouvre sur la Cinqui\u00e8me avenue.<\/span><\/p>\n<p class=\"MsoNormal\" style=\"margin: 0cm;font-size: medium;font-family: Calibri, sans-serif\"><span style=\"font-family: Perpetua, serif\">\u00a0<\/span><\/p>\n<p class=\"MsoNormal\" style=\"margin: 0cm;font-size: medium;font-family: Calibri, sans-serif;text-align: justify\"><span style=\"font-family: Perpetua, serif\">Son sens de la d\u00e9coration et de l\u2019all\u00e9gorie se traduit \u00e9galement dans ses sculptures en ronde-bosse comme en t\u00e9moigne notre\u00a0<i>Antilope<\/i>\u00a0aux beaux volumes lisses et arrondis. Par son dessin ferme et souple, elle n\u2019est pas sans rappeler l\u2019imposante biche du c\u00e9l\u00e8bre groupe\u00a0<i>Hommage \u00e0 Jean Goujon<\/i>, 1924 (200 x 235 cm) conserv\u00e9 \u00e0 la Fondation Calouste-Gulbenkian de Lisbonne. C\u2019est d\u2019ailleurs \u00e0 cette \u00e9poque que le mod\u00e8le\u00a0<i>Antilope<\/i>\u00a0a \u00e9t\u00e9 cr\u00e9\u00e9 mais dans une petite version qui a eu beaucoup de succ\u00e8s. Par la suite\u00a0\u00a0vers 1929-1930 il a \u00e9t\u00e9 r\u00e9alis\u00e9 en 101 cm de haut pour l\u2019\u00e9cole maternelle Jean-Jaur\u00e8s, \u00e0 Bouscat, pr\u00e8s de Bordeaux, sur une commande du maire de l\u2019\u00e9poque monsieur Cayrel. La sculpture est toujours en place et fait partie des quatre exemplaires r\u00e9pertori\u00e9s dans cette taille \u00e0 ce jour.\u00a0<\/span><\/p>\n<p class=\"MsoNormal\" style=\"margin: 0cm;font-size: medium;font-family: Calibri, sans-serif;text-align: justify\"><span style=\"font-family: Perpetua, serif\">Nous savons, en effet, qu\u2019un autre exemplaire appartenait \u00e0 la collection de l\u2019architecte Roux-Spitz que Janniot avait rencontr\u00e9 durant son s\u00e9jour romain et avec lequel il s\u2019\u00e9tait int\u00e9ress\u00e9 aux questions pos\u00e9es par la d\u00e9coration murale.\u00a0<\/span><\/p>\n<p class=\"MsoNormal\" style=\"margin: 0cm;font-size: medium;font-family: Calibri, sans-serif;text-align: justify\"><span style=\"font-family: Perpetua, serif\">Le troisi\u00e8me exemplaire faisait partie de la collection de l\u2019architecte L\u00e9on Az\u00e9ma, qui a remport\u00e9 le concours pour la construction et la r\u00e9habilitation du Palais de Chaillot avec Jacques Carlu et Boileau lors de l\u2019Exposition Universelle de Paris de 1937. Tr\u00e8s admiratif du travail de Janniot, L\u00e9on Az\u00e9ma l\u2019a impos\u00e9 comme sculpteur pour la d\u00e9coration des bassins et de la fa\u00e7ade du mus\u00e9e permanent des Colonies. Il y a tout lieu de penser que ce troisi\u00e8me exemplaire est le n\u00f4tre puisque de tradition notre exemplaire a \u00e9t\u00e9 offert par Janniot \u00e0 un ami architecte\u00a0est demeur\u00e9 dans la famille jusqu\u2019\u00e0 sa mise sur le march\u00e9 r\u00e9cemment.\u00a0<\/span><\/p>\n<p class=\"MsoNormal\" style=\"margin: 0cm;font-size: medium;font-family: Calibri, sans-serif;text-align: justify\"><span style=\"font-family: Perpetua, serif\">Enfin le quatri\u00e8me exemplaire a \u00e9t\u00e9 r\u00e9alis\u00e9 pour l\u2019\u00e9cole de plein air de Pantin construite en 1936, date figurant \u00e9galement sur la sculpture toujours en place dans la cour de l\u2019\u00e9cole.\u00a0<\/span><\/p>\n<p class=\"MsoNormal\" style=\"margin: 0cm;font-size: medium;font-family: Calibri, sans-serif\"><span style=\"font-family: Perpetua, serif\">\u00a0<\/span><\/p>\n<p class=\"MsoNormal\" style=\"margin: 0cm;font-size: medium;font-family: Calibri, sans-serif\"><span style=\"font-family: Perpetua, serif\">Janniot s\u2019est adress\u00e9 pour la fonte de ces exemplaires \u00e0 une fonderie coop\u00e9rative en activit\u00e9 de 1920 \u00e0 1938, ce qui d\u00e9termine le\u00a0<i>terminus ad quem<\/i>\u00a0de la fonte de notre sculpture. Cette fonderie cr\u00e9\u00e9e \u00e0 l\u2019initiative d\u2019un regroupement d\u2019artistes avait pour but de r\u00e9aliser des fontes de qualit\u00e9 en r\u00e9action contre les fonderies uniquement pr\u00e9occup\u00e9es de rendement. C\u2019est une des raisons pour lesquelles elle a \u00e9t\u00e9 charg\u00e9e par l\u2019Etat de r\u00e9aliser la fonte d\u2019importants groupes destin\u00e9s \u00e0 orner les fa\u00e7ades sur Seine du Palais de Chaillot dont\u00a0<i>Apollon Musag\u00e8te<\/i>\u00a0de Henri Bouchard et\u00a0<i>Hercule domptant un bison<\/i>\u00a0de Pommier.\u00a0<\/span><\/p>\n<p class=\"MsoNormal\" style=\"margin: 0cm;font-size: medium;font-family: Calibri, sans-serif\"><span style=\"font-family: Perpetua, serif\">Notre bronze, exceptionnel par sa taille, est donc tout \u00e0 la fois extr\u00eamement rare et de grande qualit\u00e9.<\/span><span><\/span><\/p>\n","protected":false},"excerpt":{"rendered":"<p class=\"MsoNormal\" style=\"margin: 0cm;font-size: medium;font-family: Calibri, sans-serif\"><span style=\"font-family: Perpetua, serif\">Bronze \u00e0 patine brun nuanc\u00e9, sign\u00e9 sur la terrasse \u00ab\u00a0ALFRED JANNIOT\u00a0\u00bb\u00a0<\/span><\/p>\n<p class=\"MsoNormal\" style=\"margin: 0cm;font-size: medium;font-family: Calibri, sans-serif\"><span style=\"font-family: Perpetua, serif\">Fonte de la Fonderie coop\u00e9rative des artistes, porte la marque du fondeur\u00a0: Fonderie des Artistes\/Paris\u00a0\u00a0<\/span><\/p>\n<p class=\"MsoNormal\" style=\"margin: 0cm;font-size: medium;font-family: Calibri, sans-serif\"><span style=\"font-family: Perpetua, serif\">H. 101 x L. 74 x P. 22 cm\u00a0<\/span><\/p>\n<p class=\"MsoNormal\" style=\"margin: 0cm;font-size: medium;font-family: Calibri, sans-serif\"><span style=\"font-family: Perpetua, serif\">Circa 1930<\/span><\/p>\n<p class=\"MsoNormal\" style=\"margin: 0cm;font-size: medium;font-family: Calibri, sans-serif\"><span style=\"font-family: Perpetua, serif\">Provenance\u00a0: Probablement ancienne collection Az\u00e9ma<\/span><\/p>\n<p class=\"MsoNormal\" style=\"margin: 0cm;font-size: medium;font-family: Calibri, sans-serif\"><span style=\"font-family: Perpetua, serif\">\u0152uvres en rapport\u00a0: Bouscat, Ecole maternelle Jean Jaur\u00e8s, mod\u00e8le similaire en bronze\u00a0; Pantin, Ecole de plein air, mod\u00e8le similaire en bronze dat\u00e9 de 1936.<\/span><\/p>\n<p class=\"MsoNormal\" style=\"margin: 0cm;font-size: medium;font-family: Calibri, sans-serif\"><span style=\"font-family: Perpetua, serif\">Bibliographie\/ Anne Demeurisse,\u00a0<i>Alfred Auguste Janniot<\/i>, Paris, 2003, mod\u00e8le reproduit p. 98 et 142.<\/span><\/p>\n","protected":false},"featured_media":31228,"template":"","meta":[],"product_brand":[],"product_cat":[],"product_tag":[],"class_list":{"0":"post-31246","1":"product","2":"type-product","3":"status-publish","4":"has-post-thumbnail","6":"description-off","8":"first","9":"instock","10":"shipping-taxable","11":"product-type-simple"},"aioseo_notices":[],"_links":{"self":[{"href":"https:\/\/www.carrerivegauche.com\/fr\/wp-json\/wp\/v2\/product\/31246","targetHints":{"allow":["GET"]}}],"collection":[{"href":"https:\/\/www.carrerivegauche.com\/fr\/wp-json\/wp\/v2\/product"}],"about":[{"href":"https:\/\/www.carrerivegauche.com\/fr\/wp-json\/wp\/v2\/types\/product"}],"wp:featuredmedia":[{"embeddable":true,"href":"https:\/\/www.carrerivegauche.com\/fr\/wp-json\/wp\/v2\/media\/31228"}],"wp:attachment":[{"href":"https:\/\/www.carrerivegauche.com\/fr\/wp-json\/wp\/v2\/media?parent=31246"}],"wp:term":[{"taxonomy":"product_brand","embeddable":true,"href":"https:\/\/www.carrerivegauche.com\/fr\/wp-json\/wp\/v2\/product_brand?post=31246"},{"taxonomy":"product_cat","embeddable":true,"href":"https:\/\/www.carrerivegauche.com\/fr\/wp-json\/wp\/v2\/product_cat?post=31246"},{"taxonomy":"product_tag","embeddable":true,"href":"https:\/\/www.carrerivegauche.com\/fr\/wp-json\/wp\/v2\/product_tag?post=31246"}],"curies":[{"name":"wp","href":"https:\/\/api.w.org\/{rel}","templated":true}]}}