 

{"id":31227,"date":"2025-04-02T11:12:46","date_gmt":"2025-04-02T09:12:46","guid":{"rendered":"https:\/\/www.carrerivegauche.com\/boutique-crg\/charles-cordier-1827-1905-jeune-femme-de-profil-probablement-ceres-1877-1890\/"},"modified":"2025-04-02T11:12:46","modified_gmt":"2025-04-02T09:12:46","slug":"charles-cordier-1827-1905-jeune-femme-de-profil-probablement-ceres-1877-1890","status":"publish","type":"product","link":"https:\/\/www.carrerivegauche.com\/fr\/boutique-crg\/charles-cordier-1827-1905-jeune-femme-de-profil-probablement-ceres-1877-1890\/","title":{"rendered":"Charles CORDIER (1827-1905) Jeune femme de profil ( probablement C\u00e9r\u00e8s )(1877-1890)"},"content":{"rendered":"<p class=\"MsoNormal\" style=\"margin: 0cm;font-size: medium;font-family: Calibri, sans-serif;text-align: justify\"><span style=\"font-family: Perpetua, serif\">Outre les sculptures ethnographiques qui ont fait sa renomm\u00e9e, Cordier a r\u00e9alis\u00e9 tout au long de sa carri\u00e8re de nombreux m\u00e9daillons comme ceux qu\u2019il a r\u00e9alis\u00e9s par exemple au Salon de 1850\u00a0<i>M.B.<\/i>\u00a0(m\u00e9daillon en bronze n\u00b0 3271),\u00a0<i>Mme B.<\/i>(m\u00e9daillon en bronze, n\u00b0 3273) ou bien dans sa mission Italie-Gr\u00e8ce de 1858-1859 :\u00a0<i>Femme de l\u2019Acarmanie, Femme grecque<\/i>,\u00a0<i>un Palikare grec,<\/i>\u00a0\u2026 Comme nous l\u2019indique Th\u00e9ophile Gautier dans le Moniteur Universel du 13 janvier 1865 \u00e0 propos de M. Cordier \u00ab\u00a0Il n\u2019y a pas moins de vari\u00e9t\u00e9 dans les m\u00e9daillons, qui reproduisent avec un charme extr\u00eame divers \u00e9chantillons de la beaut\u00e9 f\u00e9minine exotique, parmi lesquels figure un type de femme du Morvan,\u00a0<\/span><span style=\"font-family: Symbol\">[<\/span><span style=\"font-family: Perpetua, serif\">\u2026.<\/span><span style=\"font-family: Symbol\">]<\/span><span style=\"font-family: Perpetua, serif\">\u00a0Tous ces m\u00e9daillons sont curieusement encadr\u00e9s dans des bordures de ch\u00eane sculpt\u00e9\u00a0; car M. Cordier est un artiste soigneux, qui n\u2019abandonne au hasard aucun d\u00e9tail.\u00a0\u00bb<\/span><\/p>\n<p class=\"MsoNormal\" style=\"margin: 0cm;font-size: medium;font-family: Calibri, sans-serif\">\u00a0<\/p>\n<p class=\"MsoNormal\" style=\"margin: 0cm;font-size: medium;font-family: Calibri, sans-serif;text-align: justify\"><span style=\"font-family: Perpetua, serif\">Il n\u2019est donc pas \u00e9tonnant d\u2019avoir r\u00e9cemment red\u00e9couvert cet imposant m\u00e9daillon en terre cuite dans son cadre d\u2019origine polychrome surmont\u00e9 dans sa largeur d\u2019un \u00e9pi de ma\u00efs. Il\u00a0<span style=\"background-image: none;background-position: 0% 0%;background-size: auto;background-attachment: scroll\">repr\u00e9sente une t\u00eate de jeune femme couronn\u00e9e de fleurs dont le sommet de sa coiffe laisse \u00e9chapper les cheveux au naturel.\u00a0<\/span>Tr\u00e8s proche stylistiquement de deux autres m\u00e9daillons d\u00e9j\u00e0 connus conserv\u00e9s dans une collection particuli\u00e8re (New York), il pourrait venir en compl\u00e9ment d\u2019un cycle repr\u00e9sentant les Quatre Saisons\u00a0; ceci n\u2019est qu\u2019une possibilit\u00e9, car l\u2019iconographie des deux m\u00e9daillons en question est hypoth\u00e9tique, l\u2019un repr\u00e9sentant\u00a0<i>Flore<\/i>\u00a0et l\u2019autre\u00a0<i>Z\u00e9phir.\u00a0<\/i>S\u2019il s\u2019agissait des Quatre Saisons, notre m\u00e9daillon pourrait repr\u00e9senter L\u2019\u00c9t\u00e9\/<i>C\u00e9r\u00e8s\u00a0<\/i>, le second le Printemps\/<i>Flore<\/i>\u00a0, le troisi\u00e8me L\u2019Automne\/<i>Bacchus\u00a0<\/i>et manquerait un quatri\u00e8me, un vieil homme pour l\u2019Hiver. Comme le souligne Laure de Margerie, il est difficile d\u2019associer le m\u00e9daillon de\u00a0<i>Z\u00e9phir<\/i>\u00a0\u00e0 l\u2019Automne\/<i>Bacchus\u00a0<\/i>, car ce dernier poss\u00e8de une aile sur sa t\u00eate et reste identifi\u00e9 comme\u00a0<i>Z\u00e9phyr<\/i>. Malgr\u00e9 tout, on peut imaginer que ces trois m\u00e9daillons, formaient un ensemble d\u00e9coratif qui demeure incomplet et non identifi\u00e9 \u00e0 ce jour. Notre terre cuite originale quant \u00e0 elle est une d\u00e9couverte dans l\u2019\u0153uvre du sculpteur. D\u2019apr\u00e8s le catalogue raisonn\u00e9, les deux m\u00e9daillons connus sont dat\u00e9s de la p\u00e9riode ni\u00e7oise de Cordier et pourraient \u00eatre dat\u00e9s, sans certitude, vers 1877-1890.\u00a0<span style=\"background-image: none;background-position: 0% 0%;background-size: auto;background-attachment: scroll\">D\u00e9laissant Paris \u00e0 la fin du second Empire, Cordier s&rsquo;est en effet install\u00e9 dans un premier temps \u00e0 Nice, puis, \u00e0 partir de 1890, \u00e0 Alger o\u00f9 il finit ses jours.\u00a0<\/span><\/span><\/p>\n","protected":false},"excerpt":{"rendered":"<p class=\"MsoNormal\" style=\"margin: 0cm;font-size: medium;font-family: Calibri, sans-serif\"><span style=\"font-size: 11pt;font-family: Garamond, serif\">Sculpture en terre cuite originale sign\u00e9 \u00ab\u00a0C Cordier\u00a0\u00bb formant un m\u00e9daillon<\/span><\/p>\n<p class=\"MsoNormal\" style=\"margin: 0cm;font-size: medium;font-family: Calibri, sans-serif\"><span style=\"font-size: 11pt;font-family: Garamond, serif\">H. 80 x L. 72 x D. 39 cm<\/span><span style=\"font-family: Garamond, serif\"><\/span><\/p>\n<p class=\"MsoNormal\" style=\"margin: 0cm;font-size: medium;font-family: Calibri, sans-serif\"><span style=\"font-size: 11pt;font-family: Garamond, serif\">Circa 1877-1890<\/span><span style=\"font-family: Garamond, serif\"><\/span><\/p>\n<p class=\"MsoNormal\" style=\"margin: 0cm 0cm 12pt;font-size: medium;font-family: Calibri, sans-serif\"><span style=\"font-family: Garamond, serif\">Dans son cadre d\u2019origine.<\/span><\/p>\n<p class=\"MsoNormal\" style=\"margin: 0cm;font-size: medium;font-family: Calibri, sans-serif;text-align: justify\"><span style=\"font-size: 9pt;font-family: Helvetica\">\u0153uvres<span class=\"apple-converted-space\">\u00a0<\/span><\/span><span style=\"font-family: Perpetua, serif\">en rapport\u00a0:\u00a0<i>Flore<\/i>\u00a0et\u00a0<i>Z\u00e9phyr<\/i>\u00a0(\u00a0?), deux reliefs en terre cuite, dans des cadres en pl\u00e2tre peint, vers 1877-1890 (\u00a0?), New York, collection particuli\u00e8re.<\/span><\/p>\n<p class=\"MsoNormal\" style=\"margin: 0cm;font-size: medium;font-family: Calibri, sans-serif;text-align: justify\"><span style=\"font-family: Perpetua, serif\">Source manuscrite\u00a0: centre de documentation du mus\u00e9e d\u2019Orsay,\u00a0\u00a0Charles Cordier, bo\u00eetes\u00a0<i>Bibliographie.<\/i><\/span><\/p>\n<p class=\"MsoNormal\" style=\"margin: 0cm;font-size: medium;font-family: Calibri, sans-serif;text-align: justify\"><span style=\"font-family: Perpetua, serif\">Bibliographie\u00a0: Sous la direction de Laure de Margerie et Edouard Papet,\u00a0<i>1827-1905, Charles Cordier,<\/i>\u00a0<i>l\u2019autre et l\u2019ailleurs<\/i>, catalogue d\u2019exposition, Paris, mus\u00e9e d\u2019Orsay du 2 f\u00e9vrier au 2 mai 2004, Qu\u00e9bec, mus\u00e9e national des Beaux-Arts du Qu\u00e9bec du 10 juin au 6 septembre 2004, New York, Dahesh Museum of Art, du 12 octobre 2004 au 9 janvier 2005, catalogue raisonn\u00e9, page 170.<\/span><\/p>\n","protected":false},"featured_media":31221,"template":"","meta":[],"product_brand":[],"product_cat":[],"product_tag":[],"class_list":{"0":"post-31227","1":"product","2":"type-product","3":"status-publish","4":"has-post-thumbnail","6":"description-off","8":"first","9":"instock","10":"shipping-taxable","11":"product-type-simple"},"aioseo_notices":[],"_links":{"self":[{"href":"https:\/\/www.carrerivegauche.com\/fr\/wp-json\/wp\/v2\/product\/31227","targetHints":{"allow":["GET"]}}],"collection":[{"href":"https:\/\/www.carrerivegauche.com\/fr\/wp-json\/wp\/v2\/product"}],"about":[{"href":"https:\/\/www.carrerivegauche.com\/fr\/wp-json\/wp\/v2\/types\/product"}],"wp:featuredmedia":[{"embeddable":true,"href":"https:\/\/www.carrerivegauche.com\/fr\/wp-json\/wp\/v2\/media\/31221"}],"wp:attachment":[{"href":"https:\/\/www.carrerivegauche.com\/fr\/wp-json\/wp\/v2\/media?parent=31227"}],"wp:term":[{"taxonomy":"product_brand","embeddable":true,"href":"https:\/\/www.carrerivegauche.com\/fr\/wp-json\/wp\/v2\/product_brand?post=31227"},{"taxonomy":"product_cat","embeddable":true,"href":"https:\/\/www.carrerivegauche.com\/fr\/wp-json\/wp\/v2\/product_cat?post=31227"},{"taxonomy":"product_tag","embeddable":true,"href":"https:\/\/www.carrerivegauche.com\/fr\/wp-json\/wp\/v2\/product_tag?post=31227"}],"curies":[{"name":"wp","href":"https:\/\/api.w.org\/{rel}","templated":true}]}}