 

{"id":31204,"date":"2025-04-01T18:09:37","date_gmt":"2025-04-01T16:09:37","guid":{"rendered":"https:\/\/www.carrerivegauche.com\/boutique-crg\/coq-de-combat-1928\/"},"modified":"2025-04-02T11:09:48","modified_gmt":"2025-04-02T09:09:48","slug":"coq-de-combat-1928","status":"publish","type":"product","link":"https:\/\/www.carrerivegauche.com\/fr\/boutique-crg\/coq-de-combat-1928\/","title":{"rendered":"Gaston LE BOURGEOIS (1880 &#8211; 1956) Coq de combat (1928)"},"content":{"rendered":"<p class=\"MsoNormal\"><span style=\"font-family: Perpetua, serif\" data-mce-style=\"font-family: Perpetua, serif;\">Le mod\u00e8le de ce\u00a0<i>Coq de combat<\/i>\u00a0a \u00e9t\u00e9 pr\u00e9sent\u00e9 pour la premi\u00e8re fois, en bois, au Salon d\u2019automne de 1928. Le bois, surtout le bois dur, est le mat\u00e9riau qui a la pr\u00e9f\u00e9rence de Gaston Le Bourgeois m\u00eame s\u2019il en a travaill\u00e9 bien d\u2019autres tels que la pierre, l\u2019ivoire, me\u0302me le ciment ou la feuille de plomb. Le coq est un sujet qu\u2019il a maintes fois repr\u00e9sent\u00e9, puisqu\u2019ayant toujours ve\u0301cu entoure\u0301 d\u2019animaux, il choisit volontiers ses mode\u0300les dans un bestiaire familier. Cependant que ce soit pour ce sujet ou pour tous les autres sujets animaliers qu\u2019il r\u00e9alise seuls quelques uns seront aussi d\u00e9clin\u00e9s en bronze.\u00a0\u00a0<\/span><\/p>\n<p class=\"MsoNormal\"><span style=\"font-family: Perpetua, serif\" data-mce-style=\"font-family: Perpetua, serif;\">Le\u00a0<i>Coq de Combat\u00a0<\/i>fait partie de ceux-l\u00e0.\u00a0<\/span><\/p>\n<p class=\"MsoNormal\"><span style=\"font-family: Perpetua, serif\" data-mce-style=\"font-family: Perpetua, serif;\">L\u2019artiste est perfectionniste et a trop conscience des exigences de chaque mat\u00e9riau pour admettre une confusion des techniques. Ainsi dans la construction du volume les superpositions de plans vont davantage au bois, tandis que le m\u00e9tal est plus adapt\u00e9 \u00e0 un agencement par grandes masses qui permet \u00e0 la lumi\u00e8re, en glissant, d\u2019accuser le model\u00e9. Il faut donc trouver un sujet appropri\u00e9 \u00e0 ces deux mat\u00e9riaux dont la structure peut \u00eatre exprim\u00e9e par un ensemble de figures g\u00e9om\u00e9triques.<\/span><\/p>\n<p class=\"MsoNormal\"><span style=\"font-family: Perpetua, serif\" data-mce-style=\"font-family: Perpetua, serif;\">Par sa ligne \u00e9l\u00e9gante depuis le port de t\u00eate bien droit, le cou long et puissant, le corps inclin\u00e9 et galb\u00e9 par des ailes serr\u00e9es et un poitrail muscl\u00e9 que portent deux robustes et hautes pattes anim\u00e9es de saillants ergots et qui se termine par une longue queue courb\u00e9e, la figure du\u00a0<i>Coq de combat<\/i>\u00a0r\u00e9pond parfaitement \u00e0 cette condition.\u00a0<\/span><\/p>\n<p class=\"MsoNormal\"><span style=\"font-family: Perpetua, serif\" data-mce-style=\"font-family: Perpetua, serif;\">Une \u00e9tude minutieuse et une parfaite connaissance du mod\u00e8le permettent \u00e0 l\u2019artiste de le synth\u00e9tiser tout en conservant l\u2019expression fi\u00e8re voire arrogante et combative du roi de la basse-cour.\u00a0<\/span><\/p>\n<p class=\"MsoNormal\"><span style=\"font-family: Perpetua, serif\" data-mce-style=\"font-family: Perpetua, serif;\">Le bronze est trait\u00e9 de mani\u00e8re \u00e0 rappeler le travail \u00e0 la gouge du bois, ce qui offre un jeu subtil et d\u00e9licat de diffusion vibrante des ombres et de la lumi\u00e8re.<\/span><\/p>\n<p class=\"MsoNormal\"><span style=\"font-family: Perpetua, serif\" data-mce-style=\"font-family: Perpetua, serif;\">Extr\u00eamement exigeant et souhaitant contr\u00f4ler l\u2019\u00e9dition en bronze de ses mod\u00e8les il fait appel \u00e0 la Maison Colin pour ses fontes et en limite le nombre \u00e0 quelques exemplaires num\u00e9rot\u00e9s.<\/span><\/p>\n<p class=\"MsoNormal\"><span style=\"font-family: Perpetua, serif\" data-mce-style=\"font-family: Perpetua, serif;\">La fonderie Colin, en grande partie form\u00e9e \u00e0 l&rsquo;\u00c9cole Boulle, souhaite rajeunir ses mod\u00e8les et mettre sa production en harmonie avec la cr\u00e9ation contemporaine. D\u00e9sireuse de devenir une r\u00e9elle fonderie artistique elle est tr\u00e8s compr\u00e9hensive \u00e0 l\u2019\u00e9gard de l\u2019artiste et le laisse intervenir en toute libert\u00e9 sur son travail. Ainsi Gaston Le Bourgeois transforme l\u2019atelier de ciselure en cr\u00e9ant un outillage qui lui est plus adapt\u00e9. Il accorde \u00e9galement une grande importance \u00e0 la patine, r\u00e9alis\u00e9e au chalumeau pour obtenir des tonalit\u00e9s chaudes et profondes telle que la belle couleur brun nuanc\u00e9 de notre bronze.<\/span><\/p>\n<p class=\"MsoNormal\"><span style=\"font-family: Perpetua, serif\" data-mce-style=\"font-family: Perpetua, serif;\">Il porte par ailleurs une attention particuli\u00e8re \u00e0 la recherche des socles qui, selon le cas sont en bronze ou en marbre, mais toujours adapt\u00e9s en couleur et en proportion avec la pi\u00e8ce qu&rsquo;ils supportent.\u00a0<\/span><\/p>\n<p class=\"MsoNormal\"><span style=\"font-family: Perpetua, serif\" data-mce-style=\"font-family: Perpetua, serif;\">Ainsi notre exemplaire, num\u00e9rot\u00e9 6, repose sur un socle en obsidienne acajou qui s\u2019accorde \u00e0 merveille avec sa patine.<\/span><\/p>\n","protected":false},"excerpt":{"rendered":"<p class=\"MsoNormal\"><span style=\"font-family: Perpetua, serif\" data-mce-style=\"font-family: Perpetua, serif;\">Bronze martel\u00e9 \u00e0 patine brun nuanc\u00e9, sign\u00e9 du monogramme de l\u2019artiste \u00ab GLB \u00bb dans un cercle et num\u00e9rot\u00e9 6\/15<\/span><\/p>\n<p class=\"MsoNormal\"><span style=\"font-family: Perpetua, serif\" data-mce-style=\"font-family: Perpetua, serif;\">Fonte de Colin, sans marque de fondeur.<\/span><\/p>\n<p class=\"MsoNormal\"><span style=\"font-family: Perpetua, serif\" data-mce-style=\"font-family: Perpetua, serif;\">H. 65,5 x L. 42 x P. 21,4 cm.\u00a0<\/span><\/p>\n<p class=\"MsoNormal\"><span style=\"font-family: Perpetua, serif\" data-mce-style=\"font-family: Perpetua, serif;\">Base quadrangulaire en obsidienne acajou H.7 x L.31,4 x P. 21,3 cm.<\/span><\/p>\n<p class=\"MsoNormal\"><span style=\"font-family: Perpetua, serif\" data-mce-style=\"font-family: Perpetua, serif;\">Circa 1930<\/span><\/p>\n<p class=\"MsoNormal\"><span style=\"font-family: Perpetua, serif\" data-mce-style=\"font-family: Perpetua, serif;\">Exposition : Salon d\u2019automne de 1928<\/span><\/p>\n<p class=\"MsoNormal\"><span style=\"font-family: Perpetua, serif\" data-mce-style=\"font-family: Perpetua, serif;\">\u0152uvres en rapport\u00a0 : Paris, Mus\u00e9e des arts d\u00e9coratifs, mod\u00e8le en acajou, n\u00b0 2016.65.1<\/span><\/p>\n<p class=\"MsoNormal\"><span style=\"font-family: Perpetua, serif\" data-mce-style=\"font-family: Perpetua, serif;\">Bibliographie :\u00a0L\u00e9on Werth, \u00ab Le XXV\u00e8me Salon d\u2019Automne \u00bb,<span class=\"apple-converted-space\">\u00a0<\/span><\/span><i><span style=\"font-family: Perpetua, serif\" data-mce-style=\"font-family: Perpetua, serif;\">Art &amp;<\/span><\/i><i><span style=\"font-family: Perpetua, serif\" data-mce-style=\"font-family: Perpetua, serif;\">\u00a0D\u00e9coration<\/span><\/i><span style=\"font-family: Perpetua, serif\" data-mce-style=\"font-family: Perpetua, serif;\">, d\u00e9cembre 1928, mod\u00e8le en bois reproduit p. 175;\u00a0<\/span><span style=\"font-family: Perpetua, serif\" data-mce-style=\"font-family: Perpetua, serif;\">Collectif, \u00ab\u00a0Gaston Le Bourgeois, 1880 \u2013 1956\u00a0\u00bb,\u00a0<i>Catalogue de l\u2019exposition pr\u00e9sent\u00e9e en septembre 1996 \u00e0 la Biblioth\u00e8que Florian de Rambouillet<\/i>, La \u00ab S.A.V.R.E. \u00bb, Rambouillet, 1996, mod\u00e8le en bois r\u00e9f\u00e9renc\u00e9 et reproduit sous le n\u00b0 21 (n.p.)\u00a0; C. Saunier,\u00a0<i>Le Bourgeois<\/i>, (s.n.), ( s.l.n.d.)\u00a0;\u00a0<i>Les arts de France<\/i>, n\u00b0 7, janvier 1930, mod\u00e8le en bronze reproduit p. 15\u00a0;\u00a0Yvan Rambosson,\u00a0<i>Le Bourgeois<\/i>, (s.n.), ( s.l.n.d.), mod\u00e8le reproduit (n.p.)\u00a0; VP, \u00ab\u00a0 Les expositions\u00a0: Les bronzes de Le Bourgeois\u00a0\u00bb,\u00a0<i>Gazette des Beaux-arts<\/i>, 1<sup>er<\/sup> f\u00e9vrier 1928, p 11 et 12.<\/span><\/p>\n","protected":false},"featured_media":31183,"template":"","meta":[],"product_brand":[],"product_cat":[],"product_tag":[],"class_list":{"0":"post-31204","1":"product","2":"type-product","3":"status-publish","4":"has-post-thumbnail","6":"description-off","8":"first","9":"instock","10":"shipping-taxable","11":"product-type-simple"},"aioseo_notices":[],"_links":{"self":[{"href":"https:\/\/www.carrerivegauche.com\/fr\/wp-json\/wp\/v2\/product\/31204","targetHints":{"allow":["GET"]}}],"collection":[{"href":"https:\/\/www.carrerivegauche.com\/fr\/wp-json\/wp\/v2\/product"}],"about":[{"href":"https:\/\/www.carrerivegauche.com\/fr\/wp-json\/wp\/v2\/types\/product"}],"wp:featuredmedia":[{"embeddable":true,"href":"https:\/\/www.carrerivegauche.com\/fr\/wp-json\/wp\/v2\/media\/31183"}],"wp:attachment":[{"href":"https:\/\/www.carrerivegauche.com\/fr\/wp-json\/wp\/v2\/media?parent=31204"}],"wp:term":[{"taxonomy":"product_brand","embeddable":true,"href":"https:\/\/www.carrerivegauche.com\/fr\/wp-json\/wp\/v2\/product_brand?post=31204"},{"taxonomy":"product_cat","embeddable":true,"href":"https:\/\/www.carrerivegauche.com\/fr\/wp-json\/wp\/v2\/product_cat?post=31204"},{"taxonomy":"product_tag","embeddable":true,"href":"https:\/\/www.carrerivegauche.com\/fr\/wp-json\/wp\/v2\/product_tag?post=31204"}],"curies":[{"name":"wp","href":"https:\/\/api.w.org\/{rel}","templated":true}]}}