 

{"id":31179,"date":"2025-04-01T18:01:29","date_gmt":"2025-04-01T16:01:29","guid":{"rendered":"https:\/\/www.carrerivegauche.com\/boutique-crg\/danseuse-ajustant-lepaulette-de-son-corsage-entre-1882-et-1895\/"},"modified":"2025-04-02T11:09:10","modified_gmt":"2025-04-02T09:09:10","slug":"danseuse-ajustant-lepaulette-de-son-corsage-entre-1882-et-1895","status":"publish","type":"product","link":"https:\/\/www.carrerivegauche.com\/fr\/boutique-crg\/danseuse-ajustant-lepaulette-de-son-corsage-entre-1882-et-1895\/","title":{"rendered":"Edgar DEGAS (1834-1917) Danseuse ajustant l\u2019\u00e9paulette de son corsage (entre 1882 et 1895)"},"content":{"rendered":"<p class=\"MsoNormal\" style=\"margin: 0cm;font-size: medium;font-family: Calibri, sans-serif;text-align: justify\" data-mce-style=\"margin: 0cm; font-size: medium; font-family: Calibri, sans-serif; text-align: justify;\"><span style=\"font-family: Garamond, serif\" data-mce-style=\"font-family: Garamond, serif;\">En 1919, le marchand Joseph Durand-Ruel, \u00e9crivait\u00a0: \u00ab\u00a0Il est tout \u00e0 fait exact que Degas a pass\u00e9 \u00e9norm\u00e9ment de temps, non seulement tout \u00e0 la fin de sa vie mais au cours des cinquante derni\u00e8res ann\u00e9es, \u00e0 modeler l\u2019argile. Chaque fois que je me pr\u00e9sentais chez Degas, j\u2019\u00e9tais presque aussi certain de le trouver en train de modeler l\u2019argile que de peindre.\u00a0\u00bb. Lorsque Degas mourut en 1917, Durand Ruel constata que plus de cent cinquante sculptures en cire ou en terre \u00e9taient dispers\u00e9es dans l\u2019atelier. Apr\u00e8s qu\u2019un contrat d\u2019\u00e9dition ait \u00e9t\u00e9 difficilement sign\u00e9 en mai 1918 entre les h\u00e9ritiers de l\u2019artiste et l\u2019atelier de fonderie parisien d\u2019Adrien-Aur\u00e9lien H\u00e9brard, soixante-quatorze sculptures furent finalement fondues en bronze. Une s\u00e9rie marqu\u00e9e \u00ab\u00a0HER.D\u00a0\u00bb fut r\u00e9serv\u00e9e aux h\u00e9ritiers, tandis qu\u2019une seconde, allou\u00e9e \u00e0 la fonderie, portait l\u2019inscription \u00ab\u00a0HER\u00a0\u00bb. Vingt autres s\u00e9ries destin\u00e9es \u00e0 la vente et qui devaient \u00eatre marqu\u00e9es \u00ab\u00a02-21\u00a0\u00bb se virent attribuer \u00e0 la place les lettres \u00ab\u00a0A-T\u00a0\u00bb. Le milanais Albino Palazollo, le ma\u00eetre fondeur d\u2019H\u00e9brard, expert en mati\u00e8re de fonte \u00e0 la cire perdue avait mis au point une m\u00e9thode permettant de pr\u00e9server l\u2019original en cire de l\u2019artiste tout au long du processus de fonte du bronze.<\/span><\/p>\n<p class=\"MsoNormal\" style=\"margin: 0cm;font-size: medium;font-family: Calibri, sans-serif;text-align: justify\" data-mce-style=\"margin: 0cm; font-size: medium; font-family: Calibri, sans-serif; text-align: justify;\"><span style=\"font-family: Garamond, serif\" data-mce-style=\"font-family: Garamond, serif;\">\u00a0<\/span><\/p>\n<p class=\"MsoNormal\" style=\"margin: 0cm;font-size: medium;font-family: Calibri, sans-serif;text-align: justify\" data-mce-style=\"margin: 0cm; font-size: medium; font-family: Calibri, sans-serif; text-align: justify;\"><span style=\"font-family: Garamond, serif\" data-mce-style=\"font-family: Garamond, serif;\">L\u2019exposition Barye en 1875 \u00e0 l\u2019Ecole des Beaux-Arts et celle de Daumier en 1878 ont pu jouer un r\u00f4le sur la carri\u00e8re de sculpteur de Degas et sur son choix de petits formats. On peut \u00e9galement \u00e9voquer l\u2019article de Duranty de 1879 sur \u00ab\u00a0les statuettes tanagra\u00a0\u00bb qui venaient d\u2019\u2019\u00eatre d\u00e9couvertes. Sa carri\u00e8re publique de sculpteur se limita \u00e0 la pr\u00e9sentation d\u2019une unique statue,\u00a0<i>la Petite danseuse de quatorze ans<\/i>, \u00e0 la sixi\u00e8me exposition impressionniste de 1881. On est saisi par le fait que presque toutes les danseuses model\u00e9es par Degas sont nues quand ses pastels et ses toiles montrent quasiment toujours des ballerines en costume. Les diff\u00e9rentes arabesques s\u2019affirment ainsi comme des squelettes d\u2019attitudes, des charpentes de mouvement ; autant de t\u00e9moignages magnifiques de cette sculpture de peintre comparable aux oeuvres des plus grands statuaires. Notre exemplaire poss\u00e8de toutes les caract\u00e9ristiques des belles fontes H\u00e9brard, notamment cette belle patine brun clair qui laisse transpara\u00eetre la douceur du model\u00e9 de la cire originale.<\/span><\/p>\n","protected":false},"excerpt":{"rendered":"<p class=\"MsoNormal\" style=\"margin: 0cm;font-size: medium;font-family: Calibri, sans-serif\" data-mce-style=\"margin: 0cm; font-size: medium; font-family: Calibri, sans-serif;\"><span style=\"font-size: 11pt;font-family: Garamond, serif\" data-mce-style=\"font-size: 11pt; font-family: Garamond, serif;\">Bronze \u00e0 patine brun clair nuanc\u00e9, sign\u00e9\u00a0<span style=\"background-image: none;background-position: 0% 0%;background-size: auto;background-attachment: scroll\" data-mce-style=\"background-image: none; background-position: 0% 0%; background-size: auto; background-attachment: scroll;\">\u00ab Degas \u00bb<\/span><\/span><\/p>\n<p class=\"MsoNormal\" style=\"margin: 0cm;font-size: medium;font-family: Calibri, sans-serif\" data-mce-style=\"margin: 0cm; font-size: medium; font-family: Calibri, sans-serif;\"><span style=\"font-size: 11pt;font-family: Garamond, serif\" data-mce-style=\"font-size: 11pt; font-family: Garamond, serif;\">Fonte de H\u00e9brard.\u00a0<span style=\"background-image: none;background-position: 0% 0%;background-size: auto;background-attachment: scroll\" data-mce-style=\"background-image: none; background-position: 0% 0%; background-size: auto; background-attachment: scroll;\">Porte le cachet du fondeur \u00ab CIRE \/ PERDUE \/ A A.HEBRARD \u00bb et le\u00a0<\/span>num\u00e9ro\u00a0<span style=\"background-image: none;background-position: 0% 0%;background-size: auto;background-attachment: scroll\" data-mce-style=\"background-image: none; background-position: 0% 0%; background-size: auto; background-attachment: scroll;\">\u00ab\u00a0<\/span>64\/F\u00a0<span style=\"background-image: none;background-position: 0% 0%;background-size: auto;background-attachment: scroll\" data-mce-style=\"background-image: none; background-position: 0% 0%; background-size: auto; background-attachment: scroll;\">\u00a0\u00bb<\/span><\/span><\/p>\n<p class=\"MsoNormal\" style=\"margin: 0cm;font-size: medium;font-family: Calibri, sans-serif\" data-mce-style=\"margin: 0cm; font-size: medium; font-family: Calibri, sans-serif;\"><span style=\"font-size: 11pt;font-family: Garamond, serif\" data-mce-style=\"font-size: 11pt; font-family: Garamond, serif;\">H. 35,4\u00a0x L. 15,7 x P. 10,6 cm\u00a0<br \/>Circa 1918-1937<\/span><\/p>\n<p class=\"MsoNormal\" style=\"margin: 0cm;font-size: medium;font-family: Calibri, sans-serif\" data-mce-style=\"margin: 0cm; font-size: medium; font-family: Calibri, sans-serif;\"><span style=\"font-size: 11pt;font-family: Garamond, serif\" data-mce-style=\"font-size: 11pt; font-family: Garamond, serif;\">\u00c9preuve r\u00e9alis\u00e9e \u00e0 partir du mod\u00e8le en cire jaune-brun (NGA, Mellon Collection), con\u00e7u entre 1882 et 1895 (datation Rewald).<\/span><\/p>\n<p class=\"MsoNormal\" style=\"margin: 0cm;font-size: medium;font-family: Calibri, sans-serif\" data-mce-style=\"margin: 0cm; font-size: medium; font-family: Calibri, sans-serif;\"><span style=\"font-size: 11pt;font-family: Garamond, serif\" data-mce-style=\"font-size: 11pt; font-family: Garamond, serif;\">Provenance : acquis en 1955 par Paul Baudouin (1894-1964), banquier et politicien\u00a0; demeur\u00e9 dans la m\u00eame famille depuis.<\/span><\/p>\n<p class=\"MsoNormal\" style=\"margin: 0cm;font-size: medium;font-family: Calibri, sans-serif;text-align: justify\" data-mce-style=\"margin: 0cm; font-size: medium; font-family: Calibri, sans-serif; text-align: justify;\"><span style=\"font-size: 11pt;font-family: Garamond, serif\" data-mce-style=\"font-size: 11pt; font-family: Garamond, serif;\">Bibliographie : J. Rewald,\u00a0<i>Degas\u2019s Complete Sculpture Catalogue Raisonne, New Edition<\/i>, Alan Wofsy Fine Arts, San<\/span><span style=\"font-family: Garamond, serif\" data-mce-style=\"font-family: Garamond, serif;\">\u00a0<\/span><span style=\"font-size: 11pt;font-family: Garamond, serif\" data-mce-style=\"font-size: 11pt; font-family: Garamond, serif;\">Francisco, 1990, mod\u00e8le similaire d\u00e9crit et reproduit sous le n\u00b0XXV, p.88 et reproduit aussi p.42\u00a0; A. Pingeot, F.Horvat,\u00a0<i>Degas sculptures<\/i>, Paris, 1991, mod\u00e8le similaire d\u00e9crit et<\/span><span style=\"font-family: Garamond, serif\" data-mce-style=\"font-family: Garamond, serif;\">\u00a0<\/span><span style=\"font-size: 11pt;font-family: Garamond, serif\" data-mce-style=\"font-size: 11pt; font-family: Garamond, serif;\">reproduit sous le n\u00b028 p.166\u00a0;<\/span><span style=\"font-family: Garamond, serif\" data-mce-style=\"font-family: Garamond, serif;\">\u00a0<\/span><span style=\"font-size: 11pt;font-family: Garamond, serif\" data-mce-style=\"font-size: 11pt; font-family: Garamond, serif;\">J.S. Czestochowski, A. Pingeot,\u00a0<i>Degas Sculpture<\/i>, Edmonton, Art Gallery of Alberta, 31-01-2010 au<\/span><span style=\"font-family: Garamond, serif\" data-mce-style=\"font-family: Garamond, serif;\">\u00a0<\/span><span style=\"font-size: 11pt;font-family: Garamond, serif\" data-mce-style=\"font-size: 11pt; font-family: Garamond, serif;\">30-05-2010, mod\u00e8le similaire d\u00e9crit et reproduit p. 246 et 247\u00a0; B. Gaudichon, C. Chevillot, E. Papet,\u00a0<i>Degas sculpteur<\/i>, catalogue de l\u2019exposition, La Piscine de<\/span><span style=\"font-family: Garamond, serif\" data-mce-style=\"font-family: Garamond, serif;\">\u00a0<\/span><span style=\"font-size: 11pt;font-family: Garamond, serif\" data-mce-style=\"font-size: 11pt; font-family: Garamond, serif;\">Roubaix, 8-10-2010 au 16-01-2011, mod\u00e8le similaire d\u00e9crit et reproduit sous le n\u00b0146, p.212.<\/span><\/p>\n<p class=\"MsoNormal\" style=\"margin: 0cm;font-size: medium;font-family: Calibri, sans-serif\" data-mce-style=\"margin: 0cm; font-size: medium; font-family: Calibri, sans-serif;\"><span lang=\"EN-US\" style=\"font-size: 11pt;font-family: Garamond, serif\" data-mce-style=\"font-size: 11pt; font-family: Garamond, serif;\">Expositions :<\/span><span lang=\"EN-US\" style=\"font-family: Garamond, serif\" data-mce-style=\"font-family: Garamond, serif;\">\u00a0<\/span><i><span lang=\"EN-US\" style=\"font-size: 11pt;font-family: Garamond, serif\" data-mce-style=\"font-size: 11pt; font-family: Garamond, serif;\">Edgar Degas<\/span><\/i><span lang=\"EN-US\" style=\"font-size: 11pt;font-family: Garamond, serif\" data-mce-style=\"font-size: 11pt; font-family: Garamond, serif;\">, Galerie Max Kaganovitch, Paris, 1952 (exemplaire 64\/F);\u00a0<i>Edgar Degas<\/i>, Stedelijk Museum, Amsterdam, assembled by Max Kaganovitch (Paris) and Max Huggler<\/span><span lang=\"EN-US\" style=\"font-family: Garamond, serif\" data-mce-style=\"font-family: Garamond, serif;\">\u00a0<\/span><span lang=\"EN-US\" style=\"font-size: 11pt;font-family: Garamond, serif\" data-mce-style=\"font-size: 11pt; font-family: Garamond, serif;\">(Kunstmuseum, Bern), 8-02 au 24-03-1952, n\u00b0117 (exemplaire 64\/F);\u00a0<i>The Sculptures of Edgar Degas<\/i>, Galerie Chalette, New-York, assembled by Max Kaganovitch, Paris,3-10 au 29-10-1955, n\u00b011 (exemplaire 64\/F).<\/span><\/p>\n","protected":false},"featured_media":31180,"template":"","meta":[],"product_brand":[],"product_cat":[],"product_tag":[],"class_list":{"0":"post-31179","1":"product","2":"type-product","3":"status-publish","4":"has-post-thumbnail","6":"description-off","8":"first","9":"instock","10":"shipping-taxable","11":"product-type-simple"},"aioseo_notices":[],"_links":{"self":[{"href":"https:\/\/www.carrerivegauche.com\/fr\/wp-json\/wp\/v2\/product\/31179","targetHints":{"allow":["GET"]}}],"collection":[{"href":"https:\/\/www.carrerivegauche.com\/fr\/wp-json\/wp\/v2\/product"}],"about":[{"href":"https:\/\/www.carrerivegauche.com\/fr\/wp-json\/wp\/v2\/types\/product"}],"wp:featuredmedia":[{"embeddable":true,"href":"https:\/\/www.carrerivegauche.com\/fr\/wp-json\/wp\/v2\/media\/31180"}],"wp:attachment":[{"href":"https:\/\/www.carrerivegauche.com\/fr\/wp-json\/wp\/v2\/media?parent=31179"}],"wp:term":[{"taxonomy":"product_brand","embeddable":true,"href":"https:\/\/www.carrerivegauche.com\/fr\/wp-json\/wp\/v2\/product_brand?post=31179"},{"taxonomy":"product_cat","embeddable":true,"href":"https:\/\/www.carrerivegauche.com\/fr\/wp-json\/wp\/v2\/product_cat?post=31179"},{"taxonomy":"product_tag","embeddable":true,"href":"https:\/\/www.carrerivegauche.com\/fr\/wp-json\/wp\/v2\/product_tag?post=31179"}],"curies":[{"name":"wp","href":"https:\/\/api.w.org\/{rel}","templated":true}]}}