 

{"id":31154,"date":"2025-04-01T17:53:48","date_gmt":"2025-04-01T15:53:48","guid":{"rendered":"https:\/\/www.carrerivegauche.com\/boutique-crg\/hebe-1753\/"},"modified":"2025-04-02T11:08:29","modified_gmt":"2025-04-02T09:08:29","slug":"hebe-1753","status":"publish","type":"product","link":"https:\/\/www.carrerivegauche.com\/fr\/boutique-crg\/hebe-1753\/","title":{"rendered":"Nicolas Fran\u00e7ois GILLET (1712 &#8211; 1791) H\u00e9b\u00e9 (1753)"},"content":{"rendered":"<p class=\"MsoNormal\" style=\"margin: 0cm;font-size: medium;font-family: Calibri, sans-serif;text-align: justify\" data-mce-style=\"margin: 0cm; font-size: medium; font-family: Calibri, sans-serif; text-align: justify;\"><span style=\"font-family: Perpetua, serif\" data-mce-style=\"font-family: Perpetua, serif;\">Nicolas Fran\u00e7ois Gillet est un sculpteur d\u2019envergure internationale. Il obtint un brevet de pensionnaire \u00e0 l\u2019Acad\u00e9mie de France \u00e0 Rome le 6 janvier 1746 et y resta jusqu\u2019au 20 mars 1752. De retour \u00e0 Paris, il fut agr\u00e9\u00e9 \u00e0 l\u2019Acad\u00e9mie royale de peinture et de sculpture le 29 d\u00e9cembre 1753 et devint acad\u00e9micien le 30 avril 1757, par une statue en marbre repr\u00e9sentant\u00a0<i>Le berger P\u00e2ris pr\u00eat \u00e0 donner la pomme<\/i>\u00a0<i>qui doit \u00eatre le prix de la<\/i>\u00a0<i>beaut\u00e9<\/i>,\u00a0\u00a0aujourd\u2019hui conserv\u00e9e au mus\u00e9e du Louvre (Inv.MR 1863\u00a0; N 15457). Le 5 novembre 1757, il re\u00e7ut l\u2019autorisation de se rendre en Russie pour concourir \u00e0 l\u2019\u00e9tablissement de l\u2019Acad\u00e9mie de peinture et de sculpture. Il r\u00e9sida \u00e0 Moscou de 1758 \u00e0 1759, puis vint \u00e0 Saint-P\u00e9tersbourg, o\u00f9 il s\u00e9journa de 1760 \u00e0 1778. Pendant vingt ans, il r\u00e9pondit aux commandes officielles de l\u2019imp\u00e9ratrice EIisabeth Petrovna puis de Catherine II et forma la plupart des grands sculpteurs russes sur deux g\u00e9n\u00e9rations, parmi lesquels Fedot Choubine ou Mikha\u00efl Koslovski. Il revint \u00e0 Paris en 1779 et prit, \u00e0 ce moment, le titre d\u2019ancien directeur de l\u2019Acad\u00e9mie de Saint-P\u00e9tersbourg.<\/span><\/p>\n<p class=\"MsoNormal\" style=\"margin: 0cm;font-size: medium;font-family: Calibri, sans-serif;text-align: justify\" data-mce-style=\"margin: 0cm; font-size: medium; font-family: Calibri, sans-serif; text-align: justify;\"><span style=\"font-family: Perpetua, serif\" data-mce-style=\"font-family: Perpetua, serif;\">\u00a0<\/span><\/p>\n<p class=\"MsoNormal\" style=\"margin: 0cm;font-size: medium;font-family: Calibri, sans-serif;text-align: justify\" data-mce-style=\"margin: 0cm; font-size: medium; font-family: Calibri, sans-serif; text-align: justify;\"><span style=\"font-family: Perpetua, serif\" data-mce-style=\"font-family: Perpetua, serif;\">Devenu acad\u00e9micien \u00e0 l\u2019\u00e2ge de quarante-huit ans, il exposa au salon de 1757 deux bustes,\u00a0<i>Le portrait de<\/i>\u00a0<i>Mademoiselle<\/i>** et\u00a0<i>H\u00e9b\u00e9.\u00a0<\/i>Les oeuvres de Gillet sont suffisamment rares pour envisager que notre buste soit celui pr\u00e9sent\u00e9 par le sculpteur sous le titre de\u00a0<i>H\u00e9b\u00e9\u00a0<\/i>(n\u00b0141). M\u00eame si la datation est ant\u00e9rieure de quelques ann\u00e9es, l\u2019iconographie correspond tout \u00e0 fait tout comme sa repr\u00e9sentation plus que probable sur une sellette \u00e0 gauche du sculpteur dans le beau portrait qu\u2019a fait de lui son compatriote Nicolas Benjamin Delapierre (1734-1802) (Mus\u00e9e de l\u2019Hermitage). H\u00e9b\u00e9, d\u00e9esse de la jeunesse et de la vitalit\u00e9, fille de Zeus et d\u2019H\u00e9ra, protectrice des jeunes \u00e9poux est ici repr\u00e9sent\u00e9e. Quelle gr\u00e2ce dans ce visage aux yeux baiss\u00e9s, aux \u00e9paules et au buste recouverts d\u2019un fin tissu pli\u00e9, \u00e0 la chevelure ceinte de roses et de feuillages. Particuli\u00e8rement virtuose pour la d\u00e9licatesse de ses sculptures sur marbre, Nicolas Fran\u00e7ois Gillet revisite ici l\u2019Antiquit\u00e9 avec volupt\u00e9 et souplesse, ouvrant la voie \u00e0 l\u2019id\u00e9al de la sculpture n\u00e9o-classique.<\/span><\/p>\n","protected":false},"excerpt":{"rendered":"<p class=\"MsoNormal\" style=\"margin: 0cm;font-size: medium;font-family: Calibri, sans-serif\" data-mce-style=\"margin: 0cm; font-size: medium; font-family: Calibri, sans-serif;\"><span style=\"font-family: Perpetua, serif;background-image: none;background-position: 0% 0%;background-size: auto;background-attachment: scroll\" data-mce-style=\"font-family: Perpetua, serif; background-image: none; background-position: 0% 0%; background-size: auto; background-attachment: scroll;\">Buste en marbre blanc, sign\u00e9 et dat\u00e9 \u201cN.F GILLET.1753\u201d<\/span><\/p>\n<p class=\"MsoNormal\" style=\"margin: 0cm;font-size: medium;font-family: Calibri, sans-serif\" data-mce-style=\"margin: 0cm; font-size: medium; font-family: Calibri, sans-serif;\"><span style=\"font-family: Perpetua, serif;background-image: none;background-position: 0% 0%;background-size: auto;background-attachment: scroll\" data-mce-style=\"font-family: Perpetua, serif; background-image: none; background-position: 0% 0%; background-size: auto; background-attachment: scroll;\">H. 58 cm sur un pi\u00e9douche en marbre (14,5 cm)<\/span><\/p>\n<p class=\"MsoNormal\" style=\"margin: 0cm;font-size: medium;font-family: Calibri, sans-serif\" data-mce-style=\"margin: 0cm; font-size: medium; font-family: Calibri, sans-serif;\"><span style=\"font-family: Perpetua, serif;background-image: none;background-position: 0% 0%;background-size: auto;background-attachment: scroll\" data-mce-style=\"font-family: Perpetua, serif; background-image: none; background-position: 0% 0%; background-size: auto; background-attachment: scroll;\">R\u00e9alis\u00e9 en 1753<\/span><\/p>\n<p class=\"MsoNormal\" style=\"margin: 0cm;font-size: medium;font-family: Calibri, sans-serif;text-align: justify\" data-mce-style=\"margin: 0cm; font-size: medium; font-family: Calibri, sans-serif; text-align: justify;\"><span style=\"font-family: Perpetua, serif\" data-mce-style=\"font-family: Perpetua, serif;\">Provenance: Ancienne collection priv\u00e9e fran\u00e7aise.<\/span><\/p>\n<p class=\"MsoNormal\" style=\"margin: 0cm;font-size: medium;font-family: Calibri, sans-serif\" data-mce-style=\"margin: 0cm; font-size: medium; font-family: Calibri, sans-serif;\"><span style=\"font-family: Perpetua, serif;background-image: none;background-position: 0% 0%;background-size: auto;background-attachment: scroll\" data-mce-style=\"font-family: Perpetua, serif; background-image: none; background-position: 0% 0%; background-size: auto; background-attachment: scroll;\">Bibliographie\u00a0: Stanislas Lami,\u00a0<i>Dictionnaire des sculpteurs de l\u2019\u00e9cole fran\u00e7aise au dix-huiti\u00e8me si\u00e8cle<\/i>, tome I, Paris 1910, pp 372-373\u00a0; sous la direction de Jean-Pierre Poussou, Anne M\u00e9zin et Yves Perret-Gentil,\u00a0<i>L\u2019influence fran\u00e7aise en Russie au XVIIIe si\u00e8cle<\/i>, Paris 2004, pp140-148.<\/span><\/p>\n","protected":false},"featured_media":31133,"template":"","meta":[],"product_brand":[],"product_cat":[],"product_tag":[],"class_list":{"0":"post-31154","1":"product","2":"type-product","3":"status-publish","4":"has-post-thumbnail","6":"description-off","8":"first","9":"instock","10":"shipping-taxable","11":"product-type-simple"},"aioseo_notices":[],"_links":{"self":[{"href":"https:\/\/www.carrerivegauche.com\/fr\/wp-json\/wp\/v2\/product\/31154","targetHints":{"allow":["GET"]}}],"collection":[{"href":"https:\/\/www.carrerivegauche.com\/fr\/wp-json\/wp\/v2\/product"}],"about":[{"href":"https:\/\/www.carrerivegauche.com\/fr\/wp-json\/wp\/v2\/types\/product"}],"wp:featuredmedia":[{"embeddable":true,"href":"https:\/\/www.carrerivegauche.com\/fr\/wp-json\/wp\/v2\/media\/31133"}],"wp:attachment":[{"href":"https:\/\/www.carrerivegauche.com\/fr\/wp-json\/wp\/v2\/media?parent=31154"}],"wp:term":[{"taxonomy":"product_brand","embeddable":true,"href":"https:\/\/www.carrerivegauche.com\/fr\/wp-json\/wp\/v2\/product_brand?post=31154"},{"taxonomy":"product_cat","embeddable":true,"href":"https:\/\/www.carrerivegauche.com\/fr\/wp-json\/wp\/v2\/product_cat?post=31154"},{"taxonomy":"product_tag","embeddable":true,"href":"https:\/\/www.carrerivegauche.com\/fr\/wp-json\/wp\/v2\/product_tag?post=31154"}],"curies":[{"name":"wp","href":"https:\/\/api.w.org\/{rel}","templated":true}]}}