 

{"id":31129,"date":"2025-03-06T14:59:46","date_gmt":"2025-03-06T13:59:46","guid":{"rendered":"https:\/\/www.carrerivegauche.com\/boutique-crg\/console-murale-depoque-louis-xvi-en-fer-forge\/"},"modified":"2025-03-06T14:59:46","modified_gmt":"2025-03-06T13:59:46","slug":"console-murale-depoque-louis-xvi-en-fer-forge","status":"publish","type":"product","link":"https:\/\/www.carrerivegauche.com\/fr\/boutique-crg\/console-murale-depoque-louis-xvi-en-fer-forge\/","title":{"rendered":"Console murale d&rsquo;\u00e9poque Louis XVI en fer forg\u00e9"},"content":{"rendered":"<p lang=\"fr-FR\" align=\"CENTER\" style=\"margin-bottom: 0cm;font-size: medium\"><font color=\"#222222\"><font face=\"condensed, Arial\"><font style=\"font-size: 16pt\"><u><b><font face=\"Times New Roman, serif\"><span lang=\"fr-BE\">Louis XVI period wrought iron wall console<\/span><\/font><\/b><\/u><\/font><\/font><\/font><\/p>\n<p lang=\"fr-FR\" align=\"CENTER\"><br data-mce-bogus=\"1\"><\/p>\n<div data-cke-filler-webkit=\"start\" data-cke-temp=\"1\" style=\"width: 0px;height: 0px;padding: 0px;border: 0px;margin: 0px;position: absolute;top: 0px;left: -9999px;overflow: hidden\">\u00a0<\/div>\n<p lang=\"fr-FR\" align=\"CENTER\">Late 18th century console table with scroll and palmette motif.<\/p>\n<p>The openwork belt is decorated with palmettes alternating with rounded geometric motifs and the connecting dice with pearl flower motifs.<\/p>\n<p>It is topped with a red veined marble top with a corbin beak, resting on the belt itself supported by scroll feet ending in large acanthus leaves.<\/p>\n<p>The two feet are connected at the bottom by a spacer decorated with a large bouquet of flowers and foliage decorated with a stylized vase or basket.<\/p>\n<p>Louis XVI period work in gilded wrought iron.<\/p>\n<p>Dimensions: Height 96 cm; Length 101 cm; Depth 37.5 cm.<\/p>\n<div data-cke-filler-webkit=\"end\" data-cke-temp=\"1\" style=\"width: 0px;height: 0px;padding: 0px;border: 0px;margin: 0px;position: absolute;top: 0px;left: -9999px;overflow: hidden\">\u00a0<\/div>\n","protected":false},"excerpt":{"rendered":"<p lang=\"fr-BE\" align=\"JUSTIFY\" style=\"margin-bottom: 0cm;font-size: medium\"><font color=\"#000000\">Console de la fin du XVIIIe si\u00e8cle, au motif d&rsquo;enroulements et de palmettes.<\/font><\/p>\n<p align=\"JUSTIFY\" style=\"margin-bottom: 0cm;font-size: medium\"><\/p>\n<p lang=\"fr-BE\" align=\"JUSTIFY\" style=\"margin-bottom: 0cm;font-size: medium\"><font color=\"#000000\">La ceinture ajour\u00e9e est \u00e0 d\u00e9cor de palmette altern\u00e9e de motifs g\u00e9om\u00e9triques arrondis et les d\u00e9s de raccordement \u00e0 motifs de fleur perl\u00e9e.<\/font><\/p>\n<p lang=\"fr-BE\" align=\"JUSTIFY\" style=\"margin-bottom: 0cm;font-size: medium\"><\/p>\n<p lang=\"fr-BE\" align=\"JUSTIFY\" style=\"margin-bottom: 0cm;font-size: medium\"><font color=\"#000000\">Elle est coiff\u00e9e d&rsquo;un dessus de marbre rouge vein\u00e9 \u00e0 bec de corbin, reposant sur la ceinture elle m\u00eame support\u00e9e par des pieds en enroulement se terminant par des larges feuilles d&rsquo;acanthe<\/font><\/p>\n<p lang=\"fr-BE\" align=\"JUSTIFY\" style=\"margin-bottom: 0cm;font-size: medium\"><\/p>\n<p lang=\"fr-BE\" align=\"JUSTIFY\" style=\"margin-bottom: 0cm;font-size: medium\"><font color=\"#000000\">Les deux pieds sont reli\u00e9s en partie basse par une entretoise orn\u00e9e d&rsquo;un large bouquet de fleur et feuillages ornement\u00e9 d&rsquo;un vase ou panier stylis\u00e9.<\/font><\/p>\n<p lang=\"fr-BE\" align=\"JUSTIFY\" style=\"margin-bottom: 0cm;font-size: medium\"><\/p>\n<p lang=\"fr-BE\" align=\"JUSTIFY\" style=\"margin-bottom: 0cm;font-size: medium\"><font color=\"#000000\">Travaille d&rsquo;\u00e9poque Louis XVI en fer forg\u00e9 dor\u00e9.<\/font><\/p>\n<p align=\"JUSTIFY\" style=\"margin-bottom: 0cm;font-size: medium\"><\/p>\n<p align=\"JUSTIFY\" style=\"margin-bottom: 0cm;font-size: medium\"><font color=\"#000000\"><span lang=\"fr-BE\"><u>Dimensions<\/u><\/span><\/font><font color=\"#000000\"><span lang=\"fr-BE\"><b> <\/b><\/span><\/font><font color=\"#000000\"><span lang=\"fr-BE\">: Hauteur 96 cm ; Longueur 101 cm ; Profondeur 37,5 cm.<\/span><\/font><\/p>\n","protected":false},"featured_media":31123,"template":"","meta":[],"product_brand":[],"product_cat":[],"product_tag":[],"class_list":{"0":"post-31129","1":"product","2":"type-product","3":"status-publish","4":"has-post-thumbnail","6":"description-off","8":"first","9":"instock","10":"shipping-taxable","11":"product-type-simple"},"aioseo_notices":[],"_links":{"self":[{"href":"https:\/\/www.carrerivegauche.com\/fr\/wp-json\/wp\/v2\/product\/31129","targetHints":{"allow":["GET"]}}],"collection":[{"href":"https:\/\/www.carrerivegauche.com\/fr\/wp-json\/wp\/v2\/product"}],"about":[{"href":"https:\/\/www.carrerivegauche.com\/fr\/wp-json\/wp\/v2\/types\/product"}],"wp:featuredmedia":[{"embeddable":true,"href":"https:\/\/www.carrerivegauche.com\/fr\/wp-json\/wp\/v2\/media\/31123"}],"wp:attachment":[{"href":"https:\/\/www.carrerivegauche.com\/fr\/wp-json\/wp\/v2\/media?parent=31129"}],"wp:term":[{"taxonomy":"product_brand","embeddable":true,"href":"https:\/\/www.carrerivegauche.com\/fr\/wp-json\/wp\/v2\/product_brand?post=31129"},{"taxonomy":"product_cat","embeddable":true,"href":"https:\/\/www.carrerivegauche.com\/fr\/wp-json\/wp\/v2\/product_cat?post=31129"},{"taxonomy":"product_tag","embeddable":true,"href":"https:\/\/www.carrerivegauche.com\/fr\/wp-json\/wp\/v2\/product_tag?post=31129"}],"curies":[{"name":"wp","href":"https:\/\/api.w.org\/{rel}","templated":true}]}}