 

{"id":31112,"date":"2025-03-01T19:21:27","date_gmt":"2025-03-01T18:21:27","guid":{"rendered":"https:\/\/www.carrerivegauche.com\/boutique-crg\/huile-sur-toile-le-terrassier-par-henri-martin\/"},"modified":"2025-03-01T19:21:27","modified_gmt":"2025-03-01T18:21:27","slug":"huile-sur-toile-le-terrassier-par-henri-martin","status":"publish","type":"product","link":"https:\/\/www.carrerivegauche.com\/fr\/boutique-crg\/huile-sur-toile-le-terrassier-par-henri-martin\/","title":{"rendered":"Huile sur toile, Le Terrassier, par Henri MARTIN"},"content":{"rendered":"<div class=\"cadre-antiquaire-descriptif\" style=\"margin: 0px;padding: 0px;border: 0px;font-size: 14px;vertical-align: baseline;background-image: initial;background-position: initial;background-size: initial;background-attachment: initial;font-family: Poppins, Helvetica, Arial, Lucida, sans-serif\">\n<div class=\"page\" style=\"margin: 0px;padding: 0px;border: 0px;vertical-align: baseline;background: transparent\">\n<div class=\"descriptif\" style=\"margin: 0px;padding: 0px;border: 0px;vertical-align: baseline;background: transparent\">\n<div class=\"texte\" style=\"margin: 0px;padding: 0px;border: 0px;vertical-align: baseline;background: transparent\">\n<p style=\"margin: 0px;padding: 0px 0px 1em;border: 0px;vertical-align: baseline;background: transparent\">N\u00e9 \u00e0 Toulouse d&rsquo;un \u00e9b\u00e9niste fran\u00e7ais et d&rsquo;une m\u00e8re d&rsquo;origine italienne, Martin r\u00e9ussit \u00e0 convaincre son p\u00e8re de lui permettre de devenir artiste.<br \/>Il d\u00e9bute sa carri\u00e8re en 1877 \u00e0 l&rsquo;\u00c9cole des Beaux-Arts de Toulouse, sous la tutelle de Jules Garipuy (il est \u00e9galement \u00e9l\u00e8ve d&rsquo;Henry-Eug\u00e8ne Delacroix). En 1879, Martin s&rsquo;installe \u00e0 Paris et,\u00a0 gr\u00e2ce \u00e0 une bourse, il peut \u00e9tudier dans l&rsquo;atelier de Jean-Paul Lauren<\/p>\n<p style=\"margin: 0px;padding: 0px;border: 0px;vertical-align: baseline;background: transparent\">Quatre ans plus tard, il re\u00e7oit sa premi\u00e8re m\u00e9daille au Salon de Paris, o\u00f9 il tiendra sa premi\u00e8re exposition trois ans plus tard, en 1886.<\/p>\n<details open=\"\">\n<div class=\"descriptif_suite\" style=\"margin: 0px;padding: 0px;border: 0px;vertical-align: baseline;background: transparent\">\n<p style=\"margin: 0px;padding: 0px 0px 1em;border: 0px;vertical-align: baseline;background: transparent\">L&rsquo;ann\u00e9e suivant l&rsquo;obtention de sa premi\u00e8re m\u00e9daille, Martin se voit octroyer une bourse pour un voyage en Italie, o\u00f9 il \u00e9tudie l&rsquo;\u0153uvre de v\u00e9t\u00e9rans tels que Giotto et Masaccio.<br \/>Sa toile pr\u00e9sent\u00e9e au Salon de 1889 lui vaut la m\u00e9daille d&rsquo;or pour une \u0153uvre qualifi\u00e9e de pointilliste.<br \/>La m\u00eame ann\u00e9e, il devient membre de la L\u00e9gion d&rsquo;honneur. \u00c0 l&rsquo;Exposition universelle de 1900, il re\u00e7oit le Grand Prix pour son \u0153uvre. C&rsquo;est \u00e0 cette \u00e9poque qu&rsquo;il se lie d&rsquo;amiti\u00e9 avec Auguste Rodin.<\/p>\n<p style=\"margin: 0px;padding: 0px 0px 1em;border: 0px;vertical-align: baseline;background: transparent\">Le tableau \u00ab\u00a0Les Travaux, Place de la Concorde\u00a0\u00bb est une \u0153uvre notable d&rsquo;Henri Martin, r\u00e9alis\u00e9e en 1916. Ce tableau fait partie de ses nombreuses sc\u00e8nes urbaines et illustre un moment pr\u00e9cis dans l&rsquo;histoire de Paris pendant la Premi\u00e8re Guerre mondiale.<\/p>\n<p style=\"margin: 0px;padding: 0px 0px 1em;border: 0px;vertical-align: baseline;background: transparent\">Dans cette \u0153uvre, Henri Martin capture les travaux en cours sur la Place de la Concorde, un lieu central de Paris, au moment o\u00f9 des travaux d&rsquo;am\u00e9nagement \u00e9taient n\u00e9cessaires pour pr\u00e9parer la ville \u00e0 la guerre. Le tableau montre une sc\u00e8ne vibrante, o\u00f9 l&rsquo;artiste utilise des couleurs \u00e9clatantes et une touche de type impressionniste et fauve, caract\u00e9ristiques de son style. Il refl\u00e8te \u00e0 la fois la modernisation de Paris et l&rsquo;\u00e9nergie de la ville en pleine transformation pendant cette p\u00e9riode.<\/p>\n<p style=\"margin: 0px;padding: 0px;border: 0px;vertical-align: baseline;background: transparent\">Henri Martin, comme dans d&rsquo;autres de ses \u0153uvres, allie ici une vision r\u00e9aliste de la sc\u00e8ne \u00e0 une interpr\u00e9tation plus po\u00e9tique et artistique, donnant \u00e0 son tableau une force symbolique et esth\u00e9tique.<\/p>\n<\/div>\n<\/details>\n<\/div>\n<\/div>\n<\/div>\n<\/div>\n<footer style=\"z-index: 999;position: relative;font-family: Poppins, Helvetica, Arial, Lucida, sans-serif;font-size: 14px\">\n<p id=\"mentions\" style=\"margin: 0px;padding: 0px;border: 0px;vertical-align: baseline;background: transparent\">\n<\/footer>\n<div id=\"boutonTop\" style=\"margin: 0px;padding: 0px;border: 0px;font-size: 14px;vertical-align: baseline;background-image: initial;background-position: initial;background-size: initial;background-attachment: initial;font-family: Poppins, Helvetica, Arial, Lucida, sans-serif\"><\/div>\n<p style=\"margin: 0px;padding: 0px;border: 0px;font-size: 14px;vertical-align: baseline;background-image: initial;background-position: initial;background-size: initial;background-attachment: initial;font-family: Poppins, Helvetica, Arial, Lucida, sans-serif\">\u00a0<\/p>\n","protected":false},"excerpt":{"rendered":"<p style=\"margin: 0px;padding: 0px 0px 1em;border: 0px;font-size: 14px;vertical-align: baseline;background-image: initial;background-position: initial;background-size: initial;background-attachment: initial;font-family: Poppins, Helvetica, Arial, Lucida, sans-serif\">Notre oeuvre est une esqquisse pour la grand d\u00e9cor de la salle du Conseil d\u2019Etat \u00e0 Paris \u201cLes Travaux de la place de la concorde en 1900\u201d ( 1926.<br \/>La figure qui sera int\u00e9gr\u00e9e sera l\u00e9g\u00e8rement diff\u00e9rente<br \/>Avis d\u2019inclusion au catalogue raisonn\u00e9<br \/>certificat.<\/p>\n<p style=\"margin: 0px;padding: 0px 0px 1em;border: 0px;font-size: 14px;vertical-align: baseline;background-image: initial;background-position: initial;background-size: initial;background-attachment: initial;font-family: Poppins, Helvetica, Arial, Lucida, sans-serif\">Henri Martin 1860-1943<\/p>\n<p style=\"margin: 0px;padding: 0px;border: 0px;font-size: 14px;vertical-align: baseline;background-image: initial;background-position: initial;background-size: initial;background-attachment: initial;font-family: Poppins, Helvetica, Arial, Lucida, sans-serif\">incarne \u00e0 lui seul la richesse artistique du d\u00e9but du XXe si\u00e8cle : peintre officiel des commandes publiques pour les \u00e9difices prestigieux, portraitiste de c\u00e9l\u00e9brit\u00e9s et de travailleurs anonymes, artiste impr\u00e9gn\u00e9 de la spiritualit\u00e9 symboliste et paysagiste capturant la r\u00e9alit\u00e9 avec une touche impressionniste aux couleurs fauves.<\/p>\n","protected":false},"featured_media":31088,"template":"","meta":[],"product_brand":[],"product_cat":[],"product_tag":[],"class_list":{"0":"post-31112","1":"product","2":"type-product","3":"status-publish","4":"has-post-thumbnail","6":"description-off","8":"first","9":"instock","10":"shipping-taxable","11":"purchasable","12":"product-type-simple"},"aioseo_notices":[],"_links":{"self":[{"href":"https:\/\/www.carrerivegauche.com\/fr\/wp-json\/wp\/v2\/product\/31112","targetHints":{"allow":["GET"]}}],"collection":[{"href":"https:\/\/www.carrerivegauche.com\/fr\/wp-json\/wp\/v2\/product"}],"about":[{"href":"https:\/\/www.carrerivegauche.com\/fr\/wp-json\/wp\/v2\/types\/product"}],"wp:featuredmedia":[{"embeddable":true,"href":"https:\/\/www.carrerivegauche.com\/fr\/wp-json\/wp\/v2\/media\/31088"}],"wp:attachment":[{"href":"https:\/\/www.carrerivegauche.com\/fr\/wp-json\/wp\/v2\/media?parent=31112"}],"wp:term":[{"taxonomy":"product_brand","embeddable":true,"href":"https:\/\/www.carrerivegauche.com\/fr\/wp-json\/wp\/v2\/product_brand?post=31112"},{"taxonomy":"product_cat","embeddable":true,"href":"https:\/\/www.carrerivegauche.com\/fr\/wp-json\/wp\/v2\/product_cat?post=31112"},{"taxonomy":"product_tag","embeddable":true,"href":"https:\/\/www.carrerivegauche.com\/fr\/wp-json\/wp\/v2\/product_tag?post=31112"}],"curies":[{"name":"wp","href":"https:\/\/api.w.org\/{rel}","templated":true}]}}