 

{"id":30989,"date":"2025-01-17T15:33:28","date_gmt":"2025-01-17T14:33:28","guid":{"rendered":"https:\/\/www.carrerivegauche.com\/boutique-crg\/huile-sur-toile-jeune-garcon-a-la-tartine-par-jeanne-malivel\/"},"modified":"2025-01-17T15:33:28","modified_gmt":"2025-01-17T14:33:28","slug":"huile-sur-toile-jeune-garcon-a-la-tartine-par-jeanne-malivel","status":"publish","type":"product","link":"https:\/\/www.carrerivegauche.com\/fr\/boutique-crg\/huile-sur-toile-jeune-garcon-a-la-tartine-par-jeanne-malivel\/","title":{"rendered":"Huile sur toile, Jeune gar\u00e7on \u00e0 la tartine par Jeanne MALIVEL"},"content":{"rendered":"<p>Cependant, Jeanne souffre du mal du pays et d\u00e9cide de retourner en Bretagne, o\u00f9 elle est nomm\u00e9e professeure aux Beaux-Arts de Rennes. En 1917, elle est marqu\u00e9e par le discours inspirant du c\u00e9l\u00e8bre peintre et graveur Maxime Maufra, qui exhorte les artistes \u00e0 s&rsquo;engager dans la valorisation de la cr\u00e9ation artistique bretonne. \u00c0 partir de ce moment, une grande partie de son \u0153uvre est consacr\u00e9e \u00e0 la mise en valeur du patrimoine breton.<\/p>\n<p>Elle r\u00e9alise des \u00e9ditions de gravures racontant l\u2019histoire de la Bretagne, du mobilier et des textiles. Elle aspire \u00e0 harmoniser les formes et les couleurs des bois d\u2019ameublement avec les tableaux, les d\u00e9corations murales et les broderies des tentures.<\/p>\n<p>L\u2019Ar Seiz Breur : une vision moderne de la Bretagne<\/p>\n<p>Jeanne participe \u00e0 la fondation du mouvement Ar Seiz Breur (\u00ab\u00a0Les Sept Fr\u00e8res\u00a0\u00bb), qui allie le meilleur de la tradition bretonne aux nouvelles visions de l\u2019art moderne. Ce mouvement rejette les clich\u00e9s folkloriques d\u00e9form\u00e9s par le tourisme naissant.<\/p>\n<p>La cons\u00e9cration de Jeanne Malivel arrive en 1925, lors de l\u2019Exposition internationale des Arts d\u00e9coratifs et industriels modernes \u00e0 Paris. Le collectif obtient la d\u00e9coration de la salle principale, et Jeanne re\u00e7oit la m\u00e9daille d\u2019or pour ses c\u00e9ramiques.<\/p>\n<p>Malgr\u00e9 une carri\u00e8re \u00e9court\u00e9e \u2013 elle d\u00e9c\u00e8de \u00e0 seulement 31 ans \u2013, Jeanne Malivel continue, pendant dix ans, \u00e0 faire rayonner la Bretagne \u00e0 travers ses cr\u00e9ations.<\/p>\n<p>\u00ab Mon d\u00e9sir de toujours est de rester bretonne, de travailler dans mon pays \u00e0 l\u2019art de mon pays. \u00bb<\/p>\n<p>De son exp\u00e9rience \u00e0 l\u2019h\u00f4pital, o\u00f9 Jeanne n\u2019a cess\u00e9 de croquer les soldats, \u00e9merge dans ses \u0153uvres une touche vive et ac\u00e9r\u00e9e, port\u00e9e par un pinceau aiguis\u00e9. On y per\u00e7oit une certaine grandeur, ainsi qu\u2019un lyrisme m\u00ealant tristesse et espoir.<\/p>\n<p>Lors de ses s\u00e9jours \u00e0 Paris, elle c\u00f4toie \u00e9galement des artistes des mouvements Arts and Crafts anglais et Bauhaus allemand, qui s\u2019efforcent de rapprocher l\u2019art de l\u2019artisanat. Cette communion transpara\u00eet dans ses \u0153uvres, \u00e0 l\u2019image de notre tableau, o\u00f9 le cadre a \u00e9t\u00e9 con\u00e7u par l\u2019artiste elle-m\u00eame.<\/p>\n<p>Ce tableau provient de la descendance de l\u2019\u00e9b\u00e9niste et sculpteur Julien Bacon, avec qui Jeanne collaborait \u00e0 l\u2019atelier Saint-Gu\u00e9nol\u00e9, \u00e0 Caurel.<\/p>\n<p>Critique de l\u2019\u00e9poque\u00a0:<\/p>\n<p>\u00ab Sa peinture est ardente, sinc\u00e8re et vraie, \u00e0 peine emprisonn\u00e9e par le souci de maintenir dans le caract\u00e8re d\u00e9coratif, qui sied \u00e0 ses dispositions quasi-masculines, les manifestations de son \u00e9tonnante facilit\u00e9. [&#8230;]<\/p>\n<p>nous sommes loin des mi\u00e8vres prestations que nos modernes adolescentes \u00e9laborent entre une le\u00e7on de piano et une s\u00e9ance de couture, se donnant tout au plus la peine de glaner, par-ci, par-l\u00e0, les parti pris qui sont n\u00e9cessaires \u00e0 l&rsquo;envahissant snobisme de notre \u00e9poque\u00a0! (&#8230;)<\/p>\n<p>Et l&rsquo;impr\u00e9cise po\u00e9sie qui se d\u00e9gage du jeune talent de Mlle Malivel pla\u00eet justement par son absence de f\u00e9minit\u00e9 trouble et cette vigueur\u00a0.<a href=\"https:\/\/www.gazette-drouot.com\/article\/une-legende-de-seiz-breur\/52361#modalImg152793\"><br \/><\/a><\/p>\n<p>\u00a0<\/p>\n","protected":false},"excerpt":{"rendered":"<p>Jeanne MALIVEL 1895-1926<\/p>\n<p>Dessiner, graver, peindre, cr\u00e9er du mobilier et des textiles ornementaux, r\u00e9inventer l\u2019artisanat breton : entre 1914 et 1926, son \u0153uvre foisonnante r\u00e9v\u00e8le une artiste fid\u00e8le \u00e0 ses racines tout en s&rsquo;inscrivant dans le bouillonnement esth\u00e9tique de son \u00e9poque.<\/p>\n<p>Un engagement artistique, social et f\u00e9ministe<\/p>\n<p>N\u00e9e \u00e0 Loud\u00e9ac, dans un petit village rural de Bretagne, au sein d\u2019une famille de n\u00e9gociants \u00e9clair\u00e9s, Jeanne a la chance de pouvoir suivre des \u00e9tudes o\u00f9 son talent pour le dessin se manifeste tr\u00e8s t\u00f4t. Soutenue par sa famille, elle pr\u00e9pare, \u00e0 19 ans, le concours d\u2019entr\u00e9e aux Beaux-Arts de Paris et le r\u00e9ussit.<\/p>\n<p>Malheureusement, la guerre de 1914 frappe l\u2019Europe de plein fouet. Jeanne s\u2019engage alors comme b\u00e9n\u00e9vole \u00e0 l\u2019h\u00f4pital. Pendant ses rares moments de libert\u00e9, elle continue \u00e0 dessiner et s\u2019initie \u00e0 la gravure.<\/p>\n<p>\u00c0 la fin de la guerre, en 1918, elle repasse le concours des Beaux-Arts et se classe 4\u1d49. Elle partage ensuite un atelier \u00e0 Montparnasse, un quartier historique des artistes, avec un ma\u00eetre verrier et une sculptrice. Impr\u00e9gn\u00e9e de cette effervescence artistique moderne, elle participe \u00e0 la Guilde de Notre-Dame et aux ateliers d\u2019artistes de Maurice Denis.<\/p>\n","protected":false},"featured_media":30959,"template":"","meta":[],"product_brand":[],"product_cat":[],"product_tag":[],"class_list":{"0":"post-30989","1":"product","2":"type-product","3":"status-publish","4":"has-post-thumbnail","6":"description-off","8":"first","9":"instock","10":"shipping-taxable","11":"product-type-simple"},"aioseo_notices":[],"_links":{"self":[{"href":"https:\/\/www.carrerivegauche.com\/fr\/wp-json\/wp\/v2\/product\/30989","targetHints":{"allow":["GET"]}}],"collection":[{"href":"https:\/\/www.carrerivegauche.com\/fr\/wp-json\/wp\/v2\/product"}],"about":[{"href":"https:\/\/www.carrerivegauche.com\/fr\/wp-json\/wp\/v2\/types\/product"}],"wp:featuredmedia":[{"embeddable":true,"href":"https:\/\/www.carrerivegauche.com\/fr\/wp-json\/wp\/v2\/media\/30959"}],"wp:attachment":[{"href":"https:\/\/www.carrerivegauche.com\/fr\/wp-json\/wp\/v2\/media?parent=30989"}],"wp:term":[{"taxonomy":"product_brand","embeddable":true,"href":"https:\/\/www.carrerivegauche.com\/fr\/wp-json\/wp\/v2\/product_brand?post=30989"},{"taxonomy":"product_cat","embeddable":true,"href":"https:\/\/www.carrerivegauche.com\/fr\/wp-json\/wp\/v2\/product_cat?post=30989"},{"taxonomy":"product_tag","embeddable":true,"href":"https:\/\/www.carrerivegauche.com\/fr\/wp-json\/wp\/v2\/product_tag?post=30989"}],"curies":[{"name":"wp","href":"https:\/\/api.w.org\/{rel}","templated":true}]}}