 

{"id":30928,"date":"2025-01-07T11:08:15","date_gmt":"2025-01-07T10:08:15","guid":{"rendered":"https:\/\/www.carrerivegauche.com\/boutique-crg\/canne-a-systeme-du-18eme-siecle-avec-imposant-pommeau-en-perles-polychromes\/"},"modified":"2025-01-07T11:08:16","modified_gmt":"2025-01-07T10:08:16","slug":"canne-a-systeme-du-18eme-siecle-avec-imposant-pommeau-en-perles-polychromes","status":"publish","type":"product","link":"https:\/\/www.carrerivegauche.com\/fr\/boutique-crg\/canne-a-systeme-du-18eme-siecle-avec-imposant-pommeau-en-perles-polychromes\/","title":{"rendered":"Canne \u00e0 syst\u00e8me du 18\u00e8me si\u00e8cle avec imposant pommeau en perles polychromes"},"content":{"rendered":"<p><span>Retrouvez davantage d\u2019objets sur notre propre site internet www.galeriedelalande.fr (version fran\u00e7aise) et www.galeriedelalande.com (English version).<\/span><\/p>\n","protected":false},"excerpt":{"rendered":"<p>Canne \u00e0 syst\u00e8me avec superbe pommeau en\u00a0<span style=\"font-weight: bolder\">perles<\/span><strong>\u00a0polychromes<\/strong> \u00e0 d\u00e9cor de fleurs et m\u00e9daillon repr\u00e9sentant un ange peint sur le haut du pommeau.<\/p>\n<p>Pr\u00e9sence d\u2019un\u00a0<span style=\"font-weight: bolder\">flacon \u00e0 sel<\/span>\u00a0\u00e0 l int\u00e9rieur.<\/p>\n<p>Superbe bague en argent ouvrag\u00e9 \u00e0 d\u00e9cor de feuillages<\/p>\n<p>F\u00fbt en jonc de Malacca avec passage de dragonne en laiton.<\/p>\n<p><span>Dimension<\/span>\u00a0: longueur de 94,2 cm.<\/p>\n<p>France datable de la fin du XVIII<span style=\"position: relative;font-size: 0.75em;line-height: 0;vertical-align: baseline;top: -0.5em\">\u00e8me\u00a0<\/span>si\u00e8cle (\u00e9poque Directoire).<\/p>\n","protected":false},"featured_media":30904,"template":"","meta":[],"product_brand":[],"product_cat":[],"product_tag":[],"class_list":{"0":"post-30928","1":"product","2":"type-product","3":"status-publish","4":"has-post-thumbnail","6":"description-off","8":"first","9":"instock","10":"shipping-taxable","11":"product-type-simple"},"aioseo_notices":[],"_links":{"self":[{"href":"https:\/\/www.carrerivegauche.com\/fr\/wp-json\/wp\/v2\/product\/30928","targetHints":{"allow":["GET"]}}],"collection":[{"href":"https:\/\/www.carrerivegauche.com\/fr\/wp-json\/wp\/v2\/product"}],"about":[{"href":"https:\/\/www.carrerivegauche.com\/fr\/wp-json\/wp\/v2\/types\/product"}],"wp:featuredmedia":[{"embeddable":true,"href":"https:\/\/www.carrerivegauche.com\/fr\/wp-json\/wp\/v2\/media\/30904"}],"wp:attachment":[{"href":"https:\/\/www.carrerivegauche.com\/fr\/wp-json\/wp\/v2\/media?parent=30928"}],"wp:term":[{"taxonomy":"product_brand","embeddable":true,"href":"https:\/\/www.carrerivegauche.com\/fr\/wp-json\/wp\/v2\/product_brand?post=30928"},{"taxonomy":"product_cat","embeddable":true,"href":"https:\/\/www.carrerivegauche.com\/fr\/wp-json\/wp\/v2\/product_cat?post=30928"},{"taxonomy":"product_tag","embeddable":true,"href":"https:\/\/www.carrerivegauche.com\/fr\/wp-json\/wp\/v2\/product_tag?post=30928"}],"curies":[{"name":"wp","href":"https:\/\/api.w.org\/{rel}","templated":true}]}}