 

{"id":30825,"date":"2025-01-05T22:41:52","date_gmt":"2025-01-05T21:41:52","guid":{"rendered":"https:\/\/www.carrerivegauche.com\/boutique-crg\/coffret-a-pharmacie-datable-vers-1750\/"},"modified":"2025-01-05T22:41:53","modified_gmt":"2025-01-05T21:41:53","slug":"coffret-a-pharmacie-datable-vers-1750","status":"publish","type":"product","link":"https:\/\/www.carrerivegauche.com\/fr\/boutique-crg\/coffret-a-pharmacie-datable-vers-1750\/","title":{"rendered":"Coffret \u00e0 pharmacie datable vers 1750"},"content":{"rendered":"<p><span>Retrouvez davantage d\u2019objets sur notre propre site internet www.galeriedelalande.fr (version fran\u00e7aise) et www.galeriedelalande.com (English version).<\/span><\/p>\n","protected":false},"excerpt":{"rendered":"<p>Coffret \u00e0 pharmacie complets avec ses flacons d&rsquo;origine.<\/p>\n<p>Dans son coffret recouvert de peau de roussette en parfait \u00e9tat de conservation.<\/p>\n<p><span>Dimensions<\/span>\u00a0: hauteur 19 cm \u2013 largeur 27,5 cm &#8211; profondeur 19 cm.<\/p>\n<p><span>R\u00e9f\u00e9rence<\/span>\u00a0: du m\u00eame style que celle repr\u00e9sent\u00e9e comme \u00ab\u00a0exquisite black fish-skin chest\u00a0\u00bb expos\u00e9e au Science Museum de Londres\u00a0\u00bb voir illustr\u00e9 page 24 dans \u00ab\u00a0Antique Medicine Chest\u00a0 \u2013 Anne Mortimer Young- Vernier Press \u2013 Brighton 1994\u00a0\u00bb.<\/p>\n<p>Angleterre datable vers 1750.<\/p>\n","protected":false},"featured_media":30807,"template":"","meta":[],"product_brand":[],"product_cat":[],"product_tag":[],"class_list":{"0":"post-30825","1":"product","2":"type-product","3":"status-publish","4":"has-post-thumbnail","6":"description-off","8":"first","9":"instock","10":"shipping-taxable","11":"product-type-simple"},"aioseo_notices":[],"_links":{"self":[{"href":"https:\/\/www.carrerivegauche.com\/fr\/wp-json\/wp\/v2\/product\/30825","targetHints":{"allow":["GET"]}}],"collection":[{"href":"https:\/\/www.carrerivegauche.com\/fr\/wp-json\/wp\/v2\/product"}],"about":[{"href":"https:\/\/www.carrerivegauche.com\/fr\/wp-json\/wp\/v2\/types\/product"}],"wp:featuredmedia":[{"embeddable":true,"href":"https:\/\/www.carrerivegauche.com\/fr\/wp-json\/wp\/v2\/media\/30807"}],"wp:attachment":[{"href":"https:\/\/www.carrerivegauche.com\/fr\/wp-json\/wp\/v2\/media?parent=30825"}],"wp:term":[{"taxonomy":"product_brand","embeddable":true,"href":"https:\/\/www.carrerivegauche.com\/fr\/wp-json\/wp\/v2\/product_brand?post=30825"},{"taxonomy":"product_cat","embeddable":true,"href":"https:\/\/www.carrerivegauche.com\/fr\/wp-json\/wp\/v2\/product_cat?post=30825"},{"taxonomy":"product_tag","embeddable":true,"href":"https:\/\/www.carrerivegauche.com\/fr\/wp-json\/wp\/v2\/product_tag?post=30825"}],"curies":[{"name":"wp","href":"https:\/\/api.w.org\/{rel}","templated":true}]}}