 

{"id":30806,"date":"2025-01-05T22:34:52","date_gmt":"2025-01-05T21:34:52","guid":{"rendered":"https:\/\/www.carrerivegauche.com\/boutique-crg\/diorama-de-marine-miniature-polychrome-datable-de-la-fin-du-19eme-siecle\/"},"modified":"2025-01-05T22:34:53","modified_gmt":"2025-01-05T21:34:53","slug":"diorama-de-marine-miniature-polychrome-datable-de-la-fin-du-19eme-siecle","status":"publish","type":"product","link":"https:\/\/www.carrerivegauche.com\/fr\/boutique-crg\/diorama-de-marine-miniature-polychrome-datable-de-la-fin-du-19eme-siecle\/","title":{"rendered":"Diorama de marine miniature polychrome datable de la fin du 19\u00e8me si\u00e8cle"},"content":{"rendered":"<p><span>Retrouvez davantage d\u2019objets sur notre propre site internet www.galeriedelalande.fr (version fran\u00e7aise) et www.galeriedelalande.com (English version).<\/span><\/p>\n","protected":false},"excerpt":{"rendered":"<p>Charmant\u00a0<span style=\"font-weight: bolder\">diorama de marine<\/span>\u00a0miniature polychrome en bois laqu\u00e9 repr\u00e9sentant un trois-m\u00e2ts \u00e0 pavillon allemand de la r\u00e9gion (Land) du Schleswig-Holstein, qui se trouve au Nord de l\u2019Allemagne au-dessus de la ville d\u2019Hambourg.<\/p>\n<p>En partie basse \u00e0 droite pr\u00e9sence d\u2019un bateau \u00e0 vapeur.<\/p>\n<p>La mer est repr\u00e9sent\u00e9e de couleur verte et le ciel avec des nuages blancs.<\/p>\n<p>Dans son cadre d\u2019origine en bois noirci avec liser\u00e9 dor\u00e9.<\/p>\n<p><u>Dimension<\/u>\u00a0: longueur de 23,3 cm x hauteur de 19 cm x profondeur de 5,5 cm.<\/p>\n<p>Allemagne datable vers 1870\/1880.\u00a0<\/p>\n","protected":false},"featured_media":30785,"template":"","meta":[],"product_brand":[],"product_cat":[],"product_tag":[],"class_list":{"0":"post-30806","1":"product","2":"type-product","3":"status-publish","4":"has-post-thumbnail","6":"description-off","8":"first","9":"instock","10":"shipping-taxable","11":"product-type-simple"},"aioseo_notices":[],"_links":{"self":[{"href":"https:\/\/www.carrerivegauche.com\/fr\/wp-json\/wp\/v2\/product\/30806","targetHints":{"allow":["GET"]}}],"collection":[{"href":"https:\/\/www.carrerivegauche.com\/fr\/wp-json\/wp\/v2\/product"}],"about":[{"href":"https:\/\/www.carrerivegauche.com\/fr\/wp-json\/wp\/v2\/types\/product"}],"wp:featuredmedia":[{"embeddable":true,"href":"https:\/\/www.carrerivegauche.com\/fr\/wp-json\/wp\/v2\/media\/30785"}],"wp:attachment":[{"href":"https:\/\/www.carrerivegauche.com\/fr\/wp-json\/wp\/v2\/media?parent=30806"}],"wp:term":[{"taxonomy":"product_brand","embeddable":true,"href":"https:\/\/www.carrerivegauche.com\/fr\/wp-json\/wp\/v2\/product_brand?post=30806"},{"taxonomy":"product_cat","embeddable":true,"href":"https:\/\/www.carrerivegauche.com\/fr\/wp-json\/wp\/v2\/product_cat?post=30806"},{"taxonomy":"product_tag","embeddable":true,"href":"https:\/\/www.carrerivegauche.com\/fr\/wp-json\/wp\/v2\/product_tag?post=30806"}],"curies":[{"name":"wp","href":"https:\/\/api.w.org\/{rel}","templated":true}]}}