 

{"id":30765,"date":"2025-01-05T21:37:10","date_gmt":"2025-01-05T20:37:10","guid":{"rendered":"https:\/\/www.carrerivegauche.com\/boutique-crg\/longue-vue-en-cuir-et-velin-vert-datable-vers-1700\/"},"modified":"2025-01-05T21:38:30","modified_gmt":"2025-01-05T20:38:30","slug":"longue-vue-en-cuir-et-velin-vert-datable-vers-1700","status":"publish","type":"product","link":"https:\/\/www.carrerivegauche.com\/fr\/boutique-crg\/longue-vue-en-cuir-et-velin-vert-datable-vers-1700\/","title":{"rendered":"Longue-vue en cuir et v\u00e9lin vert datable vers 1700"},"content":{"rendered":"<p>Retrouvez davantage d\u2019objets sur notre propre site internet www.galeriedelalande.fr (version fran\u00e7aise) et www.galeriedelalande.com (English version).<\/p>\n","protected":false},"excerpt":{"rendered":"<p>Longue-vue avec f\u00fbt et couvercles en cuir \u00e0 2 tirages en v\u00e9lin vert \u00e0 d\u00e9cors g\u00e9om\u00e9triques.<\/p>\n<p>Montures en buis.<\/p>\n<p><span style=\"text-decoration: underline\" data-mce-style=\"text-decoration: underline;\">Dimension<\/span>\u00a0: longueur de 15,9 cm (ferm\u00e9e).<\/p>\n<p>France datable vers 1700.<\/p>\n","protected":false},"featured_media":30756,"template":"","meta":[],"product_brand":[],"product_cat":[],"product_tag":[],"class_list":{"0":"post-30765","1":"product","2":"type-product","3":"status-publish","4":"has-post-thumbnail","6":"description-off","8":"first","9":"instock","10":"shipping-taxable","11":"product-type-simple"},"aioseo_notices":[],"_links":{"self":[{"href":"https:\/\/www.carrerivegauche.com\/fr\/wp-json\/wp\/v2\/product\/30765","targetHints":{"allow":["GET"]}}],"collection":[{"href":"https:\/\/www.carrerivegauche.com\/fr\/wp-json\/wp\/v2\/product"}],"about":[{"href":"https:\/\/www.carrerivegauche.com\/fr\/wp-json\/wp\/v2\/types\/product"}],"wp:featuredmedia":[{"embeddable":true,"href":"https:\/\/www.carrerivegauche.com\/fr\/wp-json\/wp\/v2\/media\/30756"}],"wp:attachment":[{"href":"https:\/\/www.carrerivegauche.com\/fr\/wp-json\/wp\/v2\/media?parent=30765"}],"wp:term":[{"taxonomy":"product_brand","embeddable":true,"href":"https:\/\/www.carrerivegauche.com\/fr\/wp-json\/wp\/v2\/product_brand?post=30765"},{"taxonomy":"product_cat","embeddable":true,"href":"https:\/\/www.carrerivegauche.com\/fr\/wp-json\/wp\/v2\/product_cat?post=30765"},{"taxonomy":"product_tag","embeddable":true,"href":"https:\/\/www.carrerivegauche.com\/fr\/wp-json\/wp\/v2\/product_tag?post=30765"}],"curies":[{"name":"wp","href":"https:\/\/api.w.org\/{rel}","templated":true}]}}