 

{"id":30752,"date":"2025-01-05T21:31:52","date_gmt":"2025-01-05T20:31:52","guid":{"rendered":"https:\/\/www.carrerivegauche.com\/boutique-crg\/rape-a-tabac-en-buis-par-cesar-bagard-concu-a-nancy-a-la-fin-du-17eme-siecle\/"},"modified":"2025-01-05T22:27:54","modified_gmt":"2025-01-05T21:27:54","slug":"rape-a-tabac-en-buis-par-cesar-bagard-concu-a-nancy-a-la-fin-du-17eme-siecle","status":"publish","type":"product","link":"https:\/\/www.carrerivegauche.com\/fr\/boutique-crg\/rape-a-tabac-en-buis-par-cesar-bagard-concu-a-nancy-a-la-fin-du-17eme-siecle\/","title":{"rendered":"R\u00e2pe \u00e0 tabac en buis par C\u00e9sar Bagard con\u00e7u \u00e0 Nancy \u00e0 la fin du 17\u00e8me si\u00e8cle"},"content":{"rendered":"<p>Retrouvez davantage d\u2019objets sur notre propre site internet www.galeriedelalande.fr (version fran\u00e7aise) et www.galeriedelalande.com (English version).<\/p>\n","protected":false},"excerpt":{"rendered":"<p><span style=\"font-weight: bolder\" data-mce-style=\"font-weight: bolder;\">R\u00e2pe \u00e0 tabac en buis \u00e0 couvercle \u00e0 pivot<\/span>.<\/p>\n<p>Le couvercle sculpt\u00e9 d\u2019une couronne de comte (9 perles) et de ses armes (casque tar\u00e9 de front vantail ferm\u00e9 aigle bic\u00e9phale) au dos le chiffre \u00ab LG \u00bb sous une couronne de duc.<\/p>\n<p>R\u00e2poir \u00e0 chevron.<\/p>\n<p><u>R\u00e9f\u00e9rence<\/u>\u00a0: travail de C\u00e9sar Bagard \u00e0 Nancy 1675 \/1700 r\u00e9f Pinto plate 25.<\/p>\n<p>Dimension\u00a0: longueur de 16,4 cm.<\/p>\n<p><span style=\"font-weight: bolder\" data-mce-style=\"font-weight: bolder;\">Nancy datable vers 1675\/1700.<\/span><\/p>\n","protected":false},"featured_media":30740,"template":"","meta":[],"product_brand":[],"product_cat":[],"product_tag":[],"class_list":{"0":"post-30752","1":"product","2":"type-product","3":"status-publish","4":"has-post-thumbnail","6":"description-off","8":"first","9":"instock","10":"shipping-taxable","11":"product-type-simple"},"aioseo_notices":[],"_links":{"self":[{"href":"https:\/\/www.carrerivegauche.com\/fr\/wp-json\/wp\/v2\/product\/30752","targetHints":{"allow":["GET"]}}],"collection":[{"href":"https:\/\/www.carrerivegauche.com\/fr\/wp-json\/wp\/v2\/product"}],"about":[{"href":"https:\/\/www.carrerivegauche.com\/fr\/wp-json\/wp\/v2\/types\/product"}],"wp:featuredmedia":[{"embeddable":true,"href":"https:\/\/www.carrerivegauche.com\/fr\/wp-json\/wp\/v2\/media\/30740"}],"wp:attachment":[{"href":"https:\/\/www.carrerivegauche.com\/fr\/wp-json\/wp\/v2\/media?parent=30752"}],"wp:term":[{"taxonomy":"product_brand","embeddable":true,"href":"https:\/\/www.carrerivegauche.com\/fr\/wp-json\/wp\/v2\/product_brand?post=30752"},{"taxonomy":"product_cat","embeddable":true,"href":"https:\/\/www.carrerivegauche.com\/fr\/wp-json\/wp\/v2\/product_cat?post=30752"},{"taxonomy":"product_tag","embeddable":true,"href":"https:\/\/www.carrerivegauche.com\/fr\/wp-json\/wp\/v2\/product_tag?post=30752"}],"curies":[{"name":"wp","href":"https:\/\/api.w.org\/{rel}","templated":true}]}}