 

{"id":30727,"date":"2025-01-05T21:26:08","date_gmt":"2025-01-05T20:26:08","guid":{"rendered":"https:\/\/www.carrerivegauche.com\/boutique-crg\/puissante-courte-pipe-a-opium-au-poing-datable-du-19eme-siecle\/"},"modified":"2025-01-05T21:26:08","modified_gmt":"2025-01-05T20:26:08","slug":"puissante-courte-pipe-a-opium-au-poing-datable-du-19eme-siecle","status":"publish","type":"product","link":"https:\/\/www.carrerivegauche.com\/fr\/boutique-crg\/puissante-courte-pipe-a-opium-au-poing-datable-du-19eme-siecle\/","title":{"rendered":"Puissante courte pipe \u00e0 opium au poing datable du 19\u00e8me si\u00e8cle"},"content":{"rendered":"<p><span>Retrouvez davantage d\u2019objets sur notre propre site internet www.galeriedelalande.fr (version fran\u00e7aise) et www.galeriedelalande.com (English version).<\/span><\/p>\n","protected":false},"excerpt":{"rendered":"<p>Puissante courte pipe \u00e0 opium au poing avec d\u00e9cor<span style=\"font-weight: bolder\">\u00a0<\/span>du Yin et Yang au-dessous du poing.<\/p>\n<p>Beau fourneau rond en terre cuite brune avec caract\u00e8res calligraphiques sur son dessus.<\/p>\n<p>Jolie patine uniforme.<\/p>\n<p><u>Nota<\/u>\u00a0: Le Yin \u00e9voque entre autres le principe f\u00e9minin, la lune, l&rsquo;obscurit\u00e9, la fra\u00eecheur, la r\u00e9ceptivit\u00e9, etc. et le Yang repr\u00e9sente entre autres le principe masculin, le soleil, la luminosit\u00e9, la chaleur, l&rsquo;\u00e9lan, l&rsquo;action, etc.<\/p>\n<p><span>Dimension<\/span>\u00a0: longueur de 34,5 cm.<\/p>\n<p>Chine datable du XIX<span style=\"position: relative;font-size: 0.75em;line-height: 0;vertical-align: baseline;top: -0.5em\">\u00e8me<\/span>\u00a0si\u00e8cle.<\/p>\n","protected":false},"featured_media":30718,"template":"","meta":[],"product_brand":[],"product_cat":[],"product_tag":[],"class_list":{"0":"post-30727","1":"product","2":"type-product","3":"status-publish","4":"has-post-thumbnail","6":"description-off","8":"first","9":"instock","10":"shipping-taxable","11":"product-type-simple"},"aioseo_notices":[],"_links":{"self":[{"href":"https:\/\/www.carrerivegauche.com\/fr\/wp-json\/wp\/v2\/product\/30727","targetHints":{"allow":["GET"]}}],"collection":[{"href":"https:\/\/www.carrerivegauche.com\/fr\/wp-json\/wp\/v2\/product"}],"about":[{"href":"https:\/\/www.carrerivegauche.com\/fr\/wp-json\/wp\/v2\/types\/product"}],"wp:featuredmedia":[{"embeddable":true,"href":"https:\/\/www.carrerivegauche.com\/fr\/wp-json\/wp\/v2\/media\/30718"}],"wp:attachment":[{"href":"https:\/\/www.carrerivegauche.com\/fr\/wp-json\/wp\/v2\/media?parent=30727"}],"wp:term":[{"taxonomy":"product_brand","embeddable":true,"href":"https:\/\/www.carrerivegauche.com\/fr\/wp-json\/wp\/v2\/product_brand?post=30727"},{"taxonomy":"product_cat","embeddable":true,"href":"https:\/\/www.carrerivegauche.com\/fr\/wp-json\/wp\/v2\/product_cat?post=30727"},{"taxonomy":"product_tag","embeddable":true,"href":"https:\/\/www.carrerivegauche.com\/fr\/wp-json\/wp\/v2\/product_tag?post=30727"}],"curies":[{"name":"wp","href":"https:\/\/api.w.org\/{rel}","templated":true}]}}