 

{"id":30714,"date":"2025-01-05T21:20:14","date_gmt":"2025-01-05T20:20:14","guid":{"rendered":"https:\/\/www.carrerivegauche.com\/boutique-crg\/paire-de-dents-de-cachalot-du-19eme-siecle-representant-deux-ecossais-en-tenue\/"},"modified":"2025-01-05T21:21:02","modified_gmt":"2025-01-05T20:21:02","slug":"paire-de-dents-de-cachalot-du-19eme-siecle-representant-deux-ecossais-en-tenue","status":"publish","type":"product","link":"https:\/\/www.carrerivegauche.com\/fr\/boutique-crg\/paire-de-dents-de-cachalot-du-19eme-siecle-representant-deux-ecossais-en-tenue\/","title":{"rendered":"Paire de dents de cachalot du 19\u00e8me si\u00e8cle repr\u00e9sentant deux \u00e9cossais en tenue"},"content":{"rendered":"<p>Retrouvez davantage d\u2019objets sur notre propre site internet www.galeriedelalande.fr (version fran\u00e7aise) et www.galeriedelalande.com (English version).<\/p>\n","protected":false},"excerpt":{"rendered":"<p><span style=\"font-weight: bolder\" data-mce-style=\"font-weight: bolder;\">Paire de dents de cachalot<\/span>\u00a0finement grav\u00e9e en polychromie repr\u00e9sentant\u00a0<span style=\"font-weight: bolder\" data-mce-style=\"font-weight: bolder;\">deux \u00e9cossais <\/span>dans un paysage montagneux, le tout entour\u00e9 de vases fleuris.<\/p>\n<p>L\u2019un des personnages joue de la cornemuse et le second tient son \u00e9p\u00e9e dans la main gauche.<\/p>\n<p><u>Dimension<\/u>\u00a0: hauteurs de 13 cm.<\/p>\n<p>Datable du milieu du XIX<span style=\"position: relative;font-size: 0.75em;line-height: 0;vertical-align: baseline;top: -0.5em\" data-mce-style=\"position: relative; font-size: 0.75em; line-height: 0; vertical-align: baseline; top: -0.5em;\">\u00e8me<\/span>\u00a0si\u00e8cle.<\/p>\n","protected":false},"featured_media":30684,"template":"","meta":[],"product_brand":[],"product_cat":[],"product_tag":[],"class_list":{"0":"post-30714","1":"product","2":"type-product","3":"status-publish","4":"has-post-thumbnail","6":"description-off","8":"first","9":"instock","10":"shipping-taxable","11":"product-type-simple"},"aioseo_notices":[],"_links":{"self":[{"href":"https:\/\/www.carrerivegauche.com\/fr\/wp-json\/wp\/v2\/product\/30714","targetHints":{"allow":["GET"]}}],"collection":[{"href":"https:\/\/www.carrerivegauche.com\/fr\/wp-json\/wp\/v2\/product"}],"about":[{"href":"https:\/\/www.carrerivegauche.com\/fr\/wp-json\/wp\/v2\/types\/product"}],"wp:featuredmedia":[{"embeddable":true,"href":"https:\/\/www.carrerivegauche.com\/fr\/wp-json\/wp\/v2\/media\/30684"}],"wp:attachment":[{"href":"https:\/\/www.carrerivegauche.com\/fr\/wp-json\/wp\/v2\/media?parent=30714"}],"wp:term":[{"taxonomy":"product_brand","embeddable":true,"href":"https:\/\/www.carrerivegauche.com\/fr\/wp-json\/wp\/v2\/product_brand?post=30714"},{"taxonomy":"product_cat","embeddable":true,"href":"https:\/\/www.carrerivegauche.com\/fr\/wp-json\/wp\/v2\/product_cat?post=30714"},{"taxonomy":"product_tag","embeddable":true,"href":"https:\/\/www.carrerivegauche.com\/fr\/wp-json\/wp\/v2\/product_tag?post=30714"}],"curies":[{"name":"wp","href":"https:\/\/api.w.org\/{rel}","templated":true}]}}