 

{"id":30683,"date":"2025-01-05T12:39:10","date_gmt":"2025-01-05T11:39:10","guid":{"rendered":"https:\/\/www.carrerivegauche.com\/boutique-crg\/globe-celeste-signe-mattheus-seutter-datable-vers-1710\/"},"modified":"2025-01-05T12:39:11","modified_gmt":"2025-01-05T11:39:11","slug":"globe-celeste-signe-mattheus-seutter-datable-vers-1710","status":"publish","type":"product","link":"https:\/\/www.carrerivegauche.com\/fr\/boutique-crg\/globe-celeste-signe-mattheus-seutter-datable-vers-1710\/","title":{"rendered":"Globe c\u00e9leste sign\u00e9 Mattheus Seutter datable vers 1710"},"content":{"rendered":"<p><span>Retrouvez davantage d\u2019objets sur notre propre site internet www.galeriedelalande.fr (version fran\u00e7aise) et www.galeriedelalande.com (English version).<\/span><\/p>\n","protected":false},"excerpt":{"rendered":"<p><span style=\"font-weight: bolder\">Globe c\u00e9leste de biblioth\u00e8que<\/span>\u00a0en pl\u00e2tre recouvert de fuseaux en papier aquarell\u00e9 \u00e0 l\u2019int\u00e9rieur d\u2019un m\u00e9ridien de laiton ench\u00e2ss\u00e9 dans son support form\u00e9 d\u2019une table \u00e9quatoriale reposant sur quatre pieds.<\/p>\n<p>Le globe constitu\u00e9 de douze fuseaux coll\u00e9s et aquarell\u00e9s portant les constellations de Ptol\u00e9m\u00e9e avec leur nom et les principales \u00e9toiles. On trouve \u00e9galement les principaux cercles : Equateur et\u00a0 Ecliptique en rouge et divis\u00e9s en degr\u00e9s, les deux Tropique et les deux cercles polaires en noir. Dans l\u2019h\u00e9misph\u00e8re sud on trouve un cartouche sign\u00e9 : \u00ab Globus Coeslestis in quo omnes Alterismi accurate delineati cura et m.pensis\u00a0<span style=\"font-weight: bolder\">Matthaei Seutteri<\/span>\u00a0Chalcogr. August \u00bb.<\/p>\n<p>Le cercle m\u00e9ridien en laiton est gradu\u00e9 quatre fois de 0 \u00e0 90 degr\u00e9s et divis\u00e9 en degr\u00e9s. La table \u00e9quatoriale en carton recouvert de papier aquarell\u00e9 portant un calendrier et le Zodiaque ainsi que les 32 points Cardinaux.<\/p>\n<p>Le calendrier gradu\u00e9 de Janvier \u00e0 D\u00e9cembre en latin avec les jours de chaque mois. Le calendrier zodiacal gradu\u00e9 des douze signes du Zodiaque en latin et subdivis\u00e9 chacun en 10 degr\u00e9s.<\/p>\n<p>Sur son support form\u00e9 de quatre pieds balustre en bois tourn\u00e9 et teint\u00e9 reli\u00e9s entre eux \u00e0 la base avec au centre un disque en bois formant support pour le globe.<\/p>\n<p><span>Dimensions<\/span>\u00a0: hauteur de 29 cm x diam\u00e8tres de 29,5 cm (total) et 20,5 cm (globe \/ 8 pouces).<\/p>\n<p><span style=\"font-weight: bolder\">Augsbourg datable vers 1710.<\/span><\/p>\n","protected":false},"featured_media":30653,"template":"","meta":[],"product_brand":[],"product_cat":[],"product_tag":[],"class_list":{"0":"post-30683","1":"product","2":"type-product","3":"status-publish","4":"has-post-thumbnail","6":"description-off","8":"first","9":"instock","10":"shipping-taxable","11":"product-type-simple"},"aioseo_notices":[],"_links":{"self":[{"href":"https:\/\/www.carrerivegauche.com\/fr\/wp-json\/wp\/v2\/product\/30683","targetHints":{"allow":["GET"]}}],"collection":[{"href":"https:\/\/www.carrerivegauche.com\/fr\/wp-json\/wp\/v2\/product"}],"about":[{"href":"https:\/\/www.carrerivegauche.com\/fr\/wp-json\/wp\/v2\/types\/product"}],"wp:featuredmedia":[{"embeddable":true,"href":"https:\/\/www.carrerivegauche.com\/fr\/wp-json\/wp\/v2\/media\/30653"}],"wp:attachment":[{"href":"https:\/\/www.carrerivegauche.com\/fr\/wp-json\/wp\/v2\/media?parent=30683"}],"wp:term":[{"taxonomy":"product_brand","embeddable":true,"href":"https:\/\/www.carrerivegauche.com\/fr\/wp-json\/wp\/v2\/product_brand?post=30683"},{"taxonomy":"product_cat","embeddable":true,"href":"https:\/\/www.carrerivegauche.com\/fr\/wp-json\/wp\/v2\/product_cat?post=30683"},{"taxonomy":"product_tag","embeddable":true,"href":"https:\/\/www.carrerivegauche.com\/fr\/wp-json\/wp\/v2\/product_tag?post=30683"}],"curies":[{"name":"wp","href":"https:\/\/api.w.org\/{rel}","templated":true}]}}