 

{"id":30605,"date":"2025-01-05T11:46:28","date_gmt":"2025-01-05T10:46:28","guid":{"rendered":"https:\/\/www.carrerivegauche.com\/boutique-crg\/tabatiere-en-ecaille-et-or-representant-une-femme-avec-un-globe-depoque-premier-empire\/"},"modified":"2025-01-05T11:46:28","modified_gmt":"2025-01-05T10:46:28","slug":"tabatiere-en-ecaille-et-or-representant-une-femme-avec-un-globe-depoque-premier-empire","status":"publish","type":"product","link":"https:\/\/www.carrerivegauche.com\/fr\/boutique-crg\/tabatiere-en-ecaille-et-or-representant-une-femme-avec-un-globe-depoque-premier-empire\/","title":{"rendered":"Tabati\u00e8re en \u00e9caille et or repr\u00e9sentant une femme avec un globe d&rsquo;\u00e9poque Premier Empire"},"content":{"rendered":"<p><span>Retrouvez davantage d\u2019objets sur notre propre site internet www.galeriedelalande.fr (version fran\u00e7aise) et www.galeriedelalande.com (English version).<\/span><\/p>\n","protected":false},"excerpt":{"rendered":"<p><span style=\"font-weight: bolder\">Tabati\u00e8re de forme ronde en \u00e9caille et or orn\u00e9 d\u2019une miniature\u00a0<\/span>repr\u00e9sentant une jeune femme assise et accoud\u00e9e montrant un globe de sa main gauche.<\/p>\n<p>Montures en or.<\/p>\n<p>Le contour et la base sont en \u00e9caille piqu\u00e9 d\u2019\u00e9toiles d\u2019or.<\/p>\n<p><span>Condition<\/span>\u00a0: bonne.<\/p>\n<p><span>Dimensions<\/span>\u00a0: diam\u00e8tre de\u00a07,9 cm \/ hauteur de 2,7 cm (verre bomb\u00e9).<\/p>\n<p>Poin\u00e7on Paris 1798\/1809 (garantie + trace du poin\u00e7on de ma\u00eetre + petit poin\u00e7on de contr\u00f4le).<\/p>\n<p>Epoque Premier Empire.<\/p>\n","protected":false},"featured_media":30590,"template":"","meta":[],"product_brand":[],"product_cat":[],"product_tag":[],"class_list":{"0":"post-30605","1":"product","2":"type-product","3":"status-publish","4":"has-post-thumbnail","6":"description-off","8":"first","9":"instock","10":"shipping-taxable","11":"product-type-simple"},"aioseo_notices":[],"_links":{"self":[{"href":"https:\/\/www.carrerivegauche.com\/fr\/wp-json\/wp\/v2\/product\/30605","targetHints":{"allow":["GET"]}}],"collection":[{"href":"https:\/\/www.carrerivegauche.com\/fr\/wp-json\/wp\/v2\/product"}],"about":[{"href":"https:\/\/www.carrerivegauche.com\/fr\/wp-json\/wp\/v2\/types\/product"}],"wp:featuredmedia":[{"embeddable":true,"href":"https:\/\/www.carrerivegauche.com\/fr\/wp-json\/wp\/v2\/media\/30590"}],"wp:attachment":[{"href":"https:\/\/www.carrerivegauche.com\/fr\/wp-json\/wp\/v2\/media?parent=30605"}],"wp:term":[{"taxonomy":"product_brand","embeddable":true,"href":"https:\/\/www.carrerivegauche.com\/fr\/wp-json\/wp\/v2\/product_brand?post=30605"},{"taxonomy":"product_cat","embeddable":true,"href":"https:\/\/www.carrerivegauche.com\/fr\/wp-json\/wp\/v2\/product_cat?post=30605"},{"taxonomy":"product_tag","embeddable":true,"href":"https:\/\/www.carrerivegauche.com\/fr\/wp-json\/wp\/v2\/product_tag?post=30605"}],"curies":[{"name":"wp","href":"https:\/\/api.w.org\/{rel}","templated":true}]}}