 

{"id":30589,"date":"2025-01-05T11:42:42","date_gmt":"2025-01-05T10:42:42","guid":{"rendered":"https:\/\/www.carrerivegauche.com\/boutique-crg\/pipe-en-ecume-de-mer-representant-une-creature-de-la-mer\/"},"modified":"2025-01-05T11:42:42","modified_gmt":"2025-01-05T10:42:42","slug":"pipe-en-ecume-de-mer-representant-une-creature-de-la-mer","status":"publish","type":"product","link":"https:\/\/www.carrerivegauche.com\/fr\/boutique-crg\/pipe-en-ecume-de-mer-representant-une-creature-de-la-mer\/","title":{"rendered":"Pipe en \u00e9cume de mer repr\u00e9sentant une cr\u00e9ature de la mer"},"content":{"rendered":"<p><span>Retrouvez davantage d\u2019objets sur notre propre site internet www.galeriedelalande.fr (version fran\u00e7aise) et www.galeriedelalande.com (English version).<\/span><\/p>\n","protected":false},"excerpt":{"rendered":"<p><span style=\"font-weight: bolder\">Pipe en \u00e9cume<\/span>\u00a0de mer repr\u00e9sentant une\u00a0<span style=\"font-weight: bolder\">cr\u00e9ature de la mer<\/span>\u00a0la gueule ouverte.<\/p>\n<p>Bague argent.<\/p>\n<p>Tuyau en ambre.<\/p>\n<p><u>R\u00e9f\u00e9rence<\/u>\u00a0: illustr\u00e9 et d\u00e9crit page 131 dans le livre \u00ab Collecting Antique Meerschaum Pipes \u00bb (1999) de Ben Rapaport.<\/p>\n<p><u>Dimension<\/u>\u00a0: longueur de 18 cm.<\/p>\n<p>France datable vers 1900.<\/p>\n","protected":false},"featured_media":30562,"template":"","meta":[],"product_brand":[],"product_cat":[],"product_tag":[],"class_list":{"0":"post-30589","1":"product","2":"type-product","3":"status-publish","4":"has-post-thumbnail","6":"description-off","8":"first","9":"instock","10":"shipping-taxable","11":"product-type-simple"},"aioseo_notices":[],"_links":{"self":[{"href":"https:\/\/www.carrerivegauche.com\/fr\/wp-json\/wp\/v2\/product\/30589","targetHints":{"allow":["GET"]}}],"collection":[{"href":"https:\/\/www.carrerivegauche.com\/fr\/wp-json\/wp\/v2\/product"}],"about":[{"href":"https:\/\/www.carrerivegauche.com\/fr\/wp-json\/wp\/v2\/types\/product"}],"wp:featuredmedia":[{"embeddable":true,"href":"https:\/\/www.carrerivegauche.com\/fr\/wp-json\/wp\/v2\/media\/30562"}],"wp:attachment":[{"href":"https:\/\/www.carrerivegauche.com\/fr\/wp-json\/wp\/v2\/media?parent=30589"}],"wp:term":[{"taxonomy":"product_brand","embeddable":true,"href":"https:\/\/www.carrerivegauche.com\/fr\/wp-json\/wp\/v2\/product_brand?post=30589"},{"taxonomy":"product_cat","embeddable":true,"href":"https:\/\/www.carrerivegauche.com\/fr\/wp-json\/wp\/v2\/product_cat?post=30589"},{"taxonomy":"product_tag","embeddable":true,"href":"https:\/\/www.carrerivegauche.com\/fr\/wp-json\/wp\/v2\/product_tag?post=30589"}],"curies":[{"name":"wp","href":"https:\/\/api.w.org\/{rel}","templated":true}]}}