 

{"id":30561,"date":"2025-01-05T11:32:16","date_gmt":"2025-01-05T10:32:16","guid":{"rendered":"https:\/\/www.carrerivegauche.com\/boutique-crg\/ensemble-de-quatre-maquettes-de-ponton-miniatures-datable-du-debut-du-19eme-siecle\/"},"modified":"2025-01-05T11:32:17","modified_gmt":"2025-01-05T10:32:17","slug":"ensemble-de-quatre-maquettes-de-ponton-miniatures-datable-du-debut-du-19eme-siecle","status":"publish","type":"product","link":"https:\/\/www.carrerivegauche.com\/fr\/boutique-crg\/ensemble-de-quatre-maquettes-de-ponton-miniatures-datable-du-debut-du-19eme-siecle\/","title":{"rendered":"Ensemble de quatre maquettes de ponton miniatures datable du d\u00e9but du 19\u00e8me si\u00e8cle"},"content":{"rendered":"<p><span>Retrouvez davantage d\u2019objets sur notre propre site internet www.galeriedelalande.fr (version fran\u00e7aise) et www.galeriedelalande.com (English version).<\/span><\/p>\n","protected":false},"excerpt":{"rendered":"<p><span style=\"font-weight: bolder\">Ensemble de quatre maquettes de ponton miniatures en buis<\/span>\u00a0comprenant un vaisseau arm\u00e9 \u00e0 deux m\u00e2ts toutes voiles dehors, un second de plus petite taille \u00e9galement arm\u00e9e et toutes voiles dehors, puis deux cotres de part et d\u2019autre dont un arm\u00e9.<\/p>\n<p>Rarissime pr\u00e9sence de marins \u00e0 bord de tous les bateaux.<\/p>\n<p>L\u2019ensemble repose sur un miroir d\u00e9limit\u00e9 par des balustres.<\/p>\n<p>Pr\u00e9sent\u00e9 sur socle noir \u00e0 quatre pieds supportant le d\u00f4me d\u2019origine en verre.<\/p>\n<p><u>Dimensions<\/u>\u00a0: longueur de 28 cm x hauteur de 28 cm.<\/p>\n<p>France datable vers 1800\/1810.<\/p>\n<p>NB : nombreuses photos suppl\u00e9mentaires sur demande.<\/p>\n","protected":false},"featured_media":30534,"template":"","meta":[],"product_brand":[],"product_cat":[],"product_tag":[],"class_list":{"0":"post-30561","1":"product","2":"type-product","3":"status-publish","4":"has-post-thumbnail","6":"description-off","8":"first","9":"instock","10":"shipping-taxable","11":"product-type-simple"},"aioseo_notices":[],"_links":{"self":[{"href":"https:\/\/www.carrerivegauche.com\/fr\/wp-json\/wp\/v2\/product\/30561","targetHints":{"allow":["GET"]}}],"collection":[{"href":"https:\/\/www.carrerivegauche.com\/fr\/wp-json\/wp\/v2\/product"}],"about":[{"href":"https:\/\/www.carrerivegauche.com\/fr\/wp-json\/wp\/v2\/types\/product"}],"wp:featuredmedia":[{"embeddable":true,"href":"https:\/\/www.carrerivegauche.com\/fr\/wp-json\/wp\/v2\/media\/30534"}],"wp:attachment":[{"href":"https:\/\/www.carrerivegauche.com\/fr\/wp-json\/wp\/v2\/media?parent=30561"}],"wp:term":[{"taxonomy":"product_brand","embeddable":true,"href":"https:\/\/www.carrerivegauche.com\/fr\/wp-json\/wp\/v2\/product_brand?post=30561"},{"taxonomy":"product_cat","embeddable":true,"href":"https:\/\/www.carrerivegauche.com\/fr\/wp-json\/wp\/v2\/product_cat?post=30561"},{"taxonomy":"product_tag","embeddable":true,"href":"https:\/\/www.carrerivegauche.com\/fr\/wp-json\/wp\/v2\/product_tag?post=30561"}],"curies":[{"name":"wp","href":"https:\/\/api.w.org\/{rel}","templated":true}]}}