 

{"id":30517,"date":"2025-01-05T11:11:07","date_gmt":"2025-01-05T10:11:07","guid":{"rendered":"https:\/\/www.carrerivegauche.com\/boutique-crg\/paire-de-couverts-pliants-en-os-teinte-datable-du-18eme-siecle\/"},"modified":"2025-01-05T11:11:07","modified_gmt":"2025-01-05T10:11:07","slug":"paire-de-couverts-pliants-en-os-teinte-datable-du-18eme-siecle","status":"publish","type":"product","link":"https:\/\/www.carrerivegauche.com\/fr\/boutique-crg\/paire-de-couverts-pliants-en-os-teinte-datable-du-18eme-siecle\/","title":{"rendered":"Paire de couverts pliants en os teint\u00e9 datable du 18\u00e8me si\u00e8cle"},"content":{"rendered":"<p><span>Retrouvez davantage d\u2019objets sur notre propre site internet www.galeriedelalande.fr (version fran\u00e7aise) et www.galeriedelalande.com (English version).<\/span><\/p>\n","protected":false},"excerpt":{"rendered":"<p>Paire de couverts pliants compos\u00e9 d\u2019un couteau et d\u2019une fourchette trident.<\/p>\n<p>Manches en os teint\u00e9 vert avec d\u00e9cors de fleurs en argent sur chaque face et virole en laiton.<\/p>\n<p>Lame en acier avec marque illisible de fabricant.<\/p>\n<p><span>R\u00e9f\u00e9rence<\/span>\u00a0: \u00a0mod\u00e8le similaire illustr\u00e9 et d\u00e9crit page 239 n\u00b0 434 du livre \u00ab Cutlery \u00bb The J. Hollander Collection (\u00e0 droite sur la photo)<\/p>\n<p><span>Dimensions\u00a0<\/span>:\u00a0<br \/>&#8211; couteau : longueurs de 15,1 cm (ouvert) et de 8,3 cm (ferm\u00e9)<br \/>&#8211; fourchette : longueurs de 14,7 cm (ouverte) et de 8,1 cm (ferm\u00e9e)<\/p>\n<p>Allemagne datable du XVIII\u00e8me si\u00e8cle.<\/p>\n","protected":false},"featured_media":30487,"template":"","meta":[],"product_brand":[],"product_cat":[],"product_tag":[],"class_list":{"0":"post-30517","1":"product","2":"type-product","3":"status-publish","4":"has-post-thumbnail","6":"description-off","8":"first","9":"instock","10":"shipping-taxable","11":"product-type-simple"},"aioseo_notices":[],"_links":{"self":[{"href":"https:\/\/www.carrerivegauche.com\/fr\/wp-json\/wp\/v2\/product\/30517","targetHints":{"allow":["GET"]}}],"collection":[{"href":"https:\/\/www.carrerivegauche.com\/fr\/wp-json\/wp\/v2\/product"}],"about":[{"href":"https:\/\/www.carrerivegauche.com\/fr\/wp-json\/wp\/v2\/types\/product"}],"wp:featuredmedia":[{"embeddable":true,"href":"https:\/\/www.carrerivegauche.com\/fr\/wp-json\/wp\/v2\/media\/30487"}],"wp:attachment":[{"href":"https:\/\/www.carrerivegauche.com\/fr\/wp-json\/wp\/v2\/media?parent=30517"}],"wp:term":[{"taxonomy":"product_brand","embeddable":true,"href":"https:\/\/www.carrerivegauche.com\/fr\/wp-json\/wp\/v2\/product_brand?post=30517"},{"taxonomy":"product_cat","embeddable":true,"href":"https:\/\/www.carrerivegauche.com\/fr\/wp-json\/wp\/v2\/product_cat?post=30517"},{"taxonomy":"product_tag","embeddable":true,"href":"https:\/\/www.carrerivegauche.com\/fr\/wp-json\/wp\/v2\/product_tag?post=30517"}],"curies":[{"name":"wp","href":"https:\/\/api.w.org\/{rel}","templated":true}]}}