 

{"id":30419,"date":"2025-01-05T10:45:27","date_gmt":"2025-01-05T09:45:27","guid":{"rendered":"https:\/\/www.carrerivegauche.com\/boutique-crg\/canne-de-baleinier-du-19eme-siecle-representant-un-oiseau-aile\/"},"modified":"2025-01-05T10:45:27","modified_gmt":"2025-01-05T09:45:27","slug":"canne-de-baleinier-du-19eme-siecle-representant-un-oiseau-aile","status":"publish","type":"product","link":"https:\/\/www.carrerivegauche.com\/fr\/boutique-crg\/canne-de-baleinier-du-19eme-siecle-representant-un-oiseau-aile\/","title":{"rendered":"Canne de baleinier du 19\u00e8me si\u00e8cle repr\u00e9sentant un oiseau ail\u00e9"},"content":{"rendered":"<p><span>Retrouvez davantage d\u2019objets sur notre propre site internet www.galeriedelalande.fr (version fran\u00e7aise) et www.galeriedelalande.com (English version).<\/span><\/p>\n","protected":false},"excerpt":{"rendered":"<p><strong>Canne de baleinier\u00a0<\/strong>avec pommeau en dent de morse et fanon de baleine repr\u00e9sentant un\u00a0<strong>oiseau ail\u00e9<\/strong>.<\/p>\n<p>Bague ouvrag\u00e9e en dent de morse avec petits cercles en fanon de baleine.<\/p>\n<p>F\u00fbt en os de baleine travaill\u00e9 en partie haute avec cercles en \u00e9caille et fanon de baleine, et tourn\u00e9 fa\u00e7on narval sur toute la longueur.<\/p>\n<p><u>Dimension<\/u>\u00a0: longueur de 88,7 cm.<\/p>\n<p>Angleterre ou USA datable du XIX<sup>\u00e8me<\/sup> si\u00e8cle.<\/p>\n","protected":false},"featured_media":30395,"template":"","meta":[],"product_brand":[],"product_cat":[],"product_tag":[],"class_list":{"0":"post-30419","1":"product","2":"type-product","3":"status-publish","4":"has-post-thumbnail","6":"description-off","8":"first","9":"instock","10":"shipping-taxable","11":"product-type-simple"},"aioseo_notices":[],"_links":{"self":[{"href":"https:\/\/www.carrerivegauche.com\/fr\/wp-json\/wp\/v2\/product\/30419","targetHints":{"allow":["GET"]}}],"collection":[{"href":"https:\/\/www.carrerivegauche.com\/fr\/wp-json\/wp\/v2\/product"}],"about":[{"href":"https:\/\/www.carrerivegauche.com\/fr\/wp-json\/wp\/v2\/types\/product"}],"wp:featuredmedia":[{"embeddable":true,"href":"https:\/\/www.carrerivegauche.com\/fr\/wp-json\/wp\/v2\/media\/30395"}],"wp:attachment":[{"href":"https:\/\/www.carrerivegauche.com\/fr\/wp-json\/wp\/v2\/media?parent=30419"}],"wp:term":[{"taxonomy":"product_brand","embeddable":true,"href":"https:\/\/www.carrerivegauche.com\/fr\/wp-json\/wp\/v2\/product_brand?post=30419"},{"taxonomy":"product_cat","embeddable":true,"href":"https:\/\/www.carrerivegauche.com\/fr\/wp-json\/wp\/v2\/product_cat?post=30419"},{"taxonomy":"product_tag","embeddable":true,"href":"https:\/\/www.carrerivegauche.com\/fr\/wp-json\/wp\/v2\/product_tag?post=30419"}],"curies":[{"name":"wp","href":"https:\/\/api.w.org\/{rel}","templated":true}]}}