 

{"id":30393,"date":"2024-12-31T11:17:31","date_gmt":"2024-12-31T10:17:31","guid":{"rendered":"https:\/\/www.carrerivegauche.com\/boutique-crg\/huile-sur-toile-les-muses-au-musee-du-louvre-par-louis-beroud\/"},"modified":"2024-12-31T11:17:31","modified_gmt":"2024-12-31T10:17:31","slug":"huile-sur-toile-les-muses-au-musee-du-louvre-par-louis-beroud","status":"publish","type":"product","link":"https:\/\/www.carrerivegauche.com\/fr\/boutique-crg\/huile-sur-toile-les-muses-au-musee-du-louvre-par-louis-beroud\/","title":{"rendered":"Huile sur toile, Les Muses au Mus\u00e9e du Louvre par Louis BEROUD"},"content":{"rendered":"<p>Consid\u00e9r\u00e9 comme l\u2019un des plus grands artistes de son \u00e9poque,<br \/>B\u00e9roud illustre \u00e0 travers ses \u0153uvres l\u2019\u00e9volution culturelle et technique de son temps.<br \/>Parmi ses r\u00e9alisations majeures, on trouve des repr\u00e9sentations de l\u2019Op\u00e9ra,de la Galerie des Machines lors de l\u2019Exposition universelle de 1889,<br \/>ou encore du tombeau de Napol\u00e9on aux Invalides.<\/p>\n<p>Ses peintures, toujours empreintes de grandeur et de somptuosit\u00e9, t\u00e9moignent de son sens du d\u00e9tailet de la mise en sc\u00e8ne,d\u00e9montrant une certaine modernit\u00e9.<\/p>\n<p>Mais le lieu que l\u2019artiste affectionne tout particuli\u00e8rement et qu\u2019il a le plus souvent repr\u00e9sent\u00e9 reste le Louvre.<\/p>\n<p>L\u2019artiste consacre une grande partie de son temps \u00e0 explorer les salles du Louvre,<br \/>qu\u2019il d\u00e9peint tant\u00f4t avec un r\u00e9alisme saisissant, tant\u00f4t avec une emphase po\u00e9tique o\u00f9 des muses semblent animer les tableaux,<br \/>ou encore avec une touche d\u2019humour, imaginant les \u0153uvres sortir de leurs cadres.<\/p>\n<p>Un jour,<br \/>venu au Louvre peindre la Joconde , il fut le premier \u00e0 d\u00e9couvrir ,<br \/>avec stupeur , un panneau vide et quatre clous l\u00e0 o\u00f9 aurait d\u00fb \u00eatre expos\u00e9e la toile du ma\u00eetre italien<br \/>B\u00e9roud est ainsi le premier \u00e0 constater ce qui deviendra le vol le plus c\u00e9l\u00e8bre de l\u2019histoire de l\u2019art.<\/p>\n<p>Avec B\u00e9roud,<br \/>nous d\u00e9couvrirons la vie tr\u00e9pidante du Mus\u00e9e, le salon carr\u00e9, la Salle Rubens avec son public de copistes, de curieux et de gardiens.<br \/>Les tableaux que l\u2019artiste peint lorsqu\u2019il se trouve au Louvrenous d\u00e9voilent aussi un peintre \u00e0 l\u2019imagination d\u00e9bordante.<\/p>\n","protected":false},"excerpt":{"rendered":"<p>Louis B\u00e9roud 1852-1930<\/p>\n<p>d\u00e9bute sa carri\u00e8re comme apprenti d\u00e9corater avant d\u2019int\u00e9grer l\u2019atelier du c\u00e9l\u00e8bre L\u00e9on Bonnat.<br \/>D\u00e8s 1873, il commence \u00e0 exposer au Salon, o\u00f9 son travail est r\u00e9guli\u00e8rement<br \/>salu\u00e9 et r\u00e9compens\u00e9 par des m\u00e9dailles au fil des ann\u00e9es.<\/p>\n","protected":false},"featured_media":30366,"template":"","meta":[],"product_brand":[],"product_cat":[],"product_tag":[],"class_list":{"0":"post-30393","1":"product","2":"type-product","3":"status-publish","4":"has-post-thumbnail","6":"description-off","8":"first","9":"instock","10":"shipping-taxable","11":"product-type-simple"},"aioseo_notices":[],"_links":{"self":[{"href":"https:\/\/www.carrerivegauche.com\/fr\/wp-json\/wp\/v2\/product\/30393","targetHints":{"allow":["GET"]}}],"collection":[{"href":"https:\/\/www.carrerivegauche.com\/fr\/wp-json\/wp\/v2\/product"}],"about":[{"href":"https:\/\/www.carrerivegauche.com\/fr\/wp-json\/wp\/v2\/types\/product"}],"wp:featuredmedia":[{"embeddable":true,"href":"https:\/\/www.carrerivegauche.com\/fr\/wp-json\/wp\/v2\/media\/30366"}],"wp:attachment":[{"href":"https:\/\/www.carrerivegauche.com\/fr\/wp-json\/wp\/v2\/media?parent=30393"}],"wp:term":[{"taxonomy":"product_brand","embeddable":true,"href":"https:\/\/www.carrerivegauche.com\/fr\/wp-json\/wp\/v2\/product_brand?post=30393"},{"taxonomy":"product_cat","embeddable":true,"href":"https:\/\/www.carrerivegauche.com\/fr\/wp-json\/wp\/v2\/product_cat?post=30393"},{"taxonomy":"product_tag","embeddable":true,"href":"https:\/\/www.carrerivegauche.com\/fr\/wp-json\/wp\/v2\/product_tag?post=30393"}],"curies":[{"name":"wp","href":"https:\/\/api.w.org\/{rel}","templated":true}]}}