 

{"id":30365,"date":"2024-12-28T11:43:09","date_gmt":"2024-12-28T10:43:09","guid":{"rendered":"https:\/\/www.carrerivegauche.com\/boutique-crg\/fume-cigarette-representant-une-fleur-avec-ses-petales-fabrique-par-jean-sommer-a-paris\/"},"modified":"2024-12-28T11:43:09","modified_gmt":"2024-12-28T10:43:09","slug":"fume-cigarette-representant-une-fleur-avec-ses-petales-fabrique-par-jean-sommer-a-paris","status":"publish","type":"product","link":"https:\/\/www.carrerivegauche.com\/fr\/boutique-crg\/fume-cigarette-representant-une-fleur-avec-ses-petales-fabrique-par-jean-sommer-a-paris\/","title":{"rendered":"Fume-cigarette repr\u00e9sentant une fleur avec ses p\u00e9tales fabriqu\u00e9 par Jean Sommer \u00e0 Paris"},"content":{"rendered":"<p><span>Retrouvez davantage d\u2019objets sur notre propre site internet www.galeriedelalande.fr (version fran\u00e7aise) et www.galeriedelalande.com (English version).<\/span><\/p>\n","protected":false},"excerpt":{"rendered":"<p>Fume-cigarette en \u00e9cume de mer repr\u00e9sentant une\u00a0<span style=\"font-weight: bolder\">fleur\u00a0<\/span><span style=\"font-size: 1rem\">superbement sculpt\u00e9e\u00a0<\/span><span style=\"font-weight: bolder;font-size: 1rem\">avec ses p\u00e9tales<\/span><span style=\"font-size: 1rem\">.<\/span><\/p>\n<p>Tuyau en ambre et godet en \u00e9cume.<\/p>\n<p>Dans son \u00e9crin d\u2019origine sign\u00e9 \u00ab\u00a0<span style=\"font-weight: bolder\">J. Sommer<\/span>\u00a0Fabt Paris\u00a0\u00bb avec l\u2019inscription \u00ab\u00a0M\u00e9dailles d\u2019or 1878-1789-1900\u00a0\u00bb.<\/p>\n<p><u>R\u00e9f\u00e9rence<\/u>\u00a0: dans le livre \u00ab Collecting Antique Meerschaum Pipes \u00bb (1999) de Ben Rapaport page 140.<\/p>\n<p><u>Dimension<\/u>\u00a0: longueur \u00e9crin de 18 cm.<\/p>\n<p>Paris entre 1900\/1905.<\/p>\n","protected":false},"featured_media":30338,"template":"","meta":[],"product_brand":[],"product_cat":[],"product_tag":[],"class_list":{"0":"post-30365","1":"product","2":"type-product","3":"status-publish","4":"has-post-thumbnail","6":"description-off","8":"first","9":"instock","10":"shipping-taxable","11":"product-type-simple"},"aioseo_notices":[],"_links":{"self":[{"href":"https:\/\/www.carrerivegauche.com\/fr\/wp-json\/wp\/v2\/product\/30365","targetHints":{"allow":["GET"]}}],"collection":[{"href":"https:\/\/www.carrerivegauche.com\/fr\/wp-json\/wp\/v2\/product"}],"about":[{"href":"https:\/\/www.carrerivegauche.com\/fr\/wp-json\/wp\/v2\/types\/product"}],"wp:featuredmedia":[{"embeddable":true,"href":"https:\/\/www.carrerivegauche.com\/fr\/wp-json\/wp\/v2\/media\/30338"}],"wp:attachment":[{"href":"https:\/\/www.carrerivegauche.com\/fr\/wp-json\/wp\/v2\/media?parent=30365"}],"wp:term":[{"taxonomy":"product_brand","embeddable":true,"href":"https:\/\/www.carrerivegauche.com\/fr\/wp-json\/wp\/v2\/product_brand?post=30365"},{"taxonomy":"product_cat","embeddable":true,"href":"https:\/\/www.carrerivegauche.com\/fr\/wp-json\/wp\/v2\/product_cat?post=30365"},{"taxonomy":"product_tag","embeddable":true,"href":"https:\/\/www.carrerivegauche.com\/fr\/wp-json\/wp\/v2\/product_tag?post=30365"}],"curies":[{"name":"wp","href":"https:\/\/api.w.org\/{rel}","templated":true}]}}