 

{"id":30318,"date":"2024-12-23T21:49:46","date_gmt":"2024-12-23T20:49:46","guid":{"rendered":"https:\/\/www.carrerivegauche.com\/boutique-crg\/anneau-equatorial-en-laiton-signe-e-culpeper-fecit-datable-vers-1710-1720\/"},"modified":"2024-12-23T21:49:46","modified_gmt":"2024-12-23T20:49:46","slug":"anneau-equatorial-en-laiton-signe-e-culpeper-fecit-datable-vers-1710-1720","status":"publish","type":"product","link":"https:\/\/www.carrerivegauche.com\/fr\/boutique-crg\/anneau-equatorial-en-laiton-signe-e-culpeper-fecit-datable-vers-1710-1720\/","title":{"rendered":"Anneau \u00e9quatorial en laiton sign\u00e9 E. Culpeper fecit datable vers 1710\/1720"},"content":{"rendered":"<p><span>Retrouvez davantage d\u2019objets sur notre propre site internet www.galeriedelalande.fr (version fran\u00e7aise) et www.galeriedelalande.com (English version).<\/span><\/p>\n","protected":false},"excerpt":{"rendered":"<p>Anneau \u00e9quatorial en laiton sign\u00e9\u00a0<span style=\"font-weight: bolder\">\u00ab E. Culpeper Fecit<\/span>\u00a0\u00bb.<\/p>\n<p>Le cercle m\u00e9ridien, c\u00f4t\u00e9 signature, porte une \u00e9chelle des latitudes 90-0-90. De l\u2019autre c\u00f4t\u00e9 une \u00e9chelle gradu\u00e9e de 0 \u00e0 90 centr\u00e9e sur le petit trou situ\u00e9 \u00e0 l\u2019oppos\u00e9.<\/p>\n<p>L\u2019anneau horaire gradu\u00e9 sur une face de I \u00e0 XII deux fois et subdivis\u00e9 de 30 minutes, 15 minutes, 5 minutes. A l\u2019int\u00e9rieur les m\u00eames divisions.<\/p>\n<p>Le pont central porte d\u2019un c\u00f4t\u00e9 l\u2019\u00e9chelle des mois et de l\u2019autre le Zodiaque, avec le curseur mobile au centre. Pr\u00e9sence d\u2019un petit tr\u00f4ne mobile supportant un anneau de fer.<\/p>\n<p><span>Dimensions<\/span>\u00a0: diam\u00e8tre de 15,3 cm x hauteur de 19 cm.<\/p>\n<p>Angleterre datable vers 1710\/20.<\/p>\n","protected":false},"featured_media":30294,"template":"","meta":[],"product_brand":[],"product_cat":[],"product_tag":[],"class_list":{"0":"post-30318","1":"product","2":"type-product","3":"status-publish","4":"has-post-thumbnail","6":"description-off","8":"first","9":"instock","10":"shipping-taxable","11":"product-type-simple"},"aioseo_notices":[],"_links":{"self":[{"href":"https:\/\/www.carrerivegauche.com\/fr\/wp-json\/wp\/v2\/product\/30318","targetHints":{"allow":["GET"]}}],"collection":[{"href":"https:\/\/www.carrerivegauche.com\/fr\/wp-json\/wp\/v2\/product"}],"about":[{"href":"https:\/\/www.carrerivegauche.com\/fr\/wp-json\/wp\/v2\/types\/product"}],"wp:featuredmedia":[{"embeddable":true,"href":"https:\/\/www.carrerivegauche.com\/fr\/wp-json\/wp\/v2\/media\/30294"}],"wp:attachment":[{"href":"https:\/\/www.carrerivegauche.com\/fr\/wp-json\/wp\/v2\/media?parent=30318"}],"wp:term":[{"taxonomy":"product_brand","embeddable":true,"href":"https:\/\/www.carrerivegauche.com\/fr\/wp-json\/wp\/v2\/product_brand?post=30318"},{"taxonomy":"product_cat","embeddable":true,"href":"https:\/\/www.carrerivegauche.com\/fr\/wp-json\/wp\/v2\/product_cat?post=30318"},{"taxonomy":"product_tag","embeddable":true,"href":"https:\/\/www.carrerivegauche.com\/fr\/wp-json\/wp\/v2\/product_tag?post=30318"}],"curies":[{"name":"wp","href":"https:\/\/api.w.org\/{rel}","templated":true}]}}