 

{"id":30236,"date":"2024-12-23T21:28:23","date_gmt":"2024-12-23T20:28:23","guid":{"rendered":"https:\/\/www.carrerivegauche.com\/boutique-crg\/canne-de-la-manufacture-de-ludwigsburg-datable-vers-1770-representant-une-femme-en-buste\/"},"modified":"2024-12-23T21:28:23","modified_gmt":"2024-12-23T20:28:23","slug":"canne-de-la-manufacture-de-ludwigsburg-datable-vers-1770-representant-une-femme-en-buste","status":"publish","type":"product","link":"https:\/\/www.carrerivegauche.com\/fr\/boutique-crg\/canne-de-la-manufacture-de-ludwigsburg-datable-vers-1770-representant-une-femme-en-buste\/","title":{"rendered":"Canne de la manufacture de Ludwigsburg datable vers 1770 repr\u00e9sentant une femme en buste"},"content":{"rendered":"<p><span>Retrouvez davantage d\u2019objets sur notre propre site internet www.galeriedelalande.fr (version fran\u00e7aise) et www.galeriedelalande.com (English version).<\/span><\/p>\n","protected":false},"excerpt":{"rendered":"<p>Exceptionnelle canne de collection en\u00a0<span style=\"font-weight: bolder\">porcelaine polychrome de la\u00a0<\/span><span style=\"font-weight: bolder\">manufacture de\u00a0<\/span><span style=\"font-weight: bolder\">Ludwigsburg repr\u00e9sentant une femme en buste<\/span>.<\/p>\n<p>Bague en or 22 carats ouvrag\u00e9 avec multiples poin\u00e7ons (poin\u00e7on de charge, poin\u00e7on de jurande, poin\u00e7on de l&rsquo;orf\u00e8vre et poin\u00e7on de d\u00e9charge).<\/p>\n<p>F\u00fbt en jonc de Malacca blond, passage de dragonne en or.<\/p>\n<p>Longue f\u00e9rule en laiton avec talon acier.<\/p>\n<p><u>Nota<\/u>\u00a0: La manufacture de Ludwigsburg porte le nom de son lieu et fut fond\u00e9e au nord de Stuttgard en 1758 par Karl Eugen, duc de W\u00fcrtemberg. Elle d\u00e9voleppa son style propre, en s\u2019adaptant \u00e0 d\u2019autres : rococo, puis n\u00e9o-classique et Empire. La meilleure p\u00e9riode de cr\u00e9ation se situe entre 1760 \u00e0 1785 sous le contr\u00f4le du chef dessinateur Gottlieb Friedrich Riedel ayant travaill\u00e9 \u00e0 Meissen, H\u00f4chst et Frankenthal. Le modeleur Johann Christian Wilhelm Beyer, avec ses cr\u00e9ations animali\u00e8res ainsi que des pommeaux de cannes, marqua beaucoup le style de Ludwigsburg. Cette manufacture, r\u00e9pondant au go\u00fbt de luxe du duc, cr\u00e9a \u00e9norm\u00e9ment d&rsquo;objets.<\/p>\n<p><u>Dimensions<\/u> : longueurs de 7,5 cm (pommeau), 1,3 cm (bague), 8, 2 cm (f\u00e9rule), 111, 4 cm totale.<\/p>\n<p><span style=\"font-weight: bolder\">Allemagne vers 1770\/1780.\u00a0 \u00a0 \u00a0<\/span><\/p>\n","protected":false},"featured_media":30221,"template":"","meta":[],"product_brand":[],"product_cat":[],"product_tag":[],"class_list":{"0":"post-30236","1":"product","2":"type-product","3":"status-publish","4":"has-post-thumbnail","6":"description-off","8":"first","9":"instock","10":"shipping-taxable","11":"product-type-simple"},"aioseo_notices":[],"_links":{"self":[{"href":"https:\/\/www.carrerivegauche.com\/fr\/wp-json\/wp\/v2\/product\/30236","targetHints":{"allow":["GET"]}}],"collection":[{"href":"https:\/\/www.carrerivegauche.com\/fr\/wp-json\/wp\/v2\/product"}],"about":[{"href":"https:\/\/www.carrerivegauche.com\/fr\/wp-json\/wp\/v2\/types\/product"}],"wp:featuredmedia":[{"embeddable":true,"href":"https:\/\/www.carrerivegauche.com\/fr\/wp-json\/wp\/v2\/media\/30221"}],"wp:attachment":[{"href":"https:\/\/www.carrerivegauche.com\/fr\/wp-json\/wp\/v2\/media?parent=30236"}],"wp:term":[{"taxonomy":"product_brand","embeddable":true,"href":"https:\/\/www.carrerivegauche.com\/fr\/wp-json\/wp\/v2\/product_brand?post=30236"},{"taxonomy":"product_cat","embeddable":true,"href":"https:\/\/www.carrerivegauche.com\/fr\/wp-json\/wp\/v2\/product_cat?post=30236"},{"taxonomy":"product_tag","embeddable":true,"href":"https:\/\/www.carrerivegauche.com\/fr\/wp-json\/wp\/v2\/product_tag?post=30236"}],"curies":[{"name":"wp","href":"https:\/\/api.w.org\/{rel}","templated":true}]}}