 

{"id":30220,"date":"2024-12-23T21:24:15","date_gmt":"2024-12-23T20:24:15","guid":{"rendered":"https:\/\/www.carrerivegauche.com\/boutique-crg\/pipe-a-opium-en-rondelles-divoire-datable-du-19eme-siecle\/"},"modified":"2024-12-23T21:24:15","modified_gmt":"2024-12-23T20:24:15","slug":"pipe-a-opium-en-rondelles-divoire-datable-du-19eme-siecle","status":"publish","type":"product","link":"https:\/\/www.carrerivegauche.com\/fr\/boutique-crg\/pipe-a-opium-en-rondelles-divoire-datable-du-19eme-siecle\/","title":{"rendered":"Pipe \u00e0 opium en rondelles d&rsquo;ivoire datable du 19\u00e8me si\u00e8cle"},"content":{"rendered":"<p><span>Retrouvez davantage d\u2019objets sur notre propre site internet www.galeriedelalande.fr (version fran\u00e7aise) et www.galeriedelalande.com (English version).<\/span><\/p>\n","protected":false},"excerpt":{"rendered":"<p>Pipe \u00e0 opium 1\/3 \u2013 2\/3 compos\u00e9e de\u00a0<span style=\"font-weight: bolder\">8 rondelles d\u2019ivoire\u00a0<\/span>et d\u2019un su\u00e7on \u00e9galement en ivoire.<\/p>\n<p>Plaquette en argent \u00e0 d\u00e9cor floral.<\/p>\n<p>Arr\u00eatoir en ivoire en forme de loir.<\/p>\n<p>Fourneau rond en terre cuite \u00e0 d\u00e9cor de deux grues dans les feuillages avec signatures calligraphi\u00e9es sur le dessus et le dessous du fourneau.<\/p>\n<p><span>Dimension<\/span>\u00a0: longueur de 52,6 cm.<\/p>\n<p>Chine datable du XIX\u00e8me si\u00e8cle.<\/p>\n","protected":false},"featured_media":30205,"template":"","meta":[],"product_brand":[],"product_cat":[],"product_tag":[],"class_list":{"0":"post-30220","1":"product","2":"type-product","3":"status-publish","4":"has-post-thumbnail","6":"description-off","8":"first","9":"instock","10":"shipping-taxable","11":"product-type-simple"},"aioseo_notices":[],"_links":{"self":[{"href":"https:\/\/www.carrerivegauche.com\/fr\/wp-json\/wp\/v2\/product\/30220","targetHints":{"allow":["GET"]}}],"collection":[{"href":"https:\/\/www.carrerivegauche.com\/fr\/wp-json\/wp\/v2\/product"}],"about":[{"href":"https:\/\/www.carrerivegauche.com\/fr\/wp-json\/wp\/v2\/types\/product"}],"wp:featuredmedia":[{"embeddable":true,"href":"https:\/\/www.carrerivegauche.com\/fr\/wp-json\/wp\/v2\/media\/30205"}],"wp:attachment":[{"href":"https:\/\/www.carrerivegauche.com\/fr\/wp-json\/wp\/v2\/media?parent=30220"}],"wp:term":[{"taxonomy":"product_brand","embeddable":true,"href":"https:\/\/www.carrerivegauche.com\/fr\/wp-json\/wp\/v2\/product_brand?post=30220"},{"taxonomy":"product_cat","embeddable":true,"href":"https:\/\/www.carrerivegauche.com\/fr\/wp-json\/wp\/v2\/product_cat?post=30220"},{"taxonomy":"product_tag","embeddable":true,"href":"https:\/\/www.carrerivegauche.com\/fr\/wp-json\/wp\/v2\/product_tag?post=30220"}],"curies":[{"name":"wp","href":"https:\/\/api.w.org\/{rel}","templated":true}]}}