 

{"id":30198,"date":"2024-12-23T21:20:03","date_gmt":"2024-12-23T20:20:03","guid":{"rendered":"https:\/\/www.carrerivegauche.com\/boutique-crg\/sablier-en-arte-povera-a-beaux-decors-datable-vers-1720\/"},"modified":"2024-12-23T21:20:04","modified_gmt":"2024-12-23T20:20:04","slug":"sablier-en-arte-povera-a-beaux-decors-datable-vers-1720","status":"publish","type":"product","link":"https:\/\/www.carrerivegauche.com\/fr\/boutique-crg\/sablier-en-arte-povera-a-beaux-decors-datable-vers-1720\/","title":{"rendered":"Sablier en Arte Povera \u00e0 beaux d\u00e9cors datable vers 1720"},"content":{"rendered":"<p><span>Retrouvez davantage d\u2019objets sur notre propre site internet www.galeriedelalande.fr (version fran\u00e7aise) et www.galeriedelalande.com (English version).<\/span><\/p>\n","protected":false},"excerpt":{"rendered":"<p>Sablier \u00e0 deux fioles dans sa monture en\u00a0<span style=\"font-weight: bolder\">Arte Povera<\/span>\u00a0datable vers 1720.<\/p>\n<p>La monture en bois polychrom\u00e9 et dor\u00e9 comporte deux bases circulaires \u00e0 d\u00e9cor de fleurs.<\/p>\n<p>D\u00e9cors d\u2019un joueur de lyre entour\u00e9 d\u2019animaux de la for\u00eat ainsi que de papillons et d\u2019insectes.<\/p>\n<p>La monture comporte une fen\u00eatre chantourn\u00e9e d\u00e9voilant une fiole \u00e0 deux ampoules reli\u00e9es par joint de cire recouvert de tissu brun et d\u2019un fil de brocard. Sable de silice de couleur orange.<\/p>\n<p><u>Dimensions<\/u>\u00a0: hauteur de 15,2 cm x diam\u00e8tre de 7 cm.<\/p>\n<p><span style=\"font-weight: bolder\">France ou Italie datable vers 1720.\u00a0 \u00a0\u00a0<\/span><\/p>\n","protected":false},"featured_media":30171,"template":"","meta":[],"product_brand":[],"product_cat":[],"product_tag":[],"class_list":{"0":"post-30198","1":"product","2":"type-product","3":"status-publish","4":"has-post-thumbnail","6":"description-off","8":"first","9":"instock","10":"shipping-taxable","11":"product-type-simple"},"aioseo_notices":[],"_links":{"self":[{"href":"https:\/\/www.carrerivegauche.com\/fr\/wp-json\/wp\/v2\/product\/30198","targetHints":{"allow":["GET"]}}],"collection":[{"href":"https:\/\/www.carrerivegauche.com\/fr\/wp-json\/wp\/v2\/product"}],"about":[{"href":"https:\/\/www.carrerivegauche.com\/fr\/wp-json\/wp\/v2\/types\/product"}],"wp:featuredmedia":[{"embeddable":true,"href":"https:\/\/www.carrerivegauche.com\/fr\/wp-json\/wp\/v2\/media\/30171"}],"wp:attachment":[{"href":"https:\/\/www.carrerivegauche.com\/fr\/wp-json\/wp\/v2\/media?parent=30198"}],"wp:term":[{"taxonomy":"product_brand","embeddable":true,"href":"https:\/\/www.carrerivegauche.com\/fr\/wp-json\/wp\/v2\/product_brand?post=30198"},{"taxonomy":"product_cat","embeddable":true,"href":"https:\/\/www.carrerivegauche.com\/fr\/wp-json\/wp\/v2\/product_cat?post=30198"},{"taxonomy":"product_tag","embeddable":true,"href":"https:\/\/www.carrerivegauche.com\/fr\/wp-json\/wp\/v2\/product_tag?post=30198"}],"curies":[{"name":"wp","href":"https:\/\/api.w.org\/{rel}","templated":true}]}}