 

{"id":30170,"date":"2024-12-23T21:14:31","date_gmt":"2024-12-23T20:14:31","guid":{"rendered":"https:\/\/www.carrerivegauche.com\/boutique-crg\/sphere-armillaire-par-delure-et-moullart-sanson-datable-vers-1705-1706\/"},"modified":"2024-12-23T21:14:31","modified_gmt":"2024-12-23T20:14:31","slug":"sphere-armillaire-par-delure-et-moullart-sanson-datable-vers-1705-1706","status":"publish","type":"product","link":"https:\/\/www.carrerivegauche.com\/fr\/boutique-crg\/sphere-armillaire-par-delure-et-moullart-sanson-datable-vers-1705-1706\/","title":{"rendered":"Sph\u00e8re armillaire par Delure et Moullart Sanson datable vers 1705\/1706"},"content":{"rendered":"<p><span>Retrouvez davantage d\u2019objets sur notre propre site internet www.galeriedelalande.fr (version fran\u00e7aise) et www.galeriedelalande.com (English version).<\/span><\/p>\n","protected":false},"excerpt":{"rendered":"<p>Superbe et rare sph\u00e8re armillaire de type ptol\u00e9ma\u00efque, avec la Terre au centre de l\u2019Univers, entour\u00e9e de deux armilles repr\u00e9sentant la lune et le soleil.<\/p>\n<p>Cercle m\u00e9ridien en laiton \u00e0 360 degr\u00e9s.<\/p>\n<p>Table \u00e9quatoriale repr\u00e9sentant les diff\u00e9rents signes du Zodiaque.<\/p>\n<p>L\u2019\u00e9cliptique est sign\u00e9 \u00ab\u00a0<span style=\"font-weight: bolder\">A Paris chez I. B. Delure \u00e0 Limage Nostre Dame Au March\u00e9 Neuf avec privil\u00e8ge du Roy 1705<\/span>\u00a0\u00bb.<\/p>\n<p>En cartouche sur la Terre \u00ab\u00a0<span style=\"font-weight: bolder\">Le Globe Terrestre par Le Sieur Pierre Moullart Sanson aux Galleries 1699<\/span>\u00a0\u00bb.<\/p>\n<p>Sur son pied tripode d\u2019origine.<\/p>\n<p><span>Nota<\/span>\u00a0: Jean-Baptiste DELURE, Ing\u00e9nieur du Roi, a \u00e9t\u00e9 actif \u00e0 Paris entre 1695 et 1736 \u00e0 l\u2019Ile de la Cit\u00e9 (Place du March\u00e9 Neuf \u00e0 partir de 1700, puis Quai de l\u2019Horloge \u00e0 partir de 1707).<\/p>\n<p><span>Dimensions<\/span>\u00a0: hauteur de +\/- 37 cm x diam\u00e8tre de 31 cm.<\/p>\n<p>Paris circa 1705\/1706.<\/p>\n<p><br data-mce-bogus=\"1\"><\/p>\n<p>Pi\u00e8ce de Mus\u00e9e<\/p>\n","protected":false},"featured_media":30140,"template":"","meta":[],"product_brand":[],"product_cat":[],"product_tag":[],"class_list":{"0":"post-30170","1":"product","2":"type-product","3":"status-publish","4":"has-post-thumbnail","6":"description-off","8":"first","9":"instock","10":"shipping-taxable","11":"product-type-simple"},"aioseo_notices":[],"_links":{"self":[{"href":"https:\/\/www.carrerivegauche.com\/fr\/wp-json\/wp\/v2\/product\/30170","targetHints":{"allow":["GET"]}}],"collection":[{"href":"https:\/\/www.carrerivegauche.com\/fr\/wp-json\/wp\/v2\/product"}],"about":[{"href":"https:\/\/www.carrerivegauche.com\/fr\/wp-json\/wp\/v2\/types\/product"}],"wp:featuredmedia":[{"embeddable":true,"href":"https:\/\/www.carrerivegauche.com\/fr\/wp-json\/wp\/v2\/media\/30140"}],"wp:attachment":[{"href":"https:\/\/www.carrerivegauche.com\/fr\/wp-json\/wp\/v2\/media?parent=30170"}],"wp:term":[{"taxonomy":"product_brand","embeddable":true,"href":"https:\/\/www.carrerivegauche.com\/fr\/wp-json\/wp\/v2\/product_brand?post=30170"},{"taxonomy":"product_cat","embeddable":true,"href":"https:\/\/www.carrerivegauche.com\/fr\/wp-json\/wp\/v2\/product_cat?post=30170"},{"taxonomy":"product_tag","embeddable":true,"href":"https:\/\/www.carrerivegauche.com\/fr\/wp-json\/wp\/v2\/product_tag?post=30170"}],"curies":[{"name":"wp","href":"https:\/\/api.w.org\/{rel}","templated":true}]}}