 

{"id":30139,"date":"2024-12-23T20:38:49","date_gmt":"2024-12-23T19:38:49","guid":{"rendered":"https:\/\/www.carrerivegauche.com\/boutique-crg\/canne-narval-du-19eme-siecle-avec-poignee-en-morse\/"},"modified":"2024-12-23T20:38:49","modified_gmt":"2024-12-23T19:38:49","slug":"canne-narval-du-19eme-siecle-avec-poignee-en-morse","status":"publish","type":"product","link":"https:\/\/www.carrerivegauche.com\/fr\/boutique-crg\/canne-narval-du-19eme-siecle-avec-poignee-en-morse\/","title":{"rendered":"Canne narval du 19\u00e8me si\u00e8cle avec poign\u00e9e en morse"},"content":{"rendered":"<p><span>Retrouvez davantage d\u2019objets sur notre propre site internet www.galeriedelalande.fr (version fran\u00e7aise) et www.galeriedelalande.com (English version).<\/span><\/p>\n","protected":false},"excerpt":{"rendered":"<p><span style=\"font-weight: bolder\">Canne\u00a0<mark data-markjs=\"true\" style=\"padding: 0.1875em 0px\">narval<\/mark>\u00a0<\/span>avec poign\u00e9e de forme \u00e9querre en morse, bague en fanon de baleine.<\/p>\n<p>Tr\u00e8s jolie spirale et patine naturelle.<\/p>\n<p><span>Dimension<\/span>\u00a0: longueur de 90 cm.<\/p>\n<p>Groenland premi\u00e8re partie XIX\u00e8me si\u00e8cle.<\/p>\n","protected":false},"featured_media":30118,"template":"","meta":[],"product_brand":[],"product_cat":[],"product_tag":[],"class_list":{"0":"post-30139","1":"product","2":"type-product","3":"status-publish","4":"has-post-thumbnail","6":"description-off","8":"first","9":"instock","10":"shipping-taxable","11":"product-type-simple"},"aioseo_notices":[],"_links":{"self":[{"href":"https:\/\/www.carrerivegauche.com\/fr\/wp-json\/wp\/v2\/product\/30139","targetHints":{"allow":["GET"]}}],"collection":[{"href":"https:\/\/www.carrerivegauche.com\/fr\/wp-json\/wp\/v2\/product"}],"about":[{"href":"https:\/\/www.carrerivegauche.com\/fr\/wp-json\/wp\/v2\/types\/product"}],"wp:featuredmedia":[{"embeddable":true,"href":"https:\/\/www.carrerivegauche.com\/fr\/wp-json\/wp\/v2\/media\/30118"}],"wp:attachment":[{"href":"https:\/\/www.carrerivegauche.com\/fr\/wp-json\/wp\/v2\/media?parent=30139"}],"wp:term":[{"taxonomy":"product_brand","embeddable":true,"href":"https:\/\/www.carrerivegauche.com\/fr\/wp-json\/wp\/v2\/product_brand?post=30139"},{"taxonomy":"product_cat","embeddable":true,"href":"https:\/\/www.carrerivegauche.com\/fr\/wp-json\/wp\/v2\/product_cat?post=30139"},{"taxonomy":"product_tag","embeddable":true,"href":"https:\/\/www.carrerivegauche.com\/fr\/wp-json\/wp\/v2\/product_tag?post=30139"}],"curies":[{"name":"wp","href":"https:\/\/api.w.org\/{rel}","templated":true}]}}