 

{"id":30098,"date":"2024-12-23T20:27:09","date_gmt":"2024-12-23T19:27:09","guid":{"rendered":"https:\/\/www.carrerivegauche.com\/boutique-crg\/fume-cigarette-en-ecume-de-mer-sur-le-rare-theme-de-lotarie\/"},"modified":"2024-12-23T20:27:09","modified_gmt":"2024-12-23T19:27:09","slug":"fume-cigarette-en-ecume-de-mer-sur-le-rare-theme-de-lotarie","status":"publish","type":"product","link":"https:\/\/www.carrerivegauche.com\/fr\/boutique-crg\/fume-cigarette-en-ecume-de-mer-sur-le-rare-theme-de-lotarie\/","title":{"rendered":"Fume-cigarette en \u00e9cume de mer sur le rare th\u00e8me de l&rsquo;otarie"},"content":{"rendered":"<p><span>Retrouvez davantage d\u2019objets sur notre propre site internet www.galeriedelalande.fr (version fran\u00e7aise) et www.galeriedelalande.com (English version).<\/span><\/p>\n","protected":false},"excerpt":{"rendered":"<p>El\u00e9gant fume-cigarette en \u00e9cume de mer repr\u00e9sentant une\u00a0<span style=\"font-weight: bolder\">otarie<\/span>.<\/p>\n<p>Yeux de sulfure et embout en or.<\/p>\n<p>Tuyau en ambre.<\/p>\n<p>Ecrin d\u2019origine en 2 parties sign\u00e9 \u00ab\u00a0<span style=\"font-weight: bolder\">Emil Pietzsch Dresden<\/span>\u00a0\u00bb.<\/p>\n<p><u>R\u00e9f\u00e9rence<\/u>\u00a0: illustr\u00e9 et d\u00e9crit page 131 dans le livre \u00ab Collecting Antique Meerschaum Pipes \u00bb (1999) de Ben Rapaport.<\/p>\n<p><u>Dimension<\/u>\u00a0: longueur de 23,5 cm (fume-cigarette).<\/p>\n<p>Allemagne de l\u2019Est datable vers 1890\/1900.\u00a0<\/p>\n","protected":false},"featured_media":30077,"template":"","meta":[],"product_brand":[],"product_cat":[],"product_tag":[],"class_list":{"0":"post-30098","1":"product","2":"type-product","3":"status-publish","4":"has-post-thumbnail","6":"description-off","8":"first","9":"instock","10":"shipping-taxable","11":"product-type-simple"},"aioseo_notices":[],"_links":{"self":[{"href":"https:\/\/www.carrerivegauche.com\/fr\/wp-json\/wp\/v2\/product\/30098","targetHints":{"allow":["GET"]}}],"collection":[{"href":"https:\/\/www.carrerivegauche.com\/fr\/wp-json\/wp\/v2\/product"}],"about":[{"href":"https:\/\/www.carrerivegauche.com\/fr\/wp-json\/wp\/v2\/types\/product"}],"wp:featuredmedia":[{"embeddable":true,"href":"https:\/\/www.carrerivegauche.com\/fr\/wp-json\/wp\/v2\/media\/30077"}],"wp:attachment":[{"href":"https:\/\/www.carrerivegauche.com\/fr\/wp-json\/wp\/v2\/media?parent=30098"}],"wp:term":[{"taxonomy":"product_brand","embeddable":true,"href":"https:\/\/www.carrerivegauche.com\/fr\/wp-json\/wp\/v2\/product_brand?post=30098"},{"taxonomy":"product_cat","embeddable":true,"href":"https:\/\/www.carrerivegauche.com\/fr\/wp-json\/wp\/v2\/product_cat?post=30098"},{"taxonomy":"product_tag","embeddable":true,"href":"https:\/\/www.carrerivegauche.com\/fr\/wp-json\/wp\/v2\/product_tag?post=30098"}],"curies":[{"name":"wp","href":"https:\/\/api.w.org\/{rel}","templated":true}]}}