 

{"id":30057,"date":"2024-12-22T22:34:21","date_gmt":"2024-12-22T21:34:21","guid":{"rendered":"https:\/\/www.carrerivegauche.com\/boutique-crg\/canne-de-collection-du-19eme-siecle-sur-le-rare-theme-de-la-tauromachie\/"},"modified":"2024-12-24T11:16:41","modified_gmt":"2024-12-24T10:16:41","slug":"canne-de-collection-du-19eme-siecle-sur-le-rare-theme-de-la-tauromachie","status":"publish","type":"product","link":"https:\/\/www.carrerivegauche.com\/fr\/boutique-crg\/canne-de-collection-du-19eme-siecle-sur-le-rare-theme-de-la-tauromachie\/","title":{"rendered":"Canne de collection du 19\u00e8me si\u00e8cle sur le rare th\u00e8me de la tauromachie"},"content":{"rendered":"<p>Retrouvez davantage d\u2019objets sur notre propre site internet www.galeriedelalande.fr (version fran\u00e7aise) et www.galeriedelalande.com (English version).<\/p>\n","protected":false},"excerpt":{"rendered":"<p>Canne de collection avec pommeau en ivoire sur le th\u00e8me da la\u00a0<span style=\"font-weight: bolder\" data-mce-style=\"font-weight: bolder;\"><mark data-markjs=\"true\" style=\"padding: 0.1875em 0px\" data-mce-style=\"padding: 0.1875em 0px;\">tauromachie<\/mark>\u00a0<\/span>(rare th\u00e8me) avec repr\u00e9sentation d\u2019un\u00a0<span style=\"font-weight: bolder\" data-mce-style=\"font-weight: bolder;\">matador\u00a0<\/span>et d\u2019un\u00a0<span style=\"font-weight: bolder\" data-mce-style=\"font-weight: bolder;\">taureau<\/span> avec deux banderilles sur le dessus.<\/p>\n<p>Bague ouvrag\u00e9e en m\u00e9tal argent\u00e9.<\/p>\n<p>F\u00fbt en bambou et f\u00e9rule en laiton.<\/p>\n<p>Dimension\u00a0: longueur de 89 cm.<\/p>\n<p>France ou Espagne datable de la seconde moiti\u00e9 du XIX<span style=\"position: relative;font-size: 0.75em;line-height: 0;vertical-align: baseline;top: -0.5em\" data-mce-style=\"position: relative; font-size: 0.75em; line-height: 0; vertical-align: baseline; top: -0.5em;\">\u00e8me<\/span>\u00a0si\u00e8cle.\u00a0<\/p>\n","protected":false},"featured_media":30039,"template":"","meta":[],"product_brand":[],"product_cat":[],"product_tag":[],"class_list":{"0":"post-30057","1":"product","2":"type-product","3":"status-publish","4":"has-post-thumbnail","6":"description-off","8":"first","9":"instock","10":"shipping-taxable","11":"product-type-simple"},"aioseo_notices":[],"_links":{"self":[{"href":"https:\/\/www.carrerivegauche.com\/fr\/wp-json\/wp\/v2\/product\/30057","targetHints":{"allow":["GET"]}}],"collection":[{"href":"https:\/\/www.carrerivegauche.com\/fr\/wp-json\/wp\/v2\/product"}],"about":[{"href":"https:\/\/www.carrerivegauche.com\/fr\/wp-json\/wp\/v2\/types\/product"}],"wp:featuredmedia":[{"embeddable":true,"href":"https:\/\/www.carrerivegauche.com\/fr\/wp-json\/wp\/v2\/media\/30039"}],"wp:attachment":[{"href":"https:\/\/www.carrerivegauche.com\/fr\/wp-json\/wp\/v2\/media?parent=30057"}],"wp:term":[{"taxonomy":"product_brand","embeddable":true,"href":"https:\/\/www.carrerivegauche.com\/fr\/wp-json\/wp\/v2\/product_brand?post=30057"},{"taxonomy":"product_cat","embeddable":true,"href":"https:\/\/www.carrerivegauche.com\/fr\/wp-json\/wp\/v2\/product_cat?post=30057"},{"taxonomy":"product_tag","embeddable":true,"href":"https:\/\/www.carrerivegauche.com\/fr\/wp-json\/wp\/v2\/product_tag?post=30057"}],"curies":[{"name":"wp","href":"https:\/\/api.w.org\/{rel}","templated":true}]}}