 

{"id":30038,"date":"2024-12-22T22:29:24","date_gmt":"2024-12-22T21:29:24","guid":{"rendered":"https:\/\/www.carrerivegauche.com\/boutique-crg\/planetaire-de-type-copernic-dapres-fortin-representant-le-systeme-solaire\/"},"modified":"2024-12-22T22:29:24","modified_gmt":"2024-12-22T21:29:24","slug":"planetaire-de-type-copernic-dapres-fortin-representant-le-systeme-solaire","status":"publish","type":"product","link":"https:\/\/www.carrerivegauche.com\/fr\/boutique-crg\/planetaire-de-type-copernic-dapres-fortin-representant-le-systeme-solaire\/","title":{"rendered":"Plan\u00e9taire de type Copernic d&rsquo;apr\u00e8s Fortin repr\u00e9sentant le syst\u00e8me solaire"},"content":{"rendered":"<p><span>Retrouvez davantage d\u2019objets sur notre propre site internet www.galeriedelalande.fr (version fran\u00e7aise) et www.galeriedelalande.com (English version).<\/span><\/p>\n","protected":false},"excerpt":{"rendered":"<p><span style=\"font-weight: bolder\">Plan\u00e9taire de type Copernic repr\u00e9sentant le syst\u00e8me solaire<\/span>\u00a0avec dans l\u2019ordre en partant du centre : Le Soleil, Mercure, Venus, La Terre dans son m\u00e9ridien avec la Lune, Mars, Jupiter et Saturne.<\/p>\n<p>Chaque plan\u00e8te, sauf la Terre, est repr\u00e9sent\u00e9e par un disque de carton recouvert d\u2019un papier imprim\u00e9 mentionnant le nom et la p\u00e9riode de r\u00e9volution de la plan\u00e8te.<\/p>\n<p>Le tout ench\u00e2ss\u00e9 dans une monture en bois laqu\u00e9 noir et or repr\u00e9sentant un d\u00e9cor floral (dit \u00e0 l\u2019Abb\u00e9 Nollet). Ce support est constitu\u00e9 d\u2019un pied circulaire de quatre bras supportant la table \u00e9quatoriale, de forme octogonale, qui est recouverte d\u2019un papier imprim\u00e9 et aquarell\u00e9 repr\u00e9sentant le Zodiaque et le Calendrier avec les principaux vents.<\/p>\n<p><span>Dimensions (charmante taille interm\u00e9diaire)<\/span>:<\/p>\n<p>&#8211; hauteur totale de 23 cm \/ hauteur de la table \u00e9quatoriale 20,4 cm<\/p>\n<p>&#8211; diam\u00e8tre de 25 cm<\/p>\n<p><span>Nota<\/span>\u00a0: un exemple similaire m\u00e9canique sign\u00e9 Fortin \u00e0 Paris se trouve dans les collections de la Maison des Lumi\u00e8res \u00e0 Langres.<\/p>\n<p><span style=\"font-weight: bolder\">France datable avant 1786<\/span>\u00a0(date de la d\u00e9couverte d\u2019Uranus), probablement vers 1770\/80.<\/p>\n<p><span style=\"font-weight: bolder\">Attribu\u00e9 \u00e0 Fortin.<\/span><\/p>\n","protected":false},"featured_media":30014,"template":"","meta":[],"product_brand":[],"product_cat":[],"product_tag":[],"class_list":{"0":"post-30038","1":"product","2":"type-product","3":"status-publish","4":"has-post-thumbnail","6":"description-off","8":"first","9":"instock","10":"shipping-taxable","11":"product-type-simple"},"aioseo_notices":[],"_links":{"self":[{"href":"https:\/\/www.carrerivegauche.com\/fr\/wp-json\/wp\/v2\/product\/30038","targetHints":{"allow":["GET"]}}],"collection":[{"href":"https:\/\/www.carrerivegauche.com\/fr\/wp-json\/wp\/v2\/product"}],"about":[{"href":"https:\/\/www.carrerivegauche.com\/fr\/wp-json\/wp\/v2\/types\/product"}],"wp:featuredmedia":[{"embeddable":true,"href":"https:\/\/www.carrerivegauche.com\/fr\/wp-json\/wp\/v2\/media\/30014"}],"wp:attachment":[{"href":"https:\/\/www.carrerivegauche.com\/fr\/wp-json\/wp\/v2\/media?parent=30038"}],"wp:term":[{"taxonomy":"product_brand","embeddable":true,"href":"https:\/\/www.carrerivegauche.com\/fr\/wp-json\/wp\/v2\/product_brand?post=30038"},{"taxonomy":"product_cat","embeddable":true,"href":"https:\/\/www.carrerivegauche.com\/fr\/wp-json\/wp\/v2\/product_cat?post=30038"},{"taxonomy":"product_tag","embeddable":true,"href":"https:\/\/www.carrerivegauche.com\/fr\/wp-json\/wp\/v2\/product_tag?post=30038"}],"curies":[{"name":"wp","href":"https:\/\/api.w.org\/{rel}","templated":true}]}}