 

{"id":30013,"date":"2024-12-22T22:22:43","date_gmt":"2024-12-22T21:22:43","guid":{"rendered":"https:\/\/www.carrerivegauche.com\/boutique-crg\/pipe-courte-a-opium-en-corne-et-ivoire-fortement-patine-datable-du-19eme-siecle\/"},"modified":"2024-12-22T22:22:43","modified_gmt":"2024-12-22T21:22:43","slug":"pipe-courte-a-opium-en-corne-et-ivoire-fortement-patine-datable-du-19eme-siecle","status":"publish","type":"product","link":"https:\/\/www.carrerivegauche.com\/fr\/boutique-crg\/pipe-courte-a-opium-en-corne-et-ivoire-fortement-patine-datable-du-19eme-siecle\/","title":{"rendered":"Pipe courte \u00e0 opium en corne et ivoire fortement patin\u00e9 datable du 19\u00e8me si\u00e8cle"},"content":{"rendered":"<p><span>Retrouvez davantage d\u2019objets sur notre propre site internet www.galeriedelalande.fr (version fran\u00e7aise) et www.galeriedelalande.com (English version).<\/span><\/p>\n","protected":false},"excerpt":{"rendered":"<p><span style=\"font-weight: bolder\">Pipe courte \u00e0 opium avec tuyau en ivoire\u00a0<\/span>fortement patin\u00e9 comprenant une pastille en pierre dure repr\u00e9sentant un Bouddha.<\/p>\n<p>Bague en argent et extr\u00e9mit\u00e9 de la pipe en corne.<\/p>\n<p>Fourneau en terre cuite de Yixing avec signature calligraphique en pourtour.<\/p>\n<p><u>Dimension<\/u>\u00a0: longueur de 35,7 cm.<\/p>\n<p>Chine datable du XIX<span style=\"position: relative;font-size: 0.75em;line-height: 0;vertical-align: baseline;top: -0.5em\">\u00e8me<\/span>\u00a0si\u00e8cle.<\/p>\n","protected":false},"featured_media":30010,"template":"","meta":[],"product_brand":[],"product_cat":[],"product_tag":[],"class_list":{"0":"post-30013","1":"product","2":"type-product","3":"status-publish","4":"has-post-thumbnail","6":"description-off","8":"first","9":"instock","10":"shipping-taxable","11":"product-type-simple"},"aioseo_notices":[],"_links":{"self":[{"href":"https:\/\/www.carrerivegauche.com\/fr\/wp-json\/wp\/v2\/product\/30013","targetHints":{"allow":["GET"]}}],"collection":[{"href":"https:\/\/www.carrerivegauche.com\/fr\/wp-json\/wp\/v2\/product"}],"about":[{"href":"https:\/\/www.carrerivegauche.com\/fr\/wp-json\/wp\/v2\/types\/product"}],"wp:featuredmedia":[{"embeddable":true,"href":"https:\/\/www.carrerivegauche.com\/fr\/wp-json\/wp\/v2\/media\/30010"}],"wp:attachment":[{"href":"https:\/\/www.carrerivegauche.com\/fr\/wp-json\/wp\/v2\/media?parent=30013"}],"wp:term":[{"taxonomy":"product_brand","embeddable":true,"href":"https:\/\/www.carrerivegauche.com\/fr\/wp-json\/wp\/v2\/product_brand?post=30013"},{"taxonomy":"product_cat","embeddable":true,"href":"https:\/\/www.carrerivegauche.com\/fr\/wp-json\/wp\/v2\/product_cat?post=30013"},{"taxonomy":"product_tag","embeddable":true,"href":"https:\/\/www.carrerivegauche.com\/fr\/wp-json\/wp\/v2\/product_tag?post=30013"}],"curies":[{"name":"wp","href":"https:\/\/api.w.org\/{rel}","templated":true}]}}