 

{"id":29975,"date":"2024-12-22T22:08:09","date_gmt":"2024-12-22T21:08:09","guid":{"rendered":"https:\/\/www.carrerivegauche.com\/boutique-crg\/hache-dabordage-en-fer-et-en-bois-datable-vers-1830\/"},"modified":"2024-12-22T22:08:09","modified_gmt":"2024-12-22T21:08:09","slug":"hache-dabordage-en-fer-et-en-bois-datable-vers-1830","status":"publish","type":"product","link":"https:\/\/www.carrerivegauche.com\/fr\/boutique-crg\/hache-dabordage-en-fer-et-en-bois-datable-vers-1830\/","title":{"rendered":"Hache d&rsquo;abordage en fer et en bois datable vers 1830"},"content":{"rendered":"<p><span>Retrouvez davantage d\u2019objets sur notre propre site internet www.galeriedelalande.fr (version fran\u00e7aise) et www.galeriedelalande.com (English version).<\/span><\/p>\n","protected":false},"excerpt":{"rendered":"<p><span style=\"font-weight: bolder\"><mark data-markjs=\"true\" style=\"padding: 0.1875em 0px\">Hache<\/mark>\u00a0d&rsquo;abordage<\/span>\u00a0en fer et bois compos\u00e9e d\u2019une t\u00eate \u00e0 double arme : le tranchant permettant aussi de sectionner les cordages et la nuque, en forme de crochet, pour se d\u00e9fendre.<\/p>\n<p>Partie flexible en m\u00e9tal permettant d\u2019accrocher la\u00a0<mark data-markjs=\"true\" style=\"padding: 0.1875em 0px\">hache<\/mark>\u00a0\u00e0 la ceinture.<\/p>\n<p>Manche en bois.<\/p>\n<p><u>Dimensions<\/u>\u00a0: hauteur en diagonale 63 cm.<\/p>\n<p>France datable vers 1830.<\/p>\n","protected":false},"featured_media":29957,"template":"","meta":[],"product_brand":[],"product_cat":[],"product_tag":[],"class_list":{"0":"post-29975","1":"product","2":"type-product","3":"status-publish","4":"has-post-thumbnail","6":"description-off","8":"first","9":"instock","10":"shipping-taxable","11":"product-type-simple"},"aioseo_notices":[],"_links":{"self":[{"href":"https:\/\/www.carrerivegauche.com\/fr\/wp-json\/wp\/v2\/product\/29975","targetHints":{"allow":["GET"]}}],"collection":[{"href":"https:\/\/www.carrerivegauche.com\/fr\/wp-json\/wp\/v2\/product"}],"about":[{"href":"https:\/\/www.carrerivegauche.com\/fr\/wp-json\/wp\/v2\/types\/product"}],"wp:featuredmedia":[{"embeddable":true,"href":"https:\/\/www.carrerivegauche.com\/fr\/wp-json\/wp\/v2\/media\/29957"}],"wp:attachment":[{"href":"https:\/\/www.carrerivegauche.com\/fr\/wp-json\/wp\/v2\/media?parent=29975"}],"wp:term":[{"taxonomy":"product_brand","embeddable":true,"href":"https:\/\/www.carrerivegauche.com\/fr\/wp-json\/wp\/v2\/product_brand?post=29975"},{"taxonomy":"product_cat","embeddable":true,"href":"https:\/\/www.carrerivegauche.com\/fr\/wp-json\/wp\/v2\/product_cat?post=29975"},{"taxonomy":"product_tag","embeddable":true,"href":"https:\/\/www.carrerivegauche.com\/fr\/wp-json\/wp\/v2\/product_tag?post=29975"}],"curies":[{"name":"wp","href":"https:\/\/api.w.org\/{rel}","templated":true}]}}