 

{"id":29956,"date":"2024-12-22T21:58:16","date_gmt":"2024-12-22T20:58:16","guid":{"rendered":"https:\/\/www.carrerivegauche.com\/boutique-crg\/dent-de-cachalot-du-19eme-siecle-representant-un-marin-anglais-valeureux\/"},"modified":"2024-12-22T21:58:16","modified_gmt":"2024-12-22T20:58:16","slug":"dent-de-cachalot-du-19eme-siecle-representant-un-marin-anglais-valeureux","status":"publish","type":"product","link":"https:\/\/www.carrerivegauche.com\/fr\/boutique-crg\/dent-de-cachalot-du-19eme-siecle-representant-un-marin-anglais-valeureux\/","title":{"rendered":"Dent de cachalot du 19\u00e8me si\u00e8cle repr\u00e9sentant un marin anglais valeureux"},"content":{"rendered":"<p><span>Retrouvez davantage d\u2019objets sur notre propre site internet www.galeriedelalande.fr (version fran\u00e7aise) et www.galeriedelalande.com (English version).<\/span><\/p>\n","protected":false},"excerpt":{"rendered":"<p>Dent de cachalot verticale grav\u00e9e biface repr\u00e9sentant\u00a0<span style=\"font-weight: bolder\">un marin anglais<\/span>\u00a0sur le pont avec harpon, drapeau et canon, le tout surmontant l\u2019inscription \u00ab\u00a0<span style=\"font-weight: bolder\">VALOUR<\/span>\u00a0\u00bb (signifiant la \u00ab\u00a0bravoure\u00a0\u00bb).<\/p>\n<p>Au dos une colombe volant au-dessus d\u2019un pot de fleurs lui-m\u00eame pos\u00e9 sur un coffre \u00e0 damier.<\/p>\n<p>Magnifique patine jaunie.<\/p>\n<p><u>Dimension<\/u>\u00a0: hauteur de 13,2 cm.<\/p>\n<p>Angleterre datable du milieu du XIX<span style=\"position: relative;font-size: 0.75em;line-height: 0;vertical-align: baseline;top: -0.5em\">\u00e8me<\/span>\u00a0si\u00e8cle.<\/p>\n","protected":false},"featured_media":29944,"template":"","meta":[],"product_brand":[],"product_cat":[],"product_tag":[],"class_list":{"0":"post-29956","1":"product","2":"type-product","3":"status-publish","4":"has-post-thumbnail","6":"description-off","8":"first","9":"instock","10":"shipping-taxable","11":"product-type-simple"},"aioseo_notices":[],"_links":{"self":[{"href":"https:\/\/www.carrerivegauche.com\/fr\/wp-json\/wp\/v2\/product\/29956","targetHints":{"allow":["GET"]}}],"collection":[{"href":"https:\/\/www.carrerivegauche.com\/fr\/wp-json\/wp\/v2\/product"}],"about":[{"href":"https:\/\/www.carrerivegauche.com\/fr\/wp-json\/wp\/v2\/types\/product"}],"wp:featuredmedia":[{"embeddable":true,"href":"https:\/\/www.carrerivegauche.com\/fr\/wp-json\/wp\/v2\/media\/29944"}],"wp:attachment":[{"href":"https:\/\/www.carrerivegauche.com\/fr\/wp-json\/wp\/v2\/media?parent=29956"}],"wp:term":[{"taxonomy":"product_brand","embeddable":true,"href":"https:\/\/www.carrerivegauche.com\/fr\/wp-json\/wp\/v2\/product_brand?post=29956"},{"taxonomy":"product_cat","embeddable":true,"href":"https:\/\/www.carrerivegauche.com\/fr\/wp-json\/wp\/v2\/product_cat?post=29956"},{"taxonomy":"product_tag","embeddable":true,"href":"https:\/\/www.carrerivegauche.com\/fr\/wp-json\/wp\/v2\/product_tag?post=29956"}],"curies":[{"name":"wp","href":"https:\/\/api.w.org\/{rel}","templated":true}]}}