 

{"id":29874,"date":"2024-12-22T21:15:32","date_gmt":"2024-12-22T20:15:32","guid":{"rendered":"https:\/\/www.carrerivegauche.com\/boutique-crg\/pipe-a-opium-en-bois-et-ivoire-fortement-patine-datable-du-19eme-siecle\/"},"modified":"2024-12-22T22:03:15","modified_gmt":"2024-12-22T21:03:15","slug":"pipe-a-opium-en-bois-et-ivoire-fortement-patine-datable-du-19eme-siecle","status":"publish","type":"product","link":"https:\/\/www.carrerivegauche.com\/fr\/boutique-crg\/pipe-a-opium-en-bois-et-ivoire-fortement-patine-datable-du-19eme-siecle\/","title":{"rendered":"Pipe \u00e0 opium en bois et ivoire fortement patin\u00e9 datable du 19\u00e8me si\u00e8cle"},"content":{"rendered":"<p>Retrouvez davantage d&rsquo;objets sur notre propre site internet www.galeriedelalande.fr (version fran\u00e7aise) et www.galeriedelalande.com (English version).<\/p>\n","protected":false},"excerpt":{"rendered":"<p><span style=\"font-weight: bolder\" data-mce-style=\"font-weight: bolder;\">Pipe \u00e0 opium 1\/3-2\/3 en bois et ivoire fortement patin\u00e9<\/span>.<\/p>\n<p>Plaquette en baitong \u00e0 d\u00e9cor de deux signes chinois (\u00ab\u00a0b\u00e9n\u00e9diction et gloire\u00a0\u00bb), deux bagues en argent ouvrag\u00e9 au d\u00e9cor de fleurs.<\/p>\n<p>Embout et su\u00e7on en ivoire fortement patin\u00e9s.<\/p>\n<p>Petit arr\u00eatoir naturel.<\/p>\n<p>Fourneau rond en terre de Yixing.<\/p>\n<p><u>Dimension<\/u>\u00a0: longueur de 53,5 cm.<\/p>\n<p>Chine datable du XIX\u00e8me si\u00e8cle.<\/p>\n","protected":false},"featured_media":29865,"template":"","meta":[],"product_brand":[],"product_cat":[],"product_tag":[],"class_list":{"0":"post-29874","1":"product","2":"type-product","3":"status-publish","4":"has-post-thumbnail","6":"description-off","8":"first","9":"instock","10":"shipping-taxable","11":"product-type-simple"},"aioseo_notices":[],"_links":{"self":[{"href":"https:\/\/www.carrerivegauche.com\/fr\/wp-json\/wp\/v2\/product\/29874","targetHints":{"allow":["GET"]}}],"collection":[{"href":"https:\/\/www.carrerivegauche.com\/fr\/wp-json\/wp\/v2\/product"}],"about":[{"href":"https:\/\/www.carrerivegauche.com\/fr\/wp-json\/wp\/v2\/types\/product"}],"wp:featuredmedia":[{"embeddable":true,"href":"https:\/\/www.carrerivegauche.com\/fr\/wp-json\/wp\/v2\/media\/29865"}],"wp:attachment":[{"href":"https:\/\/www.carrerivegauche.com\/fr\/wp-json\/wp\/v2\/media?parent=29874"}],"wp:term":[{"taxonomy":"product_brand","embeddable":true,"href":"https:\/\/www.carrerivegauche.com\/fr\/wp-json\/wp\/v2\/product_brand?post=29874"},{"taxonomy":"product_cat","embeddable":true,"href":"https:\/\/www.carrerivegauche.com\/fr\/wp-json\/wp\/v2\/product_cat?post=29874"},{"taxonomy":"product_tag","embeddable":true,"href":"https:\/\/www.carrerivegauche.com\/fr\/wp-json\/wp\/v2\/product_tag?post=29874"}],"curies":[{"name":"wp","href":"https:\/\/api.w.org\/{rel}","templated":true}]}}