 

{"id":29858,"date":"2024-12-22T20:59:43","date_gmt":"2024-12-22T19:59:43","guid":{"rendered":"https:\/\/www.carrerivegauche.com\/boutique-crg\/elegante-canne-depoque-art-deco-avec-pommeau-en-galuchat-bleu-gris\/"},"modified":"2024-12-22T21:42:47","modified_gmt":"2024-12-22T20:42:47","slug":"elegante-canne-depoque-art-deco-avec-pommeau-en-galuchat-bleu-gris","status":"publish","type":"product","link":"https:\/\/www.carrerivegauche.com\/fr\/boutique-crg\/elegante-canne-depoque-art-deco-avec-pommeau-en-galuchat-bleu-gris\/","title":{"rendered":"El\u00e9gante canne d&rsquo;\u00e9poque Art D\u00e9co avec pommeau en galuchat bleu\/gris"},"content":{"rendered":"<p>Retrouvez davantage d&rsquo;objets sur notre propre site internet www.galeriedelalande.fr (version fran\u00e7aise) et www.galeriedelalande.com (English version).<\/p>\n","protected":false},"excerpt":{"rendered":"<p>El\u00e9gante canne de collection avec pommeau de forme Milord en\u00a0<span style=\"font-weight: bolder\" data-mce-style=\"font-weight: bolder;\">galuchat bleu\/gris<\/span><span style=\"font-size: 1rem\" data-mce-style=\"font-size: 1rem;\">.<\/span><\/p>\n<p><span style=\"font-size: 1rem\" data-mce-style=\"font-size: 1rem;\">Fine bague et passage de dragonne en corne.<\/span><\/p>\n<p><span style=\"font-size: 1rem\" data-mce-style=\"font-size: 1rem;\">Pr\u00e9sence de la floche.<\/span><\/p>\n<p><span style=\"font-size: 1rem\" data-mce-style=\"font-size: 1rem;\">F\u00fbt en jonc de\u00a0<\/span>Malacca et f\u00e9rule en corne.<\/p>\n<p>Dimension\u00a0: longueur de 91,5 cm.<\/p>\n<p>France datable vers 1900 (\u00e9poque Art Deco).<\/p>\n","protected":false},"featured_media":29846,"template":"","meta":[],"product_brand":[],"product_cat":[],"product_tag":[],"class_list":{"0":"post-29858","1":"product","2":"type-product","3":"status-publish","4":"has-post-thumbnail","6":"description-off","8":"first","9":"instock","10":"shipping-taxable","11":"purchasable","12":"product-type-simple"},"aioseo_notices":[],"_links":{"self":[{"href":"https:\/\/www.carrerivegauche.com\/fr\/wp-json\/wp\/v2\/product\/29858","targetHints":{"allow":["GET"]}}],"collection":[{"href":"https:\/\/www.carrerivegauche.com\/fr\/wp-json\/wp\/v2\/product"}],"about":[{"href":"https:\/\/www.carrerivegauche.com\/fr\/wp-json\/wp\/v2\/types\/product"}],"wp:featuredmedia":[{"embeddable":true,"href":"https:\/\/www.carrerivegauche.com\/fr\/wp-json\/wp\/v2\/media\/29846"}],"wp:attachment":[{"href":"https:\/\/www.carrerivegauche.com\/fr\/wp-json\/wp\/v2\/media?parent=29858"}],"wp:term":[{"taxonomy":"product_brand","embeddable":true,"href":"https:\/\/www.carrerivegauche.com\/fr\/wp-json\/wp\/v2\/product_brand?post=29858"},{"taxonomy":"product_cat","embeddable":true,"href":"https:\/\/www.carrerivegauche.com\/fr\/wp-json\/wp\/v2\/product_cat?post=29858"},{"taxonomy":"product_tag","embeddable":true,"href":"https:\/\/www.carrerivegauche.com\/fr\/wp-json\/wp\/v2\/product_tag?post=29858"}],"curies":[{"name":"wp","href":"https:\/\/api.w.org\/{rel}","templated":true}]}}