 

{"id":29797,"date":"2024-12-14T11:36:37","date_gmt":"2024-12-14T10:36:37","guid":{"rendered":"https:\/\/www.carrerivegauche.com\/boutique-crg\/huile-sur-panneau-jeunes-bretonnes-par-henri-royer\/"},"modified":"2024-12-14T11:36:37","modified_gmt":"2024-12-14T10:36:37","slug":"huile-sur-panneau-jeunes-bretonnes-par-henri-royer","status":"publish","type":"product","link":"https:\/\/www.carrerivegauche.com\/fr\/boutique-crg\/huile-sur-panneau-jeunes-bretonnes-par-henri-royer\/","title":{"rendered":"Huile sur panneau, Jeunes Bretonnes par Henri ROYER"},"content":{"rendered":"<p>Henri Royer est le fils de Jules Royer, fondateur de l&rsquo;une des imprimeries lithographiques les plus prestigieuses de Nancy.<\/p>\n<p>Immerg\u00e9 d\u00e8s son jeune \u00e2ge dans un environnement artistique, il int\u00e8gre l&rsquo;\u00c9cole des Beaux-Arts de Nancy, o\u00f9 il fait la rencontre d&rsquo;\u00c9mile Friant.<\/p>\n<p>Il expose alors ses premi\u00e8res \u0153uvres au Salon de Nancy. Ces d\u00e9buts prometteurs incitent ses parents et ses professeurs \u00e0 soutenir un voyage d&rsquo;\u00e9tude aux Pays-Bas, qu&rsquo;il entreprend avec Emile Friant<br \/>Henri Royer, apr\u00e8s ses \u00e9tudes aux Beaux-Arts, int\u00e8gre en 1890 l&rsquo;Acad\u00e9mie Julian, o\u00f9 il fr\u00e9quente les ateliers de Jules Joseph Lefebvre, Th\u00e9odore Devilly et Flameng.<br \/>Cette m\u00eame ann\u00e9e, il participe pour la premi\u00e8re fois au Salon.<\/p>\n<p>Henri Royer se passione pour la bretagne<\/p>\n<p>Il y s\u00e9journe r\u00e9guli\u00e8rement jusqu&rsquo;en 1936, deux ans avant sa disparition, r\u00e9sidant d&rsquo;abord \u00e0 Audierne puis \u00e0 Primelin, pr\u00e8s de la chapelle Saint-Tugen<br \/>Contrairement \u00e0 d&rsquo;autres artistes, ce peintre originaire de Lorraine se distingue par son int\u00e9r\u00eat sinc\u00e8re pour les gens, allant au-del\u00e0 du simple pittoresque de leurs costumes traditionnels.<\/p>\n<p>Pour mieux comprendre et repr\u00e9senter la culture bretonne, il apprend m\u00eame le breton.<br \/>Homme de foi et de grande sensibilit\u00e9 spirituelle, Royer trouve un \u00e9cho \u00e0 sa propre ferveur dans les pratiques catholiques encore profond\u00e9ment enracin\u00e9es en Bretagne \u00e0 cette \u00e9poque.<\/p>\n<p>Il privil\u00e9gie dans ses \u0153uvres les sc\u00e8nes de pri\u00e8re intime aux grands rassemblements religieux, tels que les pardons.<br \/>Ses pastels et dessins r\u00e9v\u00e8lent une \u00e9l\u00e9gance et une finesse qui lui valent d&rsquo;\u00eatre compar\u00e9 \u00e0 Ingres.<br \/>Par ailleurs, il s&rsquo;illustre par des portraits remarqu\u00e9s en leur temps.<\/p>\n","protected":false},"excerpt":{"rendered":"<p>Henri Royer 1869-1938<\/p>\n<p>Peintre \u00e9clectique, il excelle dans le genre, le portrait et le paysage. Royer voyage beaucoup, notamment en Am\u00e9rique et \u00e0 travers l&rsquo;Europe, mais c&rsquo;est en Bretagne qu&rsquo;il trouve une v\u00e9ritable patrie artistique.<\/p>\n","protected":false},"featured_media":29779,"template":"","meta":[],"product_brand":[],"product_cat":[],"product_tag":[],"class_list":{"0":"post-29797","1":"product","2":"type-product","3":"status-publish","4":"has-post-thumbnail","6":"description-off","8":"first","9":"instock","10":"shipping-taxable","11":"product-type-simple"},"aioseo_notices":[],"_links":{"self":[{"href":"https:\/\/www.carrerivegauche.com\/fr\/wp-json\/wp\/v2\/product\/29797","targetHints":{"allow":["GET"]}}],"collection":[{"href":"https:\/\/www.carrerivegauche.com\/fr\/wp-json\/wp\/v2\/product"}],"about":[{"href":"https:\/\/www.carrerivegauche.com\/fr\/wp-json\/wp\/v2\/types\/product"}],"wp:featuredmedia":[{"embeddable":true,"href":"https:\/\/www.carrerivegauche.com\/fr\/wp-json\/wp\/v2\/media\/29779"}],"wp:attachment":[{"href":"https:\/\/www.carrerivegauche.com\/fr\/wp-json\/wp\/v2\/media?parent=29797"}],"wp:term":[{"taxonomy":"product_brand","embeddable":true,"href":"https:\/\/www.carrerivegauche.com\/fr\/wp-json\/wp\/v2\/product_brand?post=29797"},{"taxonomy":"product_cat","embeddable":true,"href":"https:\/\/www.carrerivegauche.com\/fr\/wp-json\/wp\/v2\/product_cat?post=29797"},{"taxonomy":"product_tag","embeddable":true,"href":"https:\/\/www.carrerivegauche.com\/fr\/wp-json\/wp\/v2\/product_tag?post=29797"}],"curies":[{"name":"wp","href":"https:\/\/api.w.org\/{rel}","templated":true}]}}