 

{"id":29774,"date":"2024-12-10T12:52:18","date_gmt":"2024-12-10T11:52:18","guid":{"rendered":"https:\/\/www.carrerivegauche.com\/boutique-crg\/huile-sur-toile-interieur-de-salon-par-jehan-frison\/"},"modified":"2024-12-10T13:09:51","modified_gmt":"2024-12-10T12:09:51","slug":"huile-sur-toile-interieur-de-salon-par-jehan-frison","status":"publish","type":"product","link":"https:\/\/www.carrerivegauche.com\/fr\/boutique-crg\/huile-sur-toile-interieur-de-salon-par-jehan-frison\/","title":{"rendered":"Huile sur toile, Int\u00e9rieur de salon par Jehan FRISON"},"content":{"rendered":"<p>Rapidement, Frison se rapproche d&rsquo;artistes rejetant les conventions rigides de l&rsquo;acad\u00e9mie et la politique restrictive des salons officiels.<\/p>\n<p>Il s&rsquo;investit dans l&rsquo;Atelier libre \u00ab\u00a0L&rsquo;Effort\u00a0\u00bb, fond\u00e9 par le peintre fauve Auguste Oleffe, avec qui il tisse des liens d&rsquo;amiti\u00e9 influen\u00e7ant une partie de son \u0153uvre.<\/p>\n<p>Comme nombre de ses contemporains, Frison voyage et expose \u00e0 l&rsquo;\u00e9tranger, notamment en Angleterre, en Italie, au Maroc et en France, o\u00f9 les mouvements post-impressionnistes et nabis le marque profond\u00e9ment.<\/p>\n<p>Jehan Frison \u00e0 une touche libre \u00e0 la p\u00e2te abondante, qui se rapproche de celle des nabis, avec cependant des couleurs plus franches. <br \/>Il s\u2019\u00e9panouit pleinement dans els sc\u00e8nes d\u2019int\u00e9rieur comme la notre.<\/p>\n<p>Figure majeure du renouveau artistique belge de l&rsquo;entre-deux-guerres, il a laiss\u00e9 une empreinte durable, ses \u0153uvres figurent aujourd&rsquo;hui dans de prestigieux<\/p>\n","protected":false},"excerpt":{"rendered":"<p>Jehan Frison 1882-1961<\/p>\n<p>Jehan Frison, artiste belge aux multiples talents, s&rsquo;est illustr\u00e9 en tant que peintre, aquafortiste, dessinateur, sculpteur sur bois et graveur.<\/p>\n<p>Il d\u00e9bute ses \u00e9tudes artistiques \u00e0 l&rsquo;Acad\u00e9mie Saint-Joseph de Josse-ten-Noode avant de poursuivre, de 1896 \u00e0 1902, une formation \u00e0 l&rsquo;Acad\u00e9mie des Beaux-Arts de Bruxelles.<\/p>\n","protected":false},"featured_media":29759,"template":"","meta":[],"product_brand":[],"product_cat":[],"product_tag":[],"class_list":{"0":"post-29774","1":"product","2":"type-product","3":"status-publish","4":"has-post-thumbnail","6":"description-off","8":"first","9":"instock","10":"shipping-taxable","11":"product-type-simple"},"aioseo_notices":[],"_links":{"self":[{"href":"https:\/\/www.carrerivegauche.com\/fr\/wp-json\/wp\/v2\/product\/29774","targetHints":{"allow":["GET"]}}],"collection":[{"href":"https:\/\/www.carrerivegauche.com\/fr\/wp-json\/wp\/v2\/product"}],"about":[{"href":"https:\/\/www.carrerivegauche.com\/fr\/wp-json\/wp\/v2\/types\/product"}],"wp:featuredmedia":[{"embeddable":true,"href":"https:\/\/www.carrerivegauche.com\/fr\/wp-json\/wp\/v2\/media\/29759"}],"wp:attachment":[{"href":"https:\/\/www.carrerivegauche.com\/fr\/wp-json\/wp\/v2\/media?parent=29774"}],"wp:term":[{"taxonomy":"product_brand","embeddable":true,"href":"https:\/\/www.carrerivegauche.com\/fr\/wp-json\/wp\/v2\/product_brand?post=29774"},{"taxonomy":"product_cat","embeddable":true,"href":"https:\/\/www.carrerivegauche.com\/fr\/wp-json\/wp\/v2\/product_cat?post=29774"},{"taxonomy":"product_tag","embeddable":true,"href":"https:\/\/www.carrerivegauche.com\/fr\/wp-json\/wp\/v2\/product_tag?post=29774"}],"curies":[{"name":"wp","href":"https:\/\/api.w.org\/{rel}","templated":true}]}}