 

{"id":29758,"date":"2024-12-10T12:29:01","date_gmt":"2024-12-10T11:29:01","guid":{"rendered":"https:\/\/www.carrerivegauche.com\/boutique-crg\/huile-sur-panneau-jardin-ensoleille-par-augustin-carrera\/"},"modified":"2024-12-10T12:33:59","modified_gmt":"2024-12-10T11:33:59","slug":"huile-sur-panneau-jardin-ensoleille-par-augustin-carrera","status":"publish","type":"product","link":"https:\/\/www.carrerivegauche.com\/fr\/boutique-crg\/huile-sur-panneau-jardin-ensoleille-par-augustin-carrera\/","title":{"rendered":"Huile sur panneau, Jardin ensoleill\u00e9 par Augustin Carrera"},"content":{"rendered":"<p><\/p>\n","protected":false},"excerpt":{"rendered":"<p>Augustin CARRERA 1878-1952<\/p>\n<p>Pr\u00e9sent d\u00e8s 1890 dans les grands Salons et galeries de renom, ses peintures retiennent l\u2019attention des critiques, des collectionneurs et de l\u2019Etat<\/p>\n<p>Ses excursions dans les mus\u00e9es, o\u00f9 il admire C\u00e9zanne, Gauguin et Seurat, s\u2019entrechoquent avec ses premi\u00e8res influences<br \/>Monet et Pissarro, permettant \u00e0 ce jeune artiste d\u2019exp\u00e9rimenter une voie nouvelle pour s\u00e9duire le public.<\/p>\n","protected":false},"featured_media":29746,"template":"","meta":[],"product_brand":[],"product_cat":[],"product_tag":[],"class_list":{"0":"post-29758","1":"product","2":"type-product","3":"status-publish","4":"has-post-thumbnail","6":"description-off","8":"first","9":"instock","10":"shipping-taxable","11":"purchasable","12":"product-type-simple"},"aioseo_notices":[],"_links":{"self":[{"href":"https:\/\/www.carrerivegauche.com\/fr\/wp-json\/wp\/v2\/product\/29758","targetHints":{"allow":["GET"]}}],"collection":[{"href":"https:\/\/www.carrerivegauche.com\/fr\/wp-json\/wp\/v2\/product"}],"about":[{"href":"https:\/\/www.carrerivegauche.com\/fr\/wp-json\/wp\/v2\/types\/product"}],"wp:featuredmedia":[{"embeddable":true,"href":"https:\/\/www.carrerivegauche.com\/fr\/wp-json\/wp\/v2\/media\/29746"}],"wp:attachment":[{"href":"https:\/\/www.carrerivegauche.com\/fr\/wp-json\/wp\/v2\/media?parent=29758"}],"wp:term":[{"taxonomy":"product_brand","embeddable":true,"href":"https:\/\/www.carrerivegauche.com\/fr\/wp-json\/wp\/v2\/product_brand?post=29758"},{"taxonomy":"product_cat","embeddable":true,"href":"https:\/\/www.carrerivegauche.com\/fr\/wp-json\/wp\/v2\/product_cat?post=29758"},{"taxonomy":"product_tag","embeddable":true,"href":"https:\/\/www.carrerivegauche.com\/fr\/wp-json\/wp\/v2\/product_tag?post=29758"}],"curies":[{"name":"wp","href":"https:\/\/api.w.org\/{rel}","templated":true}]}}