 

{"id":29745,"date":"2024-12-10T12:25:40","date_gmt":"2024-12-10T11:25:40","guid":{"rendered":"https:\/\/www.carrerivegauche.com\/boutique-crg\/huile-sur-toile-nature-morte-au-chat-par-albert-bergevin\/"},"modified":"2024-12-10T12:25:40","modified_gmt":"2024-12-10T11:25:40","slug":"huile-sur-toile-nature-morte-au-chat-par-albert-bergevin","status":"publish","type":"product","link":"https:\/\/www.carrerivegauche.com\/fr\/boutique-crg\/huile-sur-toile-nature-morte-au-chat-par-albert-bergevin\/","title":{"rendered":"Huile sur toile, Nature-morte au chat par Albert Bergevin"},"content":{"rendered":"<p>Durant l\u2019apr\u00e8s-guerre, il exposa \u00e0 nouveau et r\u00e9guli\u00e8rement au Salon d\u2019Automne et au Salon des Ind\u00e9pendants, ainsi qu\u2019\u00e0 l \u00bb\u00e9tranger (au Japon, notamment).<\/p>\n<p>En 1928, Bergevin revint dans sa ville natale et s\u2019y installa d\u00e9finitivement, avec son \u00e9pouse<\/p>\n<p>Sa peinture franche et d\u00e9li\u00e9e s\u2019inscrit dans le mouvement postimpressionniste : tr\u00e8s inspir\u00e9s par els grands noms de son \u00e9poque.<\/p>\n<p><\/p>\n<p><\/p>\n","protected":false},"excerpt":{"rendered":"<p>Albert Bergevin 1887-1974<\/p>\n<p><\/p>\n<p>Fils d\u2019antiquaire, Albert Bergevin il n\u00e9 \u00e0 Avranches en normandie.<\/p>\n<p><\/p>\n<p>\u00c0 partir de 1903, il s\u00e9journa r\u00e9guli\u00e8rement \u00e0 Paris o\u00f9 il suivit les cours de Louis Lavalley (Prix de Rome), de Julian, de Ranson et encore ceux de l\u2019\u00c9cole des Beaux-Arts<\/p>\n<p>Gr\u00e2ce aux enseignements de Maurice Denis et de Paul S\u00e9rusier, il c\u00f4toya les grands noms de la peinture du d\u00e9but du XXe si\u00e8cle. Il exposa au Salon d\u2019Automne, ainsi qu\u2019au Salon des Ind\u00e9pendants en 1910.<\/p>\n","protected":false},"featured_media":29727,"template":"","meta":[],"product_brand":[],"product_cat":[],"product_tag":[],"class_list":{"0":"post-29745","1":"product","2":"type-product","3":"status-publish","4":"has-post-thumbnail","6":"description-off","8":"first","9":"instock","10":"shipping-taxable","11":"purchasable","12":"product-type-simple"},"aioseo_notices":[],"_links":{"self":[{"href":"https:\/\/www.carrerivegauche.com\/fr\/wp-json\/wp\/v2\/product\/29745","targetHints":{"allow":["GET"]}}],"collection":[{"href":"https:\/\/www.carrerivegauche.com\/fr\/wp-json\/wp\/v2\/product"}],"about":[{"href":"https:\/\/www.carrerivegauche.com\/fr\/wp-json\/wp\/v2\/types\/product"}],"wp:featuredmedia":[{"embeddable":true,"href":"https:\/\/www.carrerivegauche.com\/fr\/wp-json\/wp\/v2\/media\/29727"}],"wp:attachment":[{"href":"https:\/\/www.carrerivegauche.com\/fr\/wp-json\/wp\/v2\/media?parent=29745"}],"wp:term":[{"taxonomy":"product_brand","embeddable":true,"href":"https:\/\/www.carrerivegauche.com\/fr\/wp-json\/wp\/v2\/product_brand?post=29745"},{"taxonomy":"product_cat","embeddable":true,"href":"https:\/\/www.carrerivegauche.com\/fr\/wp-json\/wp\/v2\/product_cat?post=29745"},{"taxonomy":"product_tag","embeddable":true,"href":"https:\/\/www.carrerivegauche.com\/fr\/wp-json\/wp\/v2\/product_tag?post=29745"}],"curies":[{"name":"wp","href":"https:\/\/api.w.org\/{rel}","templated":true}]}}