 

{"id":29570,"date":"2024-12-03T18:04:38","date_gmt":"2024-12-03T17:04:38","guid":{"rendered":"https:\/\/www.carrerivegauche.com\/boutique-crg\/paire-dappliques-en-bronze-dore-depoque-regence\/"},"modified":"2024-12-03T18:05:27","modified_gmt":"2024-12-03T17:05:27","slug":"paire-dappliques-en-bronze-dore-depoque-regence","status":"publish","type":"product","link":"https:\/\/www.carrerivegauche.com\/fr\/boutique-crg\/paire-dappliques-en-bronze-dore-depoque-regence\/","title":{"rendered":"Paire d&rsquo;appliques en bronze dor\u00e9 d&rsquo;\u00e9poque R\u00e9gence"},"content":{"rendered":"<p><b>Pair of Regency Period Gilt Bronze sconces<\/b><\/p>\n<p><strong>Dimensions: H 33.5 cm x W 26 cm x D 17 cm<\/strong><\/p>\n<p>Very beautiful pair of gilt bronze sconces with two arms of light. Decorated with acanthus leaves in intertwining scrolls, they are distinguished by their elegance of movement and the fine work of carving.<\/p>\n<p>The bob\u00e8ches are finely worked on both sides in relief, with bouquets of moving acanthus leaves, which underlines the visual harmony of this lighting. They are topped with binets with a spiral foliage base.<\/p>\n<p>Regency period work in its beautiful original gilding<\/p>\n<p>Restoration of use and maintenance<\/p>\n<div data-cke-filler-webkit=\"end\" data-cke-temp=\"1\" style=\"width: 0px;height: 0px;padding: 0px;border: 0px;margin: 0px;position: absolute;top: 0px;left: -9999px;overflow: hidden\" data-mce-style=\"width: 0px; height: 0px; padding: 0px; border: 0px; margin: 0px; position: absolute; top: 0px; left: -9999px; overflow: hidden;\"><\/div>\n","protected":false},"excerpt":{"rendered":"<p>Dimensions\u00a0 : H\u00a0 33,5 cm\u00a0 x L 26 cm x P 17 cm<\/p>\n<p>Paire d&rsquo;appliques en bronze dor\u00e9 \u00e0 deux bras de lumi\u00e8re. A d\u00e9cor de feuilles d&rsquo;acanthe en volutes qui s&rsquo;entrelacent, elles se distinguent par leur \u00e9l\u00e9gance de mouvements et le fin travail de ciselures.<\/p>\n<p>Les bob\u00e8ches sont finement travaill\u00e9es des deux c\u00f4t\u00e9s en relief, de bouquets de feuilles d&rsquo;acanthe mouvement\u00e9es, ce qui souligne l&rsquo;harmonie visuelle de ce luminaire. Elles sont\u00a0 surmont\u00e9s de binets avec une base feuillag\u00e9e en spiral.<\/p>\n<p>Travail d&rsquo;\u00e9poque R\u00e9gence dans sa belle dorure d&rsquo;origine<\/p>\n<p>Restauration d&rsquo;usage et d&rsquo;entretien<\/p>\n","protected":false},"featured_media":29534,"template":"","meta":[],"product_brand":[],"product_cat":[],"product_tag":[],"class_list":{"0":"post-29570","1":"product","2":"type-product","3":"status-publish","4":"has-post-thumbnail","6":"description-off","8":"first","9":"instock","10":"shipping-taxable","11":"product-type-simple"},"aioseo_notices":[],"_links":{"self":[{"href":"https:\/\/www.carrerivegauche.com\/fr\/wp-json\/wp\/v2\/product\/29570","targetHints":{"allow":["GET"]}}],"collection":[{"href":"https:\/\/www.carrerivegauche.com\/fr\/wp-json\/wp\/v2\/product"}],"about":[{"href":"https:\/\/www.carrerivegauche.com\/fr\/wp-json\/wp\/v2\/types\/product"}],"wp:featuredmedia":[{"embeddable":true,"href":"https:\/\/www.carrerivegauche.com\/fr\/wp-json\/wp\/v2\/media\/29534"}],"wp:attachment":[{"href":"https:\/\/www.carrerivegauche.com\/fr\/wp-json\/wp\/v2\/media?parent=29570"}],"wp:term":[{"taxonomy":"product_brand","embeddable":true,"href":"https:\/\/www.carrerivegauche.com\/fr\/wp-json\/wp\/v2\/product_brand?post=29570"},{"taxonomy":"product_cat","embeddable":true,"href":"https:\/\/www.carrerivegauche.com\/fr\/wp-json\/wp\/v2\/product_cat?post=29570"},{"taxonomy":"product_tag","embeddable":true,"href":"https:\/\/www.carrerivegauche.com\/fr\/wp-json\/wp\/v2\/product_tag?post=29570"}],"curies":[{"name":"wp","href":"https:\/\/api.w.org\/{rel}","templated":true}]}}